{"id":9,"date":"2016-07-12T15:34:02","date_gmt":"2016-07-12T13:34:02","guid":{"rendered":"http:\/\/www.eva-siegsdorf.de\/wordpress2\/index.php\/ausbildung\/"},"modified":"2026-03-24T17:30:34","modified_gmt":"2026-03-24T16:30:34","slug":"ausbildung","status":"publish","type":"page","link":"https:\/\/www.eva-siegsdorf.de\/wordpress2\/?page_id=9","title":{"rendered":"AUSBILDUNG"},"content":{"rendered":"<h4>Ausbildung bei der Vogling &amp; Angrenzer Dienstleistungs GmbH<\/h4>\r\n<a href=\"http:\/\/www.eva-siegsdorf.de\/wordpress2\/wp-content\/uploads\/2016\/07\/EVA-GmbH-Textfoto-Ausbildung.jpg\"><img loading=\"lazy\" decoding=\"async\" src=\"http:\/\/www.eva-siegsdorf.de\/wordpress2\/wp-content\/uploads\/2016\/07\/EVA-GmbH-Textfoto-Ausbildung-300x255.jpg\" class=\"wpimgload alignright wp-image-242 size-medium\" height=\"255\" width=\"300\" srcset=\"https:\/\/www.eva-siegsdorf.de\/wordpress2\/wp-content\/uploads\/2016\/07\/EVA-GmbH-Textfoto-Ausbildung-300x255.jpg 300w, https:\/\/www.eva-siegsdorf.de\/wordpress2\/wp-content\/uploads\/2016\/07\/EVA-GmbH-Textfoto-Ausbildung-768x653.jpg 768w, https:\/\/www.eva-siegsdorf.de\/wordpress2\/wp-content\/uploads\/2016\/07\/EVA-GmbH-Textfoto-Ausbildung-1024x870.jpg 1024w, https:\/\/www.eva-siegsdorf.de\/wordpress2\/wp-content\/uploads\/2016\/07\/EVA-GmbH-Textfoto-Ausbildung.jpg 1200w\" sizes=\"auto, (max-width: 300px) 100vw, 300px\" \/><\/a>Wenn Sie Ihre Berufsausbildung in unserem kunden- und zukunftsorientieren Elektro-installationsunternehmen starten wollen, bieten wir Ihnen hierzu genau die richtige Basis. Als regionaler Elektrofachbetrieb k\u00f6nnen wir Ihnen eine vielseitige Ausbildung als\r\n<h4>Elektroniker\/in Fachrichtung Energie- und Geb\u00e4udetechnik<\/h4>\r\nanbieten. Wenn Sie an diesem Berufsbild interessiert und teamf\u00e4hig sind, \u00fcber ein gutes mechanisches und physikalisches Verst\u00e4ndnis verf\u00fcgen und gerne selbst\u00e4ndig arbeiten wollen, freuen wir uns \u00fcber Ihre aussagef\u00e4hige, schriftliche Bewerbung mit Lebenslauf, Kopien der letzten beiden Zeugnisse und Praktikumsbescheinigungen (falls vorhanden) an die Vogling &amp; Angrenzer Dienstleistungs GmbH, z. Hd. Ausbilder\r\nHerr Josef Mayer, H\u00f6pfling 2, 83313 Siegsdorf.\r\ne-Mail: eva@eva-siegsdorf.de","protected":false},"excerpt":{"rendered":"<p>Ausbildung bei der Vogling &amp; Angrenzer Dienstleistungs GmbH Wenn Sie Ihre Berufsausbildung in unserem kunden- und zukunftsorientieren Elektro-installationsunternehmen starten wollen, bieten wir Ihnen hierzu genau die richtige Basis. Als regionaler Elektrofachbetrieb k\u00f6nnen wir Ihnen eine vielseitige Ausbildung als Elektroniker\/in Fachrichtung Energie- und Geb\u00e4udetechnik anbieten. Wenn Sie an diesem Berufsbild interessiert und teamf\u00e4hig sind, \u00fcber ein [&hellip;]<\/p>\n","protected":false},"author":1,"featured_media":0,"parent":0,"menu_order":4,"comment_status":"closed","ping_status":"closed","template":"","meta":{"ngg_post_thumbnail":0,"footnotes":""},"class_list":["post-9","page","type-page","status-publish","hentry"],"_links":{"self":[{"href":"https:\/\/www.eva-siegsdorf.de\/wordpress2\/index.php?rest_route=\/wp\/v2\/pages\/9","targetHints":{"allow":["GET"]}}],"collection":[{"href":"https:\/\/www.eva-siegsdorf.de\/wordpress2\/index.php?rest_route=\/wp\/v2\/pages"}],"about":[{"href":"https:\/\/www.eva-siegsdorf.de\/wordpress2\/index.php?rest_route=\/wp\/v2\/types\/page"}],"author":[{"embeddable":true,"href":"https:\/\/www.eva-siegsdorf.de\/wordpress2\/index.php?rest_route=\/wp\/v2\/users\/1"}],"replies":[{"embeddable":true,"href":"https:\/\/www.eva-siegsdorf.de\/wordpress2\/index.php?rest_route=%2Fwp%2Fv2%2Fcomments&post=9"}],"version-history":[{"count":10,"href":"https:\/\/www.eva-siegsdorf.de\/wordpress2\/index.php?rest_route=\/wp\/v2\/pages\/9\/revisions"}],"predecessor-version":[{"id":811,"href":"https:\/\/www.eva-siegsdorf.de\/wordpress2\/index.php?rest_route=\/wp\/v2\/pages\/9\/revisions\/811"}],"wp:attachment":[{"href":"https:\/\/www.eva-siegsdorf.de\/wordpress2\/index.php?rest_route=%2Fwp%2Fv2%2Fmedia&parent=9"}],"curies":[{"name":"wp","href":"https:\/\/api.w.org\/{rel}","templated":true}]}}