{"id":8,"date":"2016-07-12T15:34:02","date_gmt":"2016-07-12T13:34:02","guid":{"rendered":"http:\/\/www.eva-siegsdorf.de\/wordpress2\/index.php\/elektrotechnik\/"},"modified":"2016-08-03T11:49:13","modified_gmt":"2016-08-03T09:49:13","slug":"elektrotechnik","status":"publish","type":"page","link":"https:\/\/www.eva-siegsdorf.de\/wordpress2\/?page_id=8","title":{"rendered":"ELEKTROTECHNIK"},"content":{"rendered":"Gerade ein regional t\u00e4tiges Elektroinstallationsunternehmen sollte eine gro\u00dfe Leistungspalette beherrschen und \u00fcber ein fachkundiges Mitarbeiterteam verf\u00fcgen. Denn auf der einen Seite wollen Sie umfassend bei allen Fragen zur sinnvollen Anwendung von Strom kompetent beraten werden und auf der anderen Seite m\u00fcssen Sie sich darauf verlassen k\u00f6nnen, dass Ihre Anforderungen und W\u00fcnsche technisch qualifiziert umgesetzt werden. Ein m\u00f6glichst umfangreiches Angebot an stromsparenden Elektroger\u00e4ten, moderne L\u00f6sungen im Smart Home-Bereich sowie ein faires Preis-Leistungsverh\u00e4ltnis insgesamt sollten das Ganze noch abrunden. Wir sind stolz darauf, Ihnen all dies bei der EVA GmbH bieten zu k\u00f6nnen.<br \/><br \/><div id=\"accordion-1\" class=\"accordion no-js\"><br \/>\n\t\t\t\t\t<h3 role=\"button\" id=\"accordion-1-t1\" class=\"accordion-title js-accordion-controller\" aria-controls=\"accordion-1-c1\" aria-expanded=\"false\" tabindex=\"0\">\n\t\t\t\tElektroinstallation\t\t\t<\/h3>\n\t\t\n\t\t<div id=\"accordion-1-c1\" class=\"accordion-content\" aria-hidden=\"true\">\n\t\t\t<b>Hauselektrik<\/b><br \/><a href=\"http:\/\/www.eva-siegsdorf.de\/wordpress2\/wp-content\/uploads\/2016\/07\/EVA-GmbH-Textfoto-Hauelektrik1.jpg\"><img loading=\"lazy\" decoding=\"async\" width=\"300\" height=\"255\" class=\"wpimgload alignright wp-image-198 size-medium\" src=\"http:\/\/www.eva-siegsdorf.de\/wordpress2\/wp-content\/uploads\/2016\/07\/EVA-GmbH-Textfoto-Hauelektrik1-300x255.jpg\" srcset=\"https:\/\/www.eva-siegsdorf.de\/wordpress2\/wp-content\/uploads\/2016\/07\/EVA-GmbH-Textfoto-Hauelektrik1-300x255.jpg 300w, https:\/\/www.eva-siegsdorf.de\/wordpress2\/wp-content\/uploads\/2016\/07\/EVA-GmbH-Textfoto-Hauelektrik1-768x653.jpg 768w, https:\/\/www.eva-siegsdorf.de\/wordpress2\/wp-content\/uploads\/2016\/07\/EVA-GmbH-Textfoto-Hauelektrik1-1024x870.jpg 1024w, https:\/\/www.eva-siegsdorf.de\/wordpress2\/wp-content\/uploads\/2016\/07\/EVA-GmbH-Textfoto-Hauelektrik1.jpg 1200w\" sizes=\"auto, (max-width: 300px) 100vw, 300px\" \/><\/a>Wir unterst\u00fctzen Sie gerne bei der Planung bis hin zur Umsetzung der gesamten Elektroinstallation in Ihrem Altbau oder Neubau, sowie bei der Modernisierung bestehender Anlagen. Unsere Elektro-Meister gehen auf Ihre indviduellen W\u00fcnsche und Bed\u00fcrfnisse in Sachen elektrischer Anlagen umfassend ein.<br \/><br \/><br \/><br \/><br \/><br \/><strong>Industriegeb\u00e4udeinstallation<\/strong> <br \/><a href=\"http:\/\/www.eva-siegsdorf.de\/wordpress2\/wp-content\/uploads\/2016\/07\/EVA-GmbH-Textfoto-Hauelektrik2.jpg\"><img loading=\"lazy\" decoding=\"async\" width=\"300\" height=\"255\" class=\"wpimgload alignright wp-image-200 size-medium\" src=\"http:\/\/www.eva-siegsdorf.de\/wordpress2\/wp-content\/uploads\/2016\/07\/EVA-GmbH-Textfoto-Hauelektrik2-300x255.jpg\" srcset=\"https:\/\/www.eva-siegsdorf.de\/wordpress2\/wp-content\/uploads\/2016\/07\/EVA-GmbH-Textfoto-Hauelektrik2-300x255.jpg 300w, https:\/\/www.eva-siegsdorf.de\/wordpress2\/wp-content\/uploads\/2016\/07\/EVA-GmbH-Textfoto-Hauelektrik2-768x653.jpg 768w, https:\/\/www.eva-siegsdorf.de\/wordpress2\/wp-content\/uploads\/2016\/07\/EVA-GmbH-Textfoto-Hauelektrik2-1024x870.jpg 1024w, https:\/\/www.eva-siegsdorf.de\/wordpress2\/wp-content\/uploads\/2016\/07\/EVA-GmbH-Textfoto-Hauelektrik2.jpg 1200w\" sizes=\"auto, (max-width: 300px) 100vw, 300px\" \/><\/a>Bei Industrieanlagen mit hoher Leistung steht eine sichere sowie dauerhaft zuverl\u00e4ssige Elektroinstallation an erster Stelle. Mit uns, als einen starken Partner, steht Ihnen eine kompetente Unterst\u00fctzung im Bereich Elektrotechnik zur Seite.<br \/><br \/><br \/><br \/><br \/><br \/><br \/><strong>Beleuchtung<\/strong> <br \/><a href=\"http:\/\/www.eva-siegsdorf.de\/wordpress2\/wp-content\/uploads\/2016\/07\/EVA-GmbH-Textfoto-Hauelektrik3.jpg\"><img loading=\"lazy\" decoding=\"async\" width=\"300\" height=\"255\" class=\"wpimgload alignright wp-image-202 size-medium\" src=\"http:\/\/www.eva-siegsdorf.de\/wordpress2\/wp-content\/uploads\/2016\/07\/EVA-GmbH-Textfoto-Hauelektrik3-300x255.jpg\" srcset=\"https:\/\/www.eva-siegsdorf.de\/wordpress2\/wp-content\/uploads\/2016\/07\/EVA-GmbH-Textfoto-Hauelektrik3-300x255.jpg 300w, https:\/\/www.eva-siegsdorf.de\/wordpress2\/wp-content\/uploads\/2016\/07\/EVA-GmbH-Textfoto-Hauelektrik3-768x653.jpg 768w, https:\/\/www.eva-siegsdorf.de\/wordpress2\/wp-content\/uploads\/2016\/07\/EVA-GmbH-Textfoto-Hauelektrik3-1024x870.jpg 1024w, https:\/\/www.eva-siegsdorf.de\/wordpress2\/wp-content\/uploads\/2016\/07\/EVA-GmbH-Textfoto-Hauelektrik3.jpg 1200w\" sizes=\"auto, (max-width: 300px) 100vw, 300px\" \/><\/a>Mit der optimalen Beleuchtung l\u00e4sst sich in Ihrem Wohnraum sowie im Au\u00dfenbereich eine besondere Atmosph\u00e4re schaffen. Durch eine sinnvolle Positionierung sowie die Wahl der richtigen Lampen sorgen wir f\u00fcr ein energiesparendes Beleuchtungskonzept. Auch bei der Umr\u00fcstung auf sparsamere LED-Leuchten stehen wir Ihnen gerne zur Seite.<br \/><br \/><br \/><br \/><br \/><strong><br \/>Sat- und Netzwerkverkabelung<\/strong> <br \/><a href=\"http:\/\/www.eva-siegsdorf.de\/wordpress2\/wp-content\/uploads\/2016\/07\/EVA-GmbH-Textfoto-Hauelektrik4.jpg\"><img loading=\"lazy\" decoding=\"async\" width=\"300\" height=\"255\" class=\"wpimgload alignright wp-image-203 size-medium\" src=\"http:\/\/www.eva-siegsdorf.de\/wordpress2\/wp-content\/uploads\/2016\/07\/EVA-GmbH-Textfoto-Hauelektrik4-300x255.jpg\" srcset=\"https:\/\/www.eva-siegsdorf.de\/wordpress2\/wp-content\/uploads\/2016\/07\/EVA-GmbH-Textfoto-Hauelektrik4-300x255.jpg 300w, https:\/\/www.eva-siegsdorf.de\/wordpress2\/wp-content\/uploads\/2016\/07\/EVA-GmbH-Textfoto-Hauelektrik4-768x653.jpg 768w, https:\/\/www.eva-siegsdorf.de\/wordpress2\/wp-content\/uploads\/2016\/07\/EVA-GmbH-Textfoto-Hauelektrik4-1024x870.jpg 1024w, https:\/\/www.eva-siegsdorf.de\/wordpress2\/wp-content\/uploads\/2016\/07\/EVA-GmbH-Textfoto-Hauelektrik4.jpg 1200w\" sizes=\"auto, (max-width: 300px) 100vw, 300px\" \/><\/a>Von der fachgerechten Planung \u00fcber die Auswahl der richtigen Produktkomponenten bis zur optimalen Installation und Verkabelung sorgen wir f\u00fcr die richtige L\u00f6sung, abgestimmt auf Ihre Bed\u00fcrfnisse.<br \/><br \/><br \/><br \/><br \/><br \/><br \/><strong>Sprechanlagen<\/strong> <br \/><a href=\"http:\/\/www.eva-siegsdorf.de\/wordpress2\/wp-content\/uploads\/2016\/07\/EVA-GmbH-Textfoto-Hauelektrik5.jpg\"><img loading=\"lazy\" decoding=\"async\" width=\"300\" height=\"255\" class=\"wpimgload alignright wp-image-205 size-medium\" src=\"http:\/\/www.eva-siegsdorf.de\/wordpress2\/wp-content\/uploads\/2016\/07\/EVA-GmbH-Textfoto-Hauelektrik5-300x255.jpg\" srcset=\"https:\/\/www.eva-siegsdorf.de\/wordpress2\/wp-content\/uploads\/2016\/07\/EVA-GmbH-Textfoto-Hauelektrik5-300x255.jpg 300w, https:\/\/www.eva-siegsdorf.de\/wordpress2\/wp-content\/uploads\/2016\/07\/EVA-GmbH-Textfoto-Hauelektrik5-768x653.jpg 768w, https:\/\/www.eva-siegsdorf.de\/wordpress2\/wp-content\/uploads\/2016\/07\/EVA-GmbH-Textfoto-Hauelektrik5-1024x870.jpg 1024w, https:\/\/www.eva-siegsdorf.de\/wordpress2\/wp-content\/uploads\/2016\/07\/EVA-GmbH-Textfoto-Hauelektrik5.jpg 1200w\" sizes=\"auto, (max-width: 300px) 100vw, 300px\" \/><\/a>Auf Knopfdruck zu wissen, wer vor der T\u00fcr steht, ist nicht nur eine Frage von Komfort. Es ist auch eine Frage von Sicherheit. Dazu bieten wir Ihnen verschiedene Audio- oder Video-Systeme von unterschiedlichen Herstellern.<br \/><br \/><br \/><br \/><br \/><br \/><br \/><br \/>\t\t<\/div>\n\n\t\t\n\t\t\t\t\t<h3 role=\"button\" id=\"accordion-1-t2\" class=\"accordion-title js-accordion-controller\" aria-controls=\"accordion-1-c2\" aria-expanded=\"false\" tabindex=\"0\">\n\t\t\t\tSmart Home\t\t\t<\/h3>\n\t\t\n\t\t<div id=\"accordion-1-c2\" class=\"accordion-content\" aria-hidden=\"true\">\n\t\t\t<strong>Smart Home-L\u00f6sungen<\/strong> <br \/><a href=\"http:\/\/www.eva-siegsdorf.de\/wordpress2\/wp-content\/uploads\/2016\/07\/EVA-GmbH-Textfoto-SmartHome.jpg\"><img loading=\"lazy\" decoding=\"async\" width=\"300\" height=\"255\" class=\"wpimgload alignright wp-image-222 size-medium\" src=\"http:\/\/www.eva-siegsdorf.de\/wordpress2\/wp-content\/uploads\/2016\/07\/EVA-GmbH-Textfoto-SmartHome-300x255.jpg\" srcset=\"https:\/\/www.eva-siegsdorf.de\/wordpress2\/wp-content\/uploads\/2016\/07\/EVA-GmbH-Textfoto-SmartHome-300x255.jpg 300w, https:\/\/www.eva-siegsdorf.de\/wordpress2\/wp-content\/uploads\/2016\/07\/EVA-GmbH-Textfoto-SmartHome-768x653.jpg 768w, https:\/\/www.eva-siegsdorf.de\/wordpress2\/wp-content\/uploads\/2016\/07\/EVA-GmbH-Textfoto-SmartHome-1024x870.jpg 1024w, https:\/\/www.eva-siegsdorf.de\/wordpress2\/wp-content\/uploads\/2016\/07\/EVA-GmbH-Textfoto-SmartHome.jpg 1200w\" sizes=\"auto, (max-width: 300px) 100vw, 300px\" \/><\/a>Haushaltsger\u00e4te, die automatisch funktionieren gibt es schon lange. Die Vernetzung intelligenter Ger\u00e4te im Rahmen von SmartHome-L\u00f6sungen geht jedoch weit dar\u00fcber hinaus. Steuern Sie bequem und zentral das gesamte Spektrum an Licht in Ihrem Haus, Ihre Heizk\u00f6rperthermostate, Ihre Klimaanlagen, Ihre motorisierten Jalousien, Ihr Garagentor und vieles mehr. Wenn Sie wollen per Smartphone sogar von unterwegs oder von Ihrem Urlaubsort aus. \u00dcberwachen Sie w\u00e4hrend Ihrer Abwesenheit Ihr gesamtes Anwesen \u00fcber den Monitor Ihres Mobiltelefons oder Tablet-PCs.<br \/><br \/><br \/><br \/><br \/>\t\t<\/div>\n\n\t\t\n\t\t\t\t\t<h3 role=\"button\" id=\"accordion-1-t3\" class=\"accordion-title js-accordion-controller\" aria-controls=\"accordion-1-c3\" aria-expanded=\"false\" tabindex=\"0\">\n\t\t\t\tBrandschutz\t\t\t<\/h3>\n\t\t\n\t\t<div id=\"accordion-1-c3\" class=\"accordion-content\" aria-hidden=\"true\">\n\t\t\t<strong>Brandschutz<\/strong><br \/>Der Brandschutz ist ein wichtiges Thema in der Geb\u00e4udetechnik. Deshalb bieten wir Ihnen die richtige L\u00f6sung f\u00fcr Ihre Bed\u00fcrfnisse, egal ob Privathaushalt oder Firmengeb\u00e4ude.<br \/><br \/><strong>Rauchmelder-Pflicht<\/strong><br \/><a href=\"http:\/\/www.eva-siegsdorf.de\/wordpress2\/wp-content\/uploads\/2016\/07\/Brandmelder-neu.jpg\"><img loading=\"lazy\" decoding=\"async\" width=\"300\" height=\"200\" class=\"wpimgload alignright wp-image-618 size-medium\" src=\"http:\/\/www.eva-siegsdorf.de\/wordpress2\/wp-content\/uploads\/2016\/07\/Brandmelder-neu-300x200.jpg\" srcset=\"https:\/\/www.eva-siegsdorf.de\/wordpress2\/wp-content\/uploads\/2016\/07\/Brandmelder-neu-300x200.jpg 300w, https:\/\/www.eva-siegsdorf.de\/wordpress2\/wp-content\/uploads\/2016\/07\/Brandmelder-neu-768x512.jpg 768w, https:\/\/www.eva-siegsdorf.de\/wordpress2\/wp-content\/uploads\/2016\/07\/Brandmelder-neu-1024x683.jpg 1024w, https:\/\/www.eva-siegsdorf.de\/wordpress2\/wp-content\/uploads\/2016\/07\/Brandmelder-neu.jpg 1200w\" sizes=\"auto, (max-width: 300px) 100vw, 300px\" \/><\/a>Die Rauchwarnmelder-Pflicht ist in der Landesbauordnung verankert. In Bayern gilt die Einbaupflicht f\u00fcr Neu- und Umbau seit Januar 2013, f\u00fcr Bestandsimmobilien ist nur noch Zeit bis 31.Dez. 2017. Grunds\u00e4tzlich m\u00fcssen in Wohnungen Schlafr\u00e4ume und Kinderzimmer sowie Flure, \u00fcber die Rettungswege von Aufenthaltsr\u00e4umen f\u00fchren, jeweils mindestens einen Rauchwarnmelder aufweisen. Die Rauchwarnmelder m\u00fcssen so eingebaut und betrieben werden, dass Brandrauch fr\u00fchzeitig erkannt und gemeldet wird. In der DIN-Norm 14676 sind die Mindestanforderungen f\u00fcr Planung, Einbau, Betrieb und Instandhaltung von Rauchmeldern in Wohnh\u00e4usern festgelegt. Demnach sind nur Rauchwarnmelder der Ger\u00e4tenorm DIN EN 14604 zul\u00e4ssig. In Bayern hat f\u00fcr die Montage der Rauchwarnmelder der Eigent\u00fcmer Sorge zu tragen.<br \/><br \/><strong>Brandschutzschalter<\/strong><br \/><a href=\"http:\/\/www.eva-siegsdorf.de\/wordpress2\/wp-content\/uploads\/2016\/07\/EVA-GmbH-Textfoto-Brandschutz-2-1.jpg\"><img loading=\"lazy\" decoding=\"async\" width=\"300\" height=\"255\" class=\"wpimgload alignright wp-image-360 size-medium\" src=\"http:\/\/www.eva-siegsdorf.de\/wordpress2\/wp-content\/uploads\/2016\/07\/EVA-GmbH-Textfoto-Brandschutz-2-1-300x255.jpg\" srcset=\"https:\/\/www.eva-siegsdorf.de\/wordpress2\/wp-content\/uploads\/2016\/07\/EVA-GmbH-Textfoto-Brandschutz-2-1-300x255.jpg 300w, https:\/\/www.eva-siegsdorf.de\/wordpress2\/wp-content\/uploads\/2016\/07\/EVA-GmbH-Textfoto-Brandschutz-2-1-768x653.jpg 768w, https:\/\/www.eva-siegsdorf.de\/wordpress2\/wp-content\/uploads\/2016\/07\/EVA-GmbH-Textfoto-Brandschutz-2-1-1024x870.jpg 1024w, https:\/\/www.eva-siegsdorf.de\/wordpress2\/wp-content\/uploads\/2016\/07\/EVA-GmbH-Textfoto-Brandschutz-2-1.jpg 1200w\" sizes=\"auto, (max-width: 300px) 100vw, 300px\" \/><\/a><span>Brandschutzschalter erkennen fr\u00fchzeitig gef\u00e4hrliche St\u00f6rungen durch Fehlerlichtb\u00f6gen und schalten sicher betroffene Stromkreise ab, bevor es zu einem Brand kommt.\u00a0<\/span><br \/><br \/>Mit Inkrafttreten der DIN VDE 0100-420\/A1:2016.02 ist der Einbau von Fehlerlichtbogen-Schutzeinrichtungen (AFDD) f\u00fcr bestimmte Anwendungsbereiche <strong>vorgeschrieben<\/strong>. Diese sind vorzusehen in einphasigen Wechselstromkreisen \u226416A:<br \/>&#8211; In Schlaf- oder Aufenthaltsr\u00e4umen von Heimen oder Tageseinrichtungen f\u00fcr Kinder, behinderte oder alte Menschen (z.B.: Kindertagesst\u00e4tten, Seniorenheime)<br \/>&#8211; In Schlaf-oder Aufenthaltsr\u00e4umen von barrierefreien Wohnungen nach DIN 18040-2<br \/>&#8211; In R\u00e4umen oder an Orten mit Brandrisiko durch verarbeitete oder gelagerte Materialien (z.B.: Scheunen, Schreinereien)<br \/>&#8211;\u00a0In Geb\u00e4uden aus vorwiegend brennbaren Baustoffen (z.B.: Holzh\u00e4user)<br \/>&#8211; In R\u00e4umen oder an Orten mit Gef\u00e4hrdung f\u00fcr unersetzbare G\u00fcter (z.B.: Museen)<br \/><br \/>In derselben Norm wird der AFDD f\u00fcr bestimmte Anwendungsbereiche<strong><strong><strong> empfohlen.<\/strong><\/strong><\/strong> In einphasigen Wechselstromkreisen \u226416A:<strong><strong><strong> <\/strong><\/strong><\/strong><br \/>&#8211; In R\u00e4umen mit Schlafgelegenheiten (z.B.: Kinder-, Schlaf-, Hotelzimmer)<br \/>&#8211; In R\u00e4umen oder an Orten mit Feuer verbreitenden Strukturen (z.B.: Kamineffekt in Hochh\u00e4usern)<br \/>&#8211; In Endstromkreisen, die \u00fcber Steckdosen Verbrauchsger\u00e4te mit hoher Anschlussleistung versorgen (z.B.: Waschmaschine, Trockner, Geschirrsp\u00fcler)<br \/><br \/><br \/>\t\t<\/div>\n\n\t\t\n\t\t\t\t\t<h3 role=\"button\" id=\"accordion-1-t4\" class=\"accordion-title js-accordion-controller\" aria-controls=\"accordion-1-c4\" aria-expanded=\"false\" tabindex=\"0\">\n\t\t\t\tMiele-Kundendienst\t\t\t<\/h3>\n\t\t\n\t\t<div id=\"accordion-1-c4\" class=\"accordion-content\" aria-hidden=\"true\">\n\t\t\t<strong>Miele-Kundendienst<\/strong><br \/><a href=\"http:\/\/www.eva-siegsdorf.de\/wordpress2\/wp-content\/uploads\/2016\/07\/Buttonfoto-Miele-KD.jpg\"><img loading=\"lazy\" decoding=\"async\" width=\"300\" height=\"200\" class=\"wpimgload alignright wp-image-107 size-medium\" src=\"http:\/\/www.eva-siegsdorf.de\/wordpress2\/wp-content\/uploads\/2016\/07\/Buttonfoto-Miele-KD-300x200.jpg\" srcset=\"https:\/\/www.eva-siegsdorf.de\/wordpress2\/wp-content\/uploads\/2016\/07\/Buttonfoto-Miele-KD-300x200.jpg 300w, https:\/\/www.eva-siegsdorf.de\/wordpress2\/wp-content\/uploads\/2016\/07\/Buttonfoto-Miele-KD-768x512.jpg 768w, https:\/\/www.eva-siegsdorf.de\/wordpress2\/wp-content\/uploads\/2016\/07\/Buttonfoto-Miele-KD-1024x683.jpg 1024w, https:\/\/www.eva-siegsdorf.de\/wordpress2\/wp-content\/uploads\/2016\/07\/Buttonfoto-Miele-KD.jpg 1200w\" sizes=\"auto, (max-width: 300px) 100vw, 300px\" \/><\/a>Als Miele-Fachhandelspartner beraten wir Sie gerne bei der Neuanschaffung eines energiesparenden Haushaltsger\u00e4tes der Marke Miele. Dar\u00fcber hinaus repr\u00e4sentieren wir einen autorisierten Miele-Kundendienst. Unsere regelm\u00e4\u00dfig von der Firma Miele geschulten Kundendiensttechniker k\u00fcmmern sich um die Wartung und die Reparatur Ihrer Haushaltsger\u00e4te.<br \/><br \/><br \/><br \/><br \/>\t\t<\/div>\n\n\t\t\n\t\t\t\t\t<h3 role=\"button\" id=\"accordion-1-t5\" class=\"accordion-title js-accordion-controller\" aria-controls=\"accordion-1-c5\" aria-expanded=\"false\" tabindex=\"0\">\n\t\t\t\tElektro-Hausger\u00e4te\t\t\t<\/h3>\n\t\t\n\t\t<div id=\"accordion-1-c5\" class=\"accordion-content\" aria-hidden=\"true\">\n\t\t\t<strong>Elektro-Hausger\u00e4te<\/strong><br \/><a href=\"http:\/\/www.eva-siegsdorf.de\/wordpress2\/wp-content\/uploads\/2016\/07\/EVA-GmbH-Textfoto-Elektrogeraete.jpg\"><img loading=\"lazy\" decoding=\"async\" width=\"300\" height=\"255\" class=\"wpimgload alignright wp-image-231 size-medium\" src=\"http:\/\/www.eva-siegsdorf.de\/wordpress2\/wp-content\/uploads\/2016\/07\/EVA-GmbH-Textfoto-Elektrogeraete-300x255.jpg\" srcset=\"https:\/\/www.eva-siegsdorf.de\/wordpress2\/wp-content\/uploads\/2016\/07\/EVA-GmbH-Textfoto-Elektrogeraete-300x255.jpg 300w, https:\/\/www.eva-siegsdorf.de\/wordpress2\/wp-content\/uploads\/2016\/07\/EVA-GmbH-Textfoto-Elektrogeraete-768x653.jpg 768w, https:\/\/www.eva-siegsdorf.de\/wordpress2\/wp-content\/uploads\/2016\/07\/EVA-GmbH-Textfoto-Elektrogeraete-1024x870.jpg 1024w, https:\/\/www.eva-siegsdorf.de\/wordpress2\/wp-content\/uploads\/2016\/07\/EVA-GmbH-Textfoto-Elektrogeraete.jpg 1200w\" sizes=\"auto, (max-width: 300px) 100vw, 300px\" \/><\/a>Als kompetenter Fachh\u00e4ndler f\u00fcr Elektroger\u00e4te verschiedener Marken unterst\u00fctzen wir Sie bei der<br \/>Entscheidung Ihrer Neuanschaffung. Bei der Bestellung von Ger\u00e4ten mit regul\u00e4rer Lieferzeit ist eine Lieferung innerhalb von zwei Werktagen m\u00f6glich. Alle Ger\u00e4te werden kostenlos zu Ihnen geliefert. Unser Kundendiensttechniker k\u00fcmmert sich nach Absprache um die betriebsfertige Montage Ihrer Neuanschaffung sowie um die fachgerechte Entsorgung des Altger\u00e4tes.<br \/><br \/><br \/><br \/><br \/>\t\t<\/div>\n\n\t\t\n\t\t\t\t\t<h3 role=\"button\" id=\"accordion-1-t6\" class=\"accordion-title js-accordion-controller\" aria-controls=\"accordion-1-c6\" aria-expanded=\"false\" tabindex=\"0\">\n\t\t\t\tE-Check\t\t\t<\/h3>\n\t\t\n\t\t<div id=\"accordion-1-c6\" class=\"accordion-content\" aria-hidden=\"true\">\n\t\t\t<strong>E-Check<\/strong><br \/><a href=\"http:\/\/www.eva-siegsdorf.de\/wordpress2\/wp-content\/uploads\/2016\/07\/Buttonfoto-E-Check-2.jpg\"><img loading=\"lazy\" decoding=\"async\" width=\"300\" height=\"255\" class=\"wpimgload alignright wp-image-706 size-medium\" src=\"http:\/\/www.eva-siegsdorf.de\/wordpress2\/wp-content\/uploads\/2016\/07\/Buttonfoto-E-Check-2-300x255.jpg\" srcset=\"https:\/\/www.eva-siegsdorf.de\/wordpress2\/wp-content\/uploads\/2016\/07\/Buttonfoto-E-Check-2-300x255.jpg 300w, https:\/\/www.eva-siegsdorf.de\/wordpress2\/wp-content\/uploads\/2016\/07\/Buttonfoto-E-Check-2-768x653.jpg 768w, https:\/\/www.eva-siegsdorf.de\/wordpress2\/wp-content\/uploads\/2016\/07\/Buttonfoto-E-Check-2-1024x870.jpg 1024w, https:\/\/www.eva-siegsdorf.de\/wordpress2\/wp-content\/uploads\/2016\/07\/Buttonfoto-E-Check-2.jpg 1200w\" sizes=\"auto, (max-width: 300px) 100vw, 300px\" \/><\/a>Der E-Check ist die anerkannte, normengerechte Pr\u00fcfung aller elektrischer Anlagen und Ger\u00e4te im privaten und gewerblichen Bereich. Beim E-CHECK wird gepr\u00fcft, ob sich die Anlagen und Ger\u00e4te im ordnungsgem\u00e4\u00dfen Zustand im Sinne der jeweils geltenden VDE-Bestimmungen befinden. Ist dies der Fall, wird der einwandfrie Zustand durch die E-CHECK-Pr\u00fcfplakette best\u00e4tigt. Der Zustand der Anlagen und Ger\u00e4te wird dar\u00fcber hinaus in einem detaillierten Pr\u00fcfprotokoll dokumentiert. Hier werden auch zu behebende M\u00e4ngel aufgezeichnet.\t\t<\/div>\n\n\t\t<br \/><\/div>","protected":false},"excerpt":{"rendered":"<p>Gerade ein regional t\u00e4tiges Elektroinstallationsunternehmen sollte eine gro\u00dfe Leistungspalette beherrschen und \u00fcber ein fachkundiges Mitarbeiterteam verf\u00fcgen. Denn auf der einen Seite wollen Sie umfassend bei allen Fragen zur sinnvollen Anwendung von Strom kompetent beraten werden und auf der anderen Seite m\u00fcssen Sie sich darauf verlassen k\u00f6nnen, dass Ihre Anforderungen und W\u00fcnsche technisch qualifiziert umgesetzt werden. [&hellip;]<\/p>\n","protected":false},"author":1,"featured_media":0,"parent":0,"menu_order":3,"comment_status":"closed","ping_status":"closed","template":"","meta":{"ngg_post_thumbnail":0,"footnotes":""},"class_list":["post-8","page","type-page","status-publish","hentry"],"_links":{"self":[{"href":"https:\/\/www.eva-siegsdorf.de\/wordpress2\/index.php?rest_route=\/wp\/v2\/pages\/8","targetHints":{"allow":["GET"]}}],"collection":[{"href":"https:\/\/www.eva-siegsdorf.de\/wordpress2\/index.php?rest_route=\/wp\/v2\/pages"}],"about":[{"href":"https:\/\/www.eva-siegsdorf.de\/wordpress2\/index.php?rest_route=\/wp\/v2\/types\/page"}],"author":[{"embeddable":true,"href":"https:\/\/www.eva-siegsdorf.de\/wordpress2\/index.php?rest_route=\/wp\/v2\/users\/1"}],"replies":[{"embeddable":true,"href":"https:\/\/www.eva-siegsdorf.de\/wordpress2\/index.php?rest_route=%2Fwp%2Fv2%2Fcomments&post=8"}],"version-history":[{"count":114,"href":"https:\/\/www.eva-siegsdorf.de\/wordpress2\/index.php?rest_route=\/wp\/v2\/pages\/8\/revisions"}],"predecessor-version":[{"id":707,"href":"https:\/\/www.eva-siegsdorf.de\/wordpress2\/index.php?rest_route=\/wp\/v2\/pages\/8\/revisions\/707"}],"wp:attachment":[{"href":"https:\/\/www.eva-siegsdorf.de\/wordpress2\/index.php?rest_route=%2Fwp%2Fv2%2Fmedia&parent=8"}],"curies":[{"name":"wp","href":"https:\/\/api.w.org\/{rel}","templated":true}]}}