{"id":7,"date":"2016-07-12T15:34:02","date_gmt":"2016-07-12T13:34:02","guid":{"rendered":"http:\/\/www.eva-siegsdorf.de\/wordpress2\/index.php\/aktuelles\/"},"modified":"2026-03-24T17:33:05","modified_gmt":"2026-03-24T16:33:05","slug":"aktuelles","status":"publish","type":"page","link":"https:\/\/www.eva-siegsdorf.de\/wordpress2\/?page_id=7","title":{"rendered":"AKTUELLES"},"content":{"rendered":"Auf dieser Seite informieren wir Sie regelm\u00e4\u00dfig \u00fcber aktuelle und interessante Neuigkeiten aus unserem Dienstleistungsunternehmen. Es lohnt sich also f\u00fcr Sie, immer mal wieder auf \u201eAKTUELLES\u201c zu klicken, um zu sehen, was es wieder Neues bei der EVA-Dienstleistungs GmbH gibt.<br><br><br><table style=\"background-color: #e3e3e3; border: none; width: 100%;\" cellpadding=\"0\"><tbody><tr><td style=\"width: 40%;\"><\/td><td style=\"width: 60%; padding: 0 40px;\"><\/td><\/tr><\/tbody><\/table>\r\n<div style=\"height: 180px !important;\"><\/div>","protected":false},"excerpt":{"rendered":"<p>Auf dieser Seite informieren wir Sie regelm\u00e4\u00dfig \u00fcber aktuelle und interessante Neuigkeiten aus unserem Dienstleistungsunternehmen. Es lohnt sich also f\u00fcr Sie, immer mal wieder auf \u201eAKTUELLES\u201c zu klicken, um zu sehen, was es wieder Neues bei der EVA-Dienstleistungs GmbH gibt.<\/p>\n","protected":false},"author":1,"featured_media":0,"parent":0,"menu_order":2,"comment_status":"closed","ping_status":"closed","template":"","meta":{"ngg_post_thumbnail":0,"footnotes":""},"class_list":["post-7","page","type-page","status-publish","hentry"],"_links":{"self":[{"href":"https:\/\/www.eva-siegsdorf.de\/wordpress2\/index.php?rest_route=\/wp\/v2\/pages\/7","targetHints":{"allow":["GET"]}}],"collection":[{"href":"https:\/\/www.eva-siegsdorf.de\/wordpress2\/index.php?rest_route=\/wp\/v2\/pages"}],"about":[{"href":"https:\/\/www.eva-siegsdorf.de\/wordpress2\/index.php?rest_route=\/wp\/v2\/types\/page"}],"author":[{"embeddable":true,"href":"https:\/\/www.eva-siegsdorf.de\/wordpress2\/index.php?rest_route=\/wp\/v2\/users\/1"}],"replies":[{"embeddable":true,"href":"https:\/\/www.eva-siegsdorf.de\/wordpress2\/index.php?rest_route=%2Fwp%2Fv2%2Fcomments&post=7"}],"version-history":[{"count":95,"href":"https:\/\/www.eva-siegsdorf.de\/wordpress2\/index.php?rest_route=\/wp\/v2\/pages\/7\/revisions"}],"predecessor-version":[{"id":812,"href":"https:\/\/www.eva-siegsdorf.de\/wordpress2\/index.php?rest_route=\/wp\/v2\/pages\/7\/revisions\/812"}],"wp:attachment":[{"href":"https:\/\/www.eva-siegsdorf.de\/wordpress2\/index.php?rest_route=%2Fwp%2Fv2%2Fmedia&parent=7"}],"curies":[{"name":"wp","href":"https:\/\/api.w.org\/{rel}","templated":true}]}}