{"id":6,"date":"2016-07-12T15:34:02","date_gmt":"2016-07-12T13:34:02","guid":{"rendered":"http:\/\/www.eva-siegsdorf.de\/wordpress2\/index.php\/home\/"},"modified":"2026-03-24T17:33:19","modified_gmt":"2026-03-24T16:33:19","slug":"home","status":"publish","type":"page","link":"https:\/\/www.eva-siegsdorf.de\/wordpress2\/","title":{"rendered":"HOME"},"content":{"rendered":"<h3>AKTUELLES<\/h3>\r\n\r\n<table style=\"margin-left: -20px;\" cellpadding=\"20\">\r\n<tbody><tr>\r\n<td style=\"width: 25%;\"><br><br><a href=\"http:\/\/www.eva-siegsdorf.de\/wordpress2\/?page_id=7\">Zur Seite AKTUELLES&nbsp;&#8230;<\/a><\/td>\r\n<td style=\"width: 25%;\"><\/td>\r\n<td style=\"width: 25%;\"><\/td>\r\n<td style=\"width: 25%;\"><\/td>\r\n<\/tr>\r\n<\/tbody><\/table>\r\n<br><br><br><table style=\"background-color: #e3e3e3; border: none; width: 100%;\" cellpadding=\"0\"><tbody><tr><td style=\"width: 40%;\"><a href=\"http:\/\/www.eva-siegsdorf.de\/wordpress2\/wp-content\/uploads\/2016\/07\/EVA-GmbH-Textfoto-Home-RegFachb.jpg\"><img loading=\"lazy\" decoding=\"async\" class=\"wpimgload alignnone wp-image-54\" src=\"http:\/\/www.eva-siegsdorf.de\/wordpress2\/wp-content\/uploads\/2016\/07\/EVA-GmbH-Textfoto-Home-RegFachb.jpg\" height=\"267\" width=\"400\" srcset=\"https:\/\/www.eva-siegsdorf.de\/wordpress2\/wp-content\/uploads\/2016\/07\/EVA-GmbH-Textfoto-Home-RegFachb.jpg 1200w, https:\/\/www.eva-siegsdorf.de\/wordpress2\/wp-content\/uploads\/2016\/07\/EVA-GmbH-Textfoto-Home-RegFachb-300x200.jpg 300w, https:\/\/www.eva-siegsdorf.de\/wordpress2\/wp-content\/uploads\/2016\/07\/EVA-GmbH-Textfoto-Home-RegFachb-768x512.jpg 768w, https:\/\/www.eva-siegsdorf.de\/wordpress2\/wp-content\/uploads\/2016\/07\/EVA-GmbH-Textfoto-Home-RegFachb-1024x683.jpg 1024w\" sizes=\"auto, (max-width: 400px) 100vw, 400px\" \/><\/a><\/td><td style=\"width: 60%; padding: 0 20px;\"><h4>Regionaler Fachbetrieb der Elektroinnung<\/h4>Die Vogling &amp; Angrenzer Dienstleistungs GmbH wurde im Jahr 2004 als Tochterunternehmen der Elektrizit\u00e4tsgenossenschaft Vogling &amp; Angrenzer eG gegr\u00fcndet. Als regionaler Fachbetrieb der Elektroinnung k\u00f6nnen wir Ihnen von der klassischen Haus- und Industrieinstallation bis hin zu hochmodernen Smart Home-L\u00f6sungen alles bieten, was das Elektrohandwerk ausmacht. Ihre Vorteile bei der Zusammenarbeit mit der Vogling &amp; Angrenzer Dienstleistungs GmbH sind vor allem ein bestens ausgebildetes, leistungsstarkes Team, auf das Sie sich jederzeit verlassen k\u00f6nnen und die r\u00e4umliche N\u00e4he zu Ihnen. So realisieren wir f\u00fcr Sie Gesamtl\u00f6sungen aus einer Hand, die Sie \u00fcberzeugen werden. Zus\u00e4tzlich zum Installationsgesch\u00e4ft beraten wir Sie auch gerne beim Kauf Ihrer Elektroger\u00e4te und liefern Ihnen das von Ihnen gew\u00fcnschte Markenger\u00e4t (alle Marken). Als Miele-Fachh\u00e4ndler werden unsere Mitarbeiter regelm\u00e4\u00dfig speziell auf die Wartung und die Reparatur von Miele-Haushaltsger\u00e4ten geschult.<br><br><\/td><\/tr><\/tbody><\/table><br>\r\n\r\n<br><br><table style=\"width: 100%;\"><tbody><tr><td style=\"width: 33%;\"><br><a href=\"http:\/\/www.eva-siegsdorf.de\/wordpress2\/?page_id=8\"><img loading=\"lazy\" decoding=\"async\" class=\"alignnone wp-image-82\" alt=\"Buttonfoto-Elektroinstallation\" src=\"http:\/\/www.eva-siegsdorf.de\/wordpress2\/wp-content\/uploads\/2016\/07\/Buttonfoto-Elektroinstallation-300x200.jpg\" height=\"207\" width=\"310\" srcset=\"https:\/\/www.eva-siegsdorf.de\/wordpress2\/wp-content\/uploads\/2016\/07\/Buttonfoto-Elektroinstallation-300x200.jpg 300w, https:\/\/www.eva-siegsdorf.de\/wordpress2\/wp-content\/uploads\/2016\/07\/Buttonfoto-Elektroinstallation-768x512.jpg 768w, https:\/\/www.eva-siegsdorf.de\/wordpress2\/wp-content\/uploads\/2016\/07\/Buttonfoto-Elektroinstallation-1024x683.jpg 1024w, https:\/\/www.eva-siegsdorf.de\/wordpress2\/wp-content\/uploads\/2016\/07\/Buttonfoto-Elektroinstallation.jpg 1200w\" sizes=\"auto, (max-width: 310px) 100vw, 310px\" \/><h6 style=\"text-align: center;\">Elektroinstallation<\/h6><\/a><\/td><td style=\"width: 33%;\"><br><a href=\"http:\/\/www.eva-siegsdorf.de\/wordpress2\/?page_id=8\"><img loading=\"lazy\" decoding=\"async\" class=\"alignnone wp-image-83\" alt=\"Buttonfoto-SmartHome\" src=\"http:\/\/www.eva-siegsdorf.de\/wordpress2\/wp-content\/uploads\/2016\/07\/Buttonfoto-SmartHome.jpg\" height=\"207\" width=\"310\" srcset=\"https:\/\/www.eva-siegsdorf.de\/wordpress2\/wp-content\/uploads\/2016\/07\/Buttonfoto-SmartHome.jpg 1200w, https:\/\/www.eva-siegsdorf.de\/wordpress2\/wp-content\/uploads\/2016\/07\/Buttonfoto-SmartHome-300x200.jpg 300w, https:\/\/www.eva-siegsdorf.de\/wordpress2\/wp-content\/uploads\/2016\/07\/Buttonfoto-SmartHome-768x512.jpg 768w, https:\/\/www.eva-siegsdorf.de\/wordpress2\/wp-content\/uploads\/2016\/07\/Buttonfoto-SmartHome-1024x683.jpg 1024w\" sizes=\"auto, (max-width: 310px) 100vw, 310px\" \/><h6 style=\"text-align: center;\">Smart Home<\/h6><\/a><\/td><td style=\"width: 33%;\"><br><a href=\"http:\/\/www.eva-siegsdorf.de\/wordpress2\/?page_id=8\"><img loading=\"lazy\" decoding=\"async\" class=\"alignnone wp-image-347\" src=\"http:\/\/www.eva-siegsdorf.de\/wordpress2\/wp-content\/uploads\/2016\/07\/Buttonfoto-Brandschutz-1-300x200.jpg\" height=\"207\" width=\"310\" srcset=\"https:\/\/www.eva-siegsdorf.de\/wordpress2\/wp-content\/uploads\/2016\/07\/Buttonfoto-Brandschutz-1-300x200.jpg 300w, https:\/\/www.eva-siegsdorf.de\/wordpress2\/wp-content\/uploads\/2016\/07\/Buttonfoto-Brandschutz-1-768x512.jpg 768w, https:\/\/www.eva-siegsdorf.de\/wordpress2\/wp-content\/uploads\/2016\/07\/Buttonfoto-Brandschutz-1-1024x683.jpg 1024w, https:\/\/www.eva-siegsdorf.de\/wordpress2\/wp-content\/uploads\/2016\/07\/Buttonfoto-Brandschutz-1.jpg 1200w\" sizes=\"auto, (max-width: 310px) 100vw, 310px\" \/><h6 style=\"text-align: center;\">Brandschutz<\/h6><\/a><\/td><\/tr><tr><td style=\"width: 33%;\"><br><a href=\"http:\/\/www.eva-siegsdorf.de\/wordpress2\/?page_id=8\"><img loading=\"lazy\" decoding=\"async\" class=\"alignnone wp-image-107\" src=\"http:\/\/www.eva-siegsdorf.de\/wordpress2\/wp-content\/uploads\/2016\/07\/Buttonfoto-Miele-KD.jpg\" height=\"207\" width=\"310\" srcset=\"https:\/\/www.eva-siegsdorf.de\/wordpress2\/wp-content\/uploads\/2016\/07\/Buttonfoto-Miele-KD.jpg 1200w, https:\/\/www.eva-siegsdorf.de\/wordpress2\/wp-content\/uploads\/2016\/07\/Buttonfoto-Miele-KD-300x200.jpg 300w, https:\/\/www.eva-siegsdorf.de\/wordpress2\/wp-content\/uploads\/2016\/07\/Buttonfoto-Miele-KD-768x512.jpg 768w, https:\/\/www.eva-siegsdorf.de\/wordpress2\/wp-content\/uploads\/2016\/07\/Buttonfoto-Miele-KD-1024x683.jpg 1024w\" sizes=\"auto, (max-width: 310px) 100vw, 310px\" \/><h6 style=\"text-align: center;\">Miele-Kundendienst<\/h6><\/a><\/td><td style=\"width: 33%;\"><br><a href=\"http:\/\/www.eva-siegsdorf.de\/wordpress2\/?page_id=8\"><img loading=\"lazy\" decoding=\"async\" class=\"alignnone wp-image-115\" src=\"http:\/\/www.eva-siegsdorf.de\/wordpress2\/wp-content\/uploads\/2016\/07\/Buttonfoto-E-Hausgeraete.jpg\" height=\"207\" width=\"310\" srcset=\"https:\/\/www.eva-siegsdorf.de\/wordpress2\/wp-content\/uploads\/2016\/07\/Buttonfoto-E-Hausgeraete.jpg 1200w, https:\/\/www.eva-siegsdorf.de\/wordpress2\/wp-content\/uploads\/2016\/07\/Buttonfoto-E-Hausgeraete-300x200.jpg 300w, https:\/\/www.eva-siegsdorf.de\/wordpress2\/wp-content\/uploads\/2016\/07\/Buttonfoto-E-Hausgeraete-768x512.jpg 768w, https:\/\/www.eva-siegsdorf.de\/wordpress2\/wp-content\/uploads\/2016\/07\/Buttonfoto-E-Hausgeraete-1024x683.jpg 1024w\" sizes=\"auto, (max-width: 310px) 100vw, 310px\" \/><h6 style=\"text-align: center;\">Elektro-Hausger\u00e4te<\/h6><\/a><\/td><td style=\"width: 33%;\"><br><a href=\"http:\/\/www.eva-siegsdorf.de\/wordpress2\/?page_id=8\"><img loading=\"lazy\" decoding=\"async\" class=\"alignnone wp-image-246 size-full\" src=\"http:\/\/www.eva-siegsdorf.de\/wordpress2\/wp-content\/uploads\/2016\/07\/Buttonfoto-GmbH-Home-E-Check.jpg\" height=\"207\" width=\"310\" srcset=\"https:\/\/www.eva-siegsdorf.de\/wordpress2\/wp-content\/uploads\/2016\/07\/Buttonfoto-GmbH-Home-E-Check.jpg 310w, https:\/\/www.eva-siegsdorf.de\/wordpress2\/wp-content\/uploads\/2016\/07\/Buttonfoto-GmbH-Home-E-Check-300x200.jpg 300w\" sizes=\"auto, (max-width: 310px) 100vw, 310px\" \/><h6 style=\"text-align: center;\">E-Check<\/h6><\/a><\/td><\/tr><\/tbody><\/table><br>\r\n\r\n\r\n <br>\r\n<div e3e3e3=\"\" 10px=\"\" 650px=\"\">\r\n<table>\r\n<tbody><tr>\r\n<td><h4 style=\"margin-top: 20px;\"><br>EVA &#8211; Ihr Stromversorger aus der Region<\/h4>Nahezu 100 Jahre Erfahrung in der regionalen Stromversorgung des Gro\u00dfraums Siegsdorf sind die Basis der Elektrizit\u00e4tsgenossenschaft Vogling &amp; Angrenzer eG f\u00fcr die zuverl\u00e4ssige Sicherheit in der Versorgung mit elektrischer Energie. Kurze Wege, kompetente, pers\u00f6nliche Beratung und Betreuung bei allen Fragen rund um das Thema Strom und faire Preise sind nur ein paar der Vorteile, die Sie als Kunde der Elektrizit\u00e4tsgenossenschaft Vogling &amp; Angrenzer eG genie\u00dfen k\u00f6nnen. Das EVA-Serviceteam freut sich schon auf Ihren Kontakt.<br><br><a href=\"http:\/\/www.eva-siegsdorf.de\/wordpress\/\">&gt;&gt; Elektrizit\u00e4tsgenossenschaft Vogling &amp; Angrenzer eG<\/a>\r\n<\/td>\r\n<td style=\"vertical-align: top; padding-top: 90px;\"><br><img loading=\"lazy\" decoding=\"async\" class=\"wpimgload alignnone wp-image-126\" src=\"http:\/\/www.eva-siegsdorf.de\/wordpress2\/wp-content\/uploads\/2016\/07\/eG-Titel-Chiemsee-mit-Lichtern.jpg\" height=\"182\" width=\"400\" srcset=\"https:\/\/www.eva-siegsdorf.de\/wordpress2\/wp-content\/uploads\/2016\/07\/eG-Titel-Chiemsee-mit-Lichtern.jpg 2000w, https:\/\/www.eva-siegsdorf.de\/wordpress2\/wp-content\/uploads\/2016\/07\/eG-Titel-Chiemsee-mit-Lichtern-300x136.jpg 300w, https:\/\/www.eva-siegsdorf.de\/wordpress2\/wp-content\/uploads\/2016\/07\/eG-Titel-Chiemsee-mit-Lichtern-768x349.jpg 768w, https:\/\/www.eva-siegsdorf.de\/wordpress2\/wp-content\/uploads\/2016\/07\/eG-Titel-Chiemsee-mit-Lichtern-1024x465.jpg 1024w\" sizes=\"auto, (max-width: 400px) 100vw, 400px\" \/>\r\n<\/td>\r\n<\/tr>\r\n<\/tbody><\/table><\/div>\r\n\r\n<div style=\"height: 250px !important;\"><\/div>\r\n","protected":false},"excerpt":{"rendered":"<p>AKTUELLES Zur Seite AKTUELLES&nbsp;&#8230; Regionaler Fachbetrieb der ElektroinnungDie Vogling &amp; Angrenzer Dienstleistungs GmbH wurde im Jahr 2004 als Tochterunternehmen der Elektrizit\u00e4tsgenossenschaft Vogling &amp; Angrenzer eG gegr\u00fcndet. Als regionaler Fachbetrieb der Elektroinnung k\u00f6nnen wir Ihnen von der klassischen Haus- und Industrieinstallation bis hin zu hochmodernen Smart Home-L\u00f6sungen alles bieten, was das Elektrohandwerk ausmacht. Ihre Vorteile bei [&hellip;]<\/p>\n","protected":false},"author":1,"featured_media":0,"parent":0,"menu_order":1,"comment_status":"closed","ping_status":"closed","template":"","meta":{"ngg_post_thumbnail":0,"footnotes":""},"class_list":["post-6","page","type-page","status-publish","hentry"],"_links":{"self":[{"href":"https:\/\/www.eva-siegsdorf.de\/wordpress2\/index.php?rest_route=\/wp\/v2\/pages\/6","targetHints":{"allow":["GET"]}}],"collection":[{"href":"https:\/\/www.eva-siegsdorf.de\/wordpress2\/index.php?rest_route=\/wp\/v2\/pages"}],"about":[{"href":"https:\/\/www.eva-siegsdorf.de\/wordpress2\/index.php?rest_route=\/wp\/v2\/types\/page"}],"author":[{"embeddable":true,"href":"https:\/\/www.eva-siegsdorf.de\/wordpress2\/index.php?rest_route=\/wp\/v2\/users\/1"}],"replies":[{"embeddable":true,"href":"https:\/\/www.eva-siegsdorf.de\/wordpress2\/index.php?rest_route=%2Fwp%2Fv2%2Fcomments&post=6"}],"version-history":[{"count":129,"href":"https:\/\/www.eva-siegsdorf.de\/wordpress2\/index.php?rest_route=\/wp\/v2\/pages\/6\/revisions"}],"predecessor-version":[{"id":813,"href":"https:\/\/www.eva-siegsdorf.de\/wordpress2\/index.php?rest_route=\/wp\/v2\/pages\/6\/revisions\/813"}],"wp:attachment":[{"href":"https:\/\/www.eva-siegsdorf.de\/wordpress2\/index.php?rest_route=%2Fwp%2Fv2%2Fmedia&parent=6"}],"curies":[{"name":"wp","href":"https:\/\/api.w.org\/{rel}","templated":true}]}}