{"id":99,"date":"2016-07-11T19:15:48","date_gmt":"2016-07-11T17:15:48","guid":{"rendered":"http:\/\/www.eva-siegsdorf.de\/wordpress\/?page_id=99"},"modified":"2017-10-31T16:29:05","modified_gmt":"2017-10-31T15:29:05","slug":"stoerungsmeldung-2","status":"publish","type":"page","link":"https:\/\/www.eva-siegsdorf.de\/wordpress\/?page_id=99","title":{"rendered":"Strom-St\u00f6rungsmeldung"},"content":{"rendered":"<h5>St\u00f6rungsmeldung<\/h5>\r\n\r\nUnser St\u00f6rungsdienst ist rund um die Uhr erreichbar. <br \/><br \/>\r\n\r\nBei Stromst\u00f6rungen w\u00e4hlen Sie die Telefonnummer <strong>08662 49022-0<\/strong>.<br \/><br \/><br \/><br \/>\u00a0<br \/>\r\n<div 300px=\"\" 10px=\"\" e3e3e3=\"\">\r\n<table>\r\n<tbody><tr>\r\n<td style=\"vertical-align: top; width: 600px;\">\u00a0\r\n<\/td>\r\n<td style=\"vertical-align: top;\"><img loading=\"lazy\" decoding=\"async\" class=\"wpimgload  alignleft wp-image-2509 size-full\" style=\"margin-top: -200px;\" alt=\"\" src=\"http:\/\/www.eva-siegsdorf.de\/wordpress\/wp-content\/uploads\/2016\/07\/iPhone-neu-web-9.jpg\" height=\"605\" width=\"330\" srcset=\"https:\/\/www.eva-siegsdorf.de\/wordpress\/wp-content\/uploads\/2016\/07\/iPhone-neu-web-9.jpg 330w, https:\/\/www.eva-siegsdorf.de\/wordpress\/wp-content\/uploads\/2016\/07\/iPhone-neu-web-9-164x300.jpg 164w\" sizes=\"auto, (max-width: 330px) 100vw, 330px\" \/>\r\n<\/td>\r\n<\/tr>\r\n<\/tbody><\/table><\/div>\r\n\r\n<div style=\"height: 150px !important;\"><\/div>","protected":false},"excerpt":{"rendered":"<p>St\u00f6rungsmeldung Unser St\u00f6rungsdienst ist rund um die Uhr erreichbar. Bei Stromst\u00f6rungen w\u00e4hlen Sie die Telefonnummer 08662 49022-0.\u00a0 \u00a0<\/p>\n","protected":false},"author":1,"featured_media":0,"parent":0,"menu_order":0,"comment_status":"closed","ping_status":"closed","template":"","meta":{"footnotes":""},"class_list":["post-99","page","type-page","status-publish","hentry"],"_links":{"self":[{"href":"https:\/\/www.eva-siegsdorf.de\/wordpress\/index.php?rest_route=\/wp\/v2\/pages\/99","targetHints":{"allow":["GET"]}}],"collection":[{"href":"https:\/\/www.eva-siegsdorf.de\/wordpress\/index.php?rest_route=\/wp\/v2\/pages"}],"about":[{"href":"https:\/\/www.eva-siegsdorf.de\/wordpress\/index.php?rest_route=\/wp\/v2\/types\/page"}],"author":[{"embeddable":true,"href":"https:\/\/www.eva-siegsdorf.de\/wordpress\/index.php?rest_route=\/wp\/v2\/users\/1"}],"replies":[{"embeddable":true,"href":"https:\/\/www.eva-siegsdorf.de\/wordpress\/index.php?rest_route=%2Fwp%2Fv2%2Fcomments&post=99"}],"version-history":[{"count":41,"href":"https:\/\/www.eva-siegsdorf.de\/wordpress\/index.php?rest_route=\/wp\/v2\/pages\/99\/revisions"}],"predecessor-version":[{"id":2511,"href":"https:\/\/www.eva-siegsdorf.de\/wordpress\/index.php?rest_route=\/wp\/v2\/pages\/99\/revisions\/2511"}],"wp:attachment":[{"href":"https:\/\/www.eva-siegsdorf.de\/wordpress\/index.php?rest_route=%2Fwp%2Fv2%2Fmedia&parent=99"}],"curies":[{"name":"wp","href":"https:\/\/api.w.org\/{rel}","templated":true}]}}