{"id":9,"date":"2016-07-11T15:01:36","date_gmt":"2016-07-11T13:01:36","guid":{"rendered":"http:\/\/www.eva-siegsdorf.de\/wordpress\/unternehmen\/"},"modified":"2022-11-07T11:25:48","modified_gmt":"2022-11-07T10:25:48","slug":"unternehmen","status":"publish","type":"page","link":"https:\/\/www.eva-siegsdorf.de\/wordpress\/?page_id=9","title":{"rendered":"UNTERNEHMEN"},"content":{"rendered":"Die Elektrizit\u00e4tsgenossenschaft Vogling &amp; Angrenzer eG wurde im Jahr 1919 in H\u00f6pfling gegr\u00fcndet und beliefert seither ihre Stromkunden sicher und zuverl\u00e4ssig mit elektrischer Energie. Das Versorgungsgebiet umfasst den Gemeindebereich Siegsdorf, Teile der Gemeinden Bergen, Vachendorf und Surberg, sowie den s\u00fcdlichen Randbereich der Stadt Traunstein und des Marktes Teisendorf.<br \/><br \/><br \/><table style=\"background-color: #e3e3e3; border: none; width: 960px;\" cellpadding=\"0\" height=\"317\"><tbody><tr><td style=\"width: 20%;\"><\/td>\r\n\r\n<td style=\"width: 60%; padding: 0 20px;\"><h4>Der EVA-Vorstand<\/h4>Seit 2001 wird die Elektrizit\u00e4tsgenossenschaft Vogling &amp; Angrenzer eG von <br \/>Frau Maria Hasselberger (kaufm\u00e4nnischer Vorstand) und Herrn Josef Mayer (technischer Vorstand) geleitet. Maria Hasselberger ist 2019 in den wohlverdienten Ruhestand gegangen. Ehrenamtlich unterst\u00fctzt wird das Vorstandsteam durch Herrn Johannes Abstreiter. Alle Mitglieder des EVA-Vorstands verstehen sich als Partner jedes einzelnen Kunden und sind sich ihrer hohen Verantwortung vollkommen bewusst. Gemeinsam mit dem EVA-Kundenteam bieten sie den EVA-Kunden einen perfekten Service zu fairen Preisen. Durch regelm\u00e4\u00dfige Aus- und Weiterbildungsma\u00dfnahmen sorgen sie daf\u00fcr, dass den EVA-Kunden ausschlie\u00dflich kompetente, qualifizierte und hochmotivierte Mitarbeiter gegen\u00fcberstehen.<\/td><\/tr><\/tbody><\/table>\r\n <br \/><h4><br \/>Das EVA-Serviceteam<\/h4><a href=\"http:\/\/www.eva-siegsdorf.de\/wordpress\/wp-content\/uploads\/2016\/07\/IMG_7189_zuschnitt_komp.jpg\"><img loading=\"lazy\" decoding=\"async\" width=\"300\" height=\"255\" class=\"wpimgload alignright wp-image-2600 size-medium\" src=\"http:\/\/www.eva-siegsdorf.de\/wordpress\/wp-content\/uploads\/2016\/07\/IMG_7189_zuschnitt_komp-300x255.jpg\" alt=\"\" srcset=\"https:\/\/www.eva-siegsdorf.de\/wordpress\/wp-content\/uploads\/2016\/07\/IMG_7189_zuschnitt_komp-300x255.jpg 300w, https:\/\/www.eva-siegsdorf.de\/wordpress\/wp-content\/uploads\/2016\/07\/IMG_7189_zuschnitt_komp-768x654.jpg 768w, https:\/\/www.eva-siegsdorf.de\/wordpress\/wp-content\/uploads\/2016\/07\/IMG_7189_zuschnitt_komp.jpg 902w\" sizes=\"auto, (max-width: 300px) 100vw, 300px\" \/><\/a>Qualifizierte und hochmotivierte Mitarbeiter k\u00fcmmern sich freundlich, pers\u00f6nlich und zuverl\u00e4ssig um alle Fragen, Anregungen und W\u00fcnsche, die Sie in Bezug auf die Versorgung mit der Energie Strom haben. Bei Anmeldungen, Ummeldungen, Versorgerwechsel, Z\u00e4hlerstandmeldungen, Fragen zu aktuellen Tarifen und vorliegenden Rechnungen k\u00f6nnen Sie sich w\u00e4hrend unserer Gesch\u00e4ftszeiten gerne an unser Serviceteam wenden. <br \/><br \/>Die jeweilige Zust\u00e4ndigkeit der einzelnen Teammitglieder erfahren Sie mit einem Mausklick auf diesen Link \u00a0<a href=\"http:\/\/www.eva-siegsdorf.de\/wordpress\/?page_id=13\">&gt;&gt;&gt; Kontaktdaten<\/a><a href=\"http:\/\/www.eva-siegsdorf.de\/wordpress\/?page_id=13\"><br \/><br \/><br \/><br \/><div style=\"height: 2050px; padding: 10px; background: #e3e3e3 url margin-bottom: -70px;\"><table><tbody><tr><td><h3 style=\"margin-top: 20px;\">Meilensteine in der EVA-Historie<\/h3><strong>1919<\/strong><br \/>Bauern aus Vogling und Umgebung gr\u00fcnden am 14.09.1919 die \u201eElektrizit\u00e4ts-<br \/>genossenschaft Vogling &amp; Angrenzer\u201c. Versorgung der Mitglieder mit Drehstrom aus <br \/>einem 5 kV-Netz.<br \/><br \/><strong>1920<\/strong><br \/>Die \u201eAngrenzer\u201c-Gemeinde Bergen geht mit ans Netz. Der kontinuierlich weiter <br \/>steigende Strombedarf erfordert eine entsprechende Steigerung der Kapazit\u00e4t. <br \/>Hierzu werden auch Vertr\u00e4ge mit anderen regionalen Stromlieferanten notwendig.<br \/><br \/><strong>1943<\/strong><br \/>Ein weiterer Zusatzliefervertrag mit der OBAG und der Bau einer provisorischen <br \/>20 kV-Leitung vom Achtal her wird notwendig. In den Folgejahren erfolgt die <br \/>technische \u00dcberholung des Versorgungsnetzes, mit weiteren Partnern aus der <br \/>Region werden zus\u00e4tzliche Liefervertr\u00e4ge abgeschlossen.<br \/><br \/><strong>1954<\/strong><br \/>Parallel zur Stromlieferung w\u00e4chst auch die Abteilung \u201eInstallation\u201c. Bei Arbeiten <br \/>am Unterwasserkanal des Elektrizit\u00e4tswerkpartners Knerr wird das Geb\u00e4ude der <br \/>Genosschenschaft schwer besch\u00e4digt. Der Bau eines neuen Geb\u00e4udes wird notwendig, das zum Jahresende 1955 bezogen wird.<br \/><br \/><strong>1961\/62<\/strong><br \/>Neubau einer eigenen Schaltstation und Wechsel zu den Isar-Amper-Werken <br \/>als Stromlieferant.<br \/><br \/><strong>1971-73<\/strong><br \/>Bau einer 20 kV-Leitung von H\u00f6pfling nach Thal und Umstellung des <br \/>gesamten Leitungssystems auf 20 kV.<br \/><br \/><strong>1984<\/strong><br \/>Abschluss der Umr\u00fcstung des gesamten Netzes im Versorgungsgebiet auf 20 kV. <br \/>Modernisierung der bereits vorhandenen Computeranlage.<br \/><br \/><strong>1988 ff.<\/strong><br \/>Kontinuierliche Erweiterung des Versorgungsgebietes<br \/><br \/><strong>1993 -95<\/strong><br \/>Vergr\u00f6\u00dferung und Renovierung der B\u00fcror\u00e4ume, Lagerr\u00e4ume und Garagen sowie <br \/>Neugestaltung der Au\u00dfenanlagen. Versorgung des gesamten Ortsgebietes von <br \/>Hammer durch die \u201eElektrizit\u00e4tsgenossenschaft Vogling &amp; Angrenzer eG\u201c. <br \/>Das Installationsgesch\u00e4ft erg\u00e4nzt als zweites Gesch\u00e4ftsfeld die Stromversorgung.<br \/><br \/><strong>2000<\/strong><br \/>Notwendigkeit einer dritten Einspeiseleitung aufgrund steigenden Bedarfs durch die <br \/>Adelholzener Alpenquellen GmbH. Die Gesetze \u00fcber erneuerbare Energie und <br \/>Kraft-W\u00e4rme-Kopplung treten in Kraft.<br \/><br \/><strong>2001<\/strong><br \/>Frau Maria Hasselberger (kaufm\u00e4nnischer Vorstand) und Herr Josef Mayer <br \/>(technischer Vorstand) \u00fcbernehmen die F\u00fchrung der Genossenschaft.<br \/><br \/><strong>2004<\/strong><br \/>Gr\u00fcndung der \u201eVogling &amp; Angrenzer Dienstleistungs GmbH\u201c (Elektro-<br \/>Installationen und Ger\u00e4tehandel).<br \/><br \/><strong>2008<\/strong><br \/>Erhalt des Konzessionsvertrags f\u00fcr das gesamte Gemeindegebiet von Siegsdorf <br \/>und der Anschluss von Eisen\u00e4rzt an das permanent erweiterte Stromnetz der EVA. <br \/>Durch Zukauf vorhandener Stromnetze erstreckt sich das EVA-Netzgebiet zu <br \/>diesem Zeitpunkt \u00fcber eine geografische Fl\u00e4che von insgesamt 79 km<sup>2<\/sup>.<br \/><br \/><strong>2019<\/strong><br \/>Frau Maria Hasselberger\u00a0geht in den Ruhestand und wird von Herrn Peter Irlinger als neuer kaufm\u00e4nnischer Vorstand\u00a0 abgel\u00f6st.<br \/><br \/><br \/><br \/><br \/><\/td><td style=\"vertical-align: top; padding-top: 100px;\"><a href=\"http:\/\/www.eva-siegsdorf.de\/wordpress\/wp-content\/uploads\/2016\/07\/Seite-Unternehmen-Textfoto-Historie.jpg\"><img loading=\"lazy\" decoding=\"async\" width=\"350\" height=\"233\" class=\"wpimgload  alignright wp-image-357\" src=\"http:\/\/www.eva-siegsdorf.de\/wordpress\/wp-content\/uploads\/2016\/07\/Seite-Unternehmen-Textfoto-Historie-300x200.jpg\" srcset=\"https:\/\/www.eva-siegsdorf.de\/wordpress\/wp-content\/uploads\/2016\/07\/Seite-Unternehmen-Textfoto-Historie-300x200.jpg 300w, https:\/\/www.eva-siegsdorf.de\/wordpress\/wp-content\/uploads\/2016\/07\/Seite-Unternehmen-Textfoto-Historie-768x512.jpg 768w, https:\/\/www.eva-siegsdorf.de\/wordpress\/wp-content\/uploads\/2016\/07\/Seite-Unternehmen-Textfoto-Historie-1024x683.jpg 1024w, https:\/\/www.eva-siegsdorf.de\/wordpress\/wp-content\/uploads\/2016\/07\/Seite-Unternehmen-Textfoto-Historie.jpg 1200w\" sizes=\"auto, (max-width: 350px) 100vw, 350px\" \/><\/a><\/td><\/tr><\/tbody><\/table><\/div><\/a>\r\n\r\n<div style=\"height: 75px !important;\"><\/div>","protected":false},"excerpt":{"rendered":"<p>Die Elektrizit\u00e4tsgenossenschaft Vogling &amp; Angrenzer eG wurde im Jahr 1919 in H\u00f6pfling gegr\u00fcndet und beliefert seither ihre Stromkunden sicher und zuverl\u00e4ssig mit elektrischer Energie. Das Versorgungsgebiet umfasst den Gemeindebereich Siegsdorf, Teile der Gemeinden Bergen, Vachendorf und Surberg, sowie den s\u00fcdlichen Randbereich der Stadt Traunstein und des Marktes Teisendorf. Der EVA-VorstandSeit 2001 wird die Elektrizit\u00e4tsgenossenschaft Vogling [&hellip;]<\/p>\n","protected":false},"author":1,"featured_media":0,"parent":0,"menu_order":2,"comment_status":"closed","ping_status":"closed","template":"","meta":{"footnotes":""},"class_list":["post-9","page","type-page","status-publish","hentry"],"_links":{"self":[{"href":"https:\/\/www.eva-siegsdorf.de\/wordpress\/index.php?rest_route=\/wp\/v2\/pages\/9","targetHints":{"allow":["GET"]}}],"collection":[{"href":"https:\/\/www.eva-siegsdorf.de\/wordpress\/index.php?rest_route=\/wp\/v2\/pages"}],"about":[{"href":"https:\/\/www.eva-siegsdorf.de\/wordpress\/index.php?rest_route=\/wp\/v2\/types\/page"}],"author":[{"embeddable":true,"href":"https:\/\/www.eva-siegsdorf.de\/wordpress\/index.php?rest_route=\/wp\/v2\/users\/1"}],"replies":[{"embeddable":true,"href":"https:\/\/www.eva-siegsdorf.de\/wordpress\/index.php?rest_route=%2Fwp%2Fv2%2Fcomments&post=9"}],"version-history":[{"count":125,"href":"https:\/\/www.eva-siegsdorf.de\/wordpress\/index.php?rest_route=\/wp\/v2\/pages\/9\/revisions"}],"predecessor-version":[{"id":3144,"href":"https:\/\/www.eva-siegsdorf.de\/wordpress\/index.php?rest_route=\/wp\/v2\/pages\/9\/revisions\/3144"}],"wp:attachment":[{"href":"https:\/\/www.eva-siegsdorf.de\/wordpress\/index.php?rest_route=%2Fwp%2Fv2%2Fmedia&parent=9"}],"curies":[{"name":"wp","href":"https:\/\/api.w.org\/{rel}","templated":true}]}}