{"id":8,"date":"2016-07-11T15:01:36","date_gmt":"2016-07-11T13:01:36","guid":{"rendered":"http:\/\/www.eva-siegsdorf.de\/wordpress\/home\/"},"modified":"2026-04-03T12:02:06","modified_gmt":"2026-04-03T10:02:06","slug":"home","status":"publish","type":"page","link":"https:\/\/www.eva-siegsdorf.de\/wordpress\/","title":{"rendered":"HOME"},"content":{"rendered":"<h3>AKTUELLES<\/h3>\r\n\r\n<table style=\"margin-left: -20px;\" cellpadding=\"20\">\r\n<tbody><tr>\r\n<td style=\"width: 25%; vertical-align: top;\"><strong><b>Information &#8211; St\u00f6rungsauskunft:\u00a0<br \/>Stromausfall vom 01.04.2026 (14:35 Uhr)<br \/>Stromausfall vom 03.04.2026 (05:15 Uhr)<br \/>\u00a0<br \/><a href=\"https:\/\/www.eva-siegsdorf.de\/wordpress\/?page_id=10\">Zur Seite AKTUELLES &#8230;<\/a><br \/><\/b><\/strong><\/td>\r\n<td style=\"width: 25%; vertical-align: top;\"><h4 style=\"text-align: center;\"><a href=\"https:\/\/www.eva-siegsdorf.de\/wordpress\/?page_id=111\">Z\u00e4hlerstandsmeldung<\/a><br \/><br \/><img loading=\"lazy\" decoding=\"async\" src=\"https:\/\/www.eva-siegsdorf.de\/wordpress\/wp-content\/uploads\/2016\/07\/Button-Zaehlerstandmeldung-1.jpg\" alt=\"\" width=\"153\" height=\"95\" class=\"wpimgload  aligncenter wp-image-812\" srcset=\"https:\/\/www.eva-siegsdorf.de\/wordpress\/wp-content\/uploads\/2016\/07\/Button-Zaehlerstandmeldung-1.jpg 552w, https:\/\/www.eva-siegsdorf.de\/wordpress\/wp-content\/uploads\/2016\/07\/Button-Zaehlerstandmeldung-1-300x186.jpg 300w\" sizes=\"auto, (max-width: 153px) 100vw, 153px\" \/><\/h4><\/td>\r\n<td style=\"width: 25%; vertical-align: top;\"><strong>Informationen zum<br \/>intelligenten Messsystem (iMSys)<br \/><br \/><b><br \/><a href=\"https:\/\/www.eva-siegsdorf.de\/wordpress\/?page_id=124\">Zu den Infos &#8230;<\/a><\/b><\/strong><\/td>\r\n<td style=\"width: 25%; vertical-align: top;\"><strong><b>Informationen f\u00fcr Installationsunternehmen <br \/>\u00fcber das digitale Netzanschlussportal\u00a0<br \/><a href=\"https:\/\/www.eva-siegsdorf.de\/wordpress\/?page_id=10\">Zur Seite AKTUELLES &#8230;<\/a><br \/><br \/><a href=\"https:\/\/www.eva-siegsdorf.de\/wordpress\/?page_id=124\">Zum digitalen Netzanschlussportal<\/a><\/b><\/strong><\/td>\r\n<\/tr>\r\n<\/tbody><\/table>\r\n<br \/><br \/>\r\n<table style=\"background-color: #e3e3e3; border: none; width: 100%;\" cellpadding=\"0\">\r\n<tbody><tr>\r\n<td style=\"width: 40%;\"><a href=\"http:\/\/www.eva-siegsdorf.de\/wordpress\/wp-content\/uploads\/2016\/07\/EVA-Textfoto-Home-1.jpg\"><img loading=\"lazy\" decoding=\"async\" src=\"http:\/\/www.eva-siegsdorf.de\/wordpress\/wp-content\/uploads\/2016\/07\/EVA-Textfoto-Home-1-300x200.jpg\" class=\"wpimgload  alignnone wp-image-1745 size-medium\" height=\"200\" width=\"300\" srcset=\"https:\/\/www.eva-siegsdorf.de\/wordpress\/wp-content\/uploads\/2016\/07\/EVA-Textfoto-Home-1-300x200.jpg 300w, https:\/\/www.eva-siegsdorf.de\/wordpress\/wp-content\/uploads\/2016\/07\/EVA-Textfoto-Home-1-768x512.jpg 768w, https:\/\/www.eva-siegsdorf.de\/wordpress\/wp-content\/uploads\/2016\/07\/EVA-Textfoto-Home-1-1024x683.jpg 1024w, https:\/\/www.eva-siegsdorf.de\/wordpress\/wp-content\/uploads\/2016\/07\/EVA-Textfoto-Home-1.jpg 1200w\" sizes=\"auto, (max-width: 300px) 100vw, 300px\" \/><\/a><\/td>\r\n<td style=\"width: 60%; padding: 0 20px;\"><h4>Vorteile der regionalen Stromversorgung<\/h4>\r\nHerzlich willkommen auf der Homepage der Elektrizit\u00e4tsgenossenschaft Vogling &amp; Angrenzer eG. Nahezu 100 Jahre Erfahrung in der regionalen Stromversorgung des Gro\u00dfraums Siegsdorf sind die Grundlage, die wir Ihnen als EVA-Kunde zur Verf\u00fcgung stellen und die Ihnen zuverl\u00e4ssige Versorgungssicherheit bietet. Genauso selbstverst\u00e4ndlich und einfach, wie Sie Ihre Lebensmittel vor Ort oder in der n\u00e4heren Umgebung einkaufen, k\u00f6nnen Sie auch die lebenswichtige Energie \u201eStrom\u201c direkt hier in unserer Region beziehen und dabei von kurzen Wegen, kompetenter, pers\u00f6nlicher Beratung und Betreuung, Zuverl\u00e4ssigkeit und fairen Preisen profitieren. Das EVA-Serviceteam freut sich schon auf Ihren Kontakt.<br \/><br \/><br \/><\/td><\/tr><\/tbody><\/table><br \/><br \/><br \/>\r\n<a href=\"http:\/\/www.eva-siegsdorf.de\/wordpress\/?page_id=11\"><img loading=\"lazy\" decoding=\"async\" class=\"alignnone\" src=\"http:\/\/www.eva-siegsdorf.de\/wordpress\/wp-content\/uploads\/2016\/07\/strom.jpg\" height=\"281\" width=\"315\" \/><\/a><a href=\"http:\/\/www.eva-siegsdorf.de\/wordpress\/?page_id=12\"><img loading=\"lazy\" decoding=\"async\" src=\"http:\/\/www.eva-siegsdorf.de\/wordpress\/wp-content\/uploads\/2016\/07\/netz.jpg\" height=\"279\" width=\"315\" \/><\/a><a href=\"http:\/\/www.eva-siegsdorf.de\/wordpress\/?page_id=99\"><img loading=\"lazy\" decoding=\"async\" src=\"http:\/\/www.eva-siegsdorf.de\/wordpress\/wp-content\/uploads\/2016\/07\/stoerungsmeldung.jpg\" height=\"279\" width=\"315\" \/><\/a><br \/>\r\n<br \/><br \/><br \/><br \/>\r\n<div 580px=\"\" padding:=\"\" 10px=\"\" background:=\"\" e3e3e3=\"\">\r\n<table>\r\n<tbody><tr>\r\n<td><h4 style=\"margin-top: 20px;\">Regionaler Fachbetrieb der Elektroinnung<\/h4>Um f\u00fcr Sie \u00fcber die Versorgung mit Strom hinaus entsprechende Leistungen auch im Bereich der Elektrotechnik erbringen zu k\u00f6nnen, wurde 2004 die \u201eVogling &amp; Angrenzer Dienstleistungs GmbH\u201c gegr\u00fcndet. Als regionaler Fachbetrieb der Elektroinnung sind wir in der Lage, s\u00e4mtliche elektrotechnischen Leistungen erbringen zu k\u00f6nnen, die Sie mit Recht von einem modernen Elektroinstallationsunternehmen erwarten &#8211; vom Baustromanschluss \u00fcber die gesamte Palette der Elektro-Haustechnik bis hin zu umfassenden, hochtechnisierten Smart Home-L\u00f6sungen.<br \/><br \/>\r\nSinnvoll erg\u00e4nzt wird das Ganze durch einen kompetenten Fachhandel f\u00fcr Elektroger\u00e4te (alle Marken) und einen Spezialfachhandel f\u00fcr Miele-Elektroger\u00e4te einschlie\u00dflich eines bestens ausgebildeten, autorisierten Miele-Kundendienstes.<br \/><br \/>\r\n<a href=\"http:\/\/www.eva-siegsdorf.de\/wordpress2\/\">&gt;&gt; Vogling &amp; Angrenzer Dienstleistungs GmbH<\/a>\r\n<\/td>\r\n<td style=\"vertical-align: top; padding-top: 80px;\"><img loading=\"lazy\" decoding=\"async\" src=\"http:\/\/www.eva-siegsdorf.de\/wordpress\/wp-content\/uploads\/2016\/07\/bild2-300x212.jpg\" class=\"wpimgload  alignnone wp-image-78 size-medium\" height=\"212\" width=\"300\" srcset=\"https:\/\/www.eva-siegsdorf.de\/wordpress\/wp-content\/uploads\/2016\/07\/bild2-300x212.jpg 300w, https:\/\/www.eva-siegsdorf.de\/wordpress\/wp-content\/uploads\/2016\/07\/bild2.jpg 446w\" sizes=\"auto, (max-width: 300px) 100vw, 300px\" \/>\r\n<\/td>\r\n<\/tr>\r\n<\/tbody><\/table><br \/><br \/><br \/><br \/><br \/><br \/><br \/><\/div>\r\n","protected":false},"excerpt":{"rendered":"<p>AKTUELLES Information &#8211; St\u00f6rungsauskunft:\u00a0Stromausfall vom 01.04.2026 (14:35 Uhr)Stromausfall vom 03.04.2026 (05:15 Uhr)\u00a0Zur Seite AKTUELLES &#8230; Z\u00e4hlerstandsmeldung Informationen zumintelligenten Messsystem (iMSys)Zu den Infos &#8230; Informationen f\u00fcr Installationsunternehmen \u00fcber das digitale Netzanschlussportal\u00a0Zur Seite AKTUELLES &#8230;Zum digitalen Netzanschlussportal Vorteile der regionalen Stromversorgung Herzlich willkommen auf der Homepage der Elektrizit\u00e4tsgenossenschaft Vogling &amp; Angrenzer eG. Nahezu 100 Jahre Erfahrung in [&hellip;]<\/p>\n","protected":false},"author":1,"featured_media":0,"parent":0,"menu_order":1,"comment_status":"closed","ping_status":"closed","template":"","meta":{"footnotes":""},"class_list":["post-8","page","type-page","status-publish","hentry"],"_links":{"self":[{"href":"https:\/\/www.eva-siegsdorf.de\/wordpress\/index.php?rest_route=\/wp\/v2\/pages\/8","targetHints":{"allow":["GET"]}}],"collection":[{"href":"https:\/\/www.eva-siegsdorf.de\/wordpress\/index.php?rest_route=\/wp\/v2\/pages"}],"about":[{"href":"https:\/\/www.eva-siegsdorf.de\/wordpress\/index.php?rest_route=\/wp\/v2\/types\/page"}],"author":[{"embeddable":true,"href":"https:\/\/www.eva-siegsdorf.de\/wordpress\/index.php?rest_route=\/wp\/v2\/users\/1"}],"replies":[{"embeddable":true,"href":"https:\/\/www.eva-siegsdorf.de\/wordpress\/index.php?rest_route=%2Fwp%2Fv2%2Fcomments&post=8"}],"version-history":[{"count":173,"href":"https:\/\/www.eva-siegsdorf.de\/wordpress\/index.php?rest_route=\/wp\/v2\/pages\/8\/revisions"}],"predecessor-version":[{"id":3465,"href":"https:\/\/www.eva-siegsdorf.de\/wordpress\/index.php?rest_route=\/wp\/v2\/pages\/8\/revisions\/3465"}],"wp:attachment":[{"href":"https:\/\/www.eva-siegsdorf.de\/wordpress\/index.php?rest_route=%2Fwp%2Fv2%2Fmedia&parent=8"}],"curies":[{"name":"wp","href":"https:\/\/api.w.org\/{rel}","templated":true}]}}