{"id":313,"date":"2016-07-15T12:25:31","date_gmt":"2016-07-15T10:25:31","guid":{"rendered":"http:\/\/www.eva-siegsdorf.de\/wordpress\/?page_id=313"},"modified":"2025-12-29T15:14:57","modified_gmt":"2025-12-29T14:14:57","slug":"veroeffentlichungen-zur-netznutzung","status":"publish","type":"page","link":"https:\/\/www.eva-siegsdorf.de\/wordpress\/?page_id=313","title":{"rendered":"Ver\u00f6ffentlichungen zur Netznutzung"},"content":{"rendered":"<h4>Wichtige Ver\u00f6ffentlichungen zur Netznutzung<\/h4>Auf dieser Seite haben wir alle f\u00fcr Sie wichtigen Ver\u00f6ffentlichungen zur Netznutzung zusammengestellt. Mit einem Mausklick auf die jeweilige Datei k\u00f6nnen Sie das entsprechende Dokument ansehen und auf Wunsch auch downloaden.<br \/>\r\n\r\n<h4><br \/><br \/>Ansicht und Downloads &#8222;Ver\u00f6ffentlichungen zur Netznutzung&#8220;<\/h4>\r\n\r\n <br \/><a href=\"http:\/\/www.eva-siegsdorf.de\/wordpress\/wp-content\/uploads\/2016\/07\/a.pdf\">Lastprofile im Netzgebiet der EVA<\/a><br \/><br \/><a href=\"https:\/\/www.eva-siegsdorf.de\/wordpress\/wp-content\/uploads\/2021\/09\/Definition-Grundversorger-2021-2024.pdf\">Definition Grundversorger 2021-2024<\/a><br \/><br \/><strong><a href=\"https:\/\/www.eva-siegsdorf.de\/wordpress\/wp-content\/uploads\/2024\/12\/Definition-Grundversorger-2025-2027.pdf\">Definition Grundversorger 2025-2027<\/a><\/strong><br \/><br \/><a href=\"http:\/\/www.eva-siegsdorf.de\/wordpress\/wp-content\/uploads\/2016\/07\/Ver.-DBA-2016.pdf\">Ver\u00f6ffentlichung gem. \u00a7 12 Abs. 3 StromNZV &#8211; DBA 2016<\/a><br \/><br \/><a href=\"http:\/\/www.eva-siegsdorf.de\/wordpress\/wp-content\/uploads\/2016\/07\/c.pdf\">Ver\u00f6ffentlichung gem. \u00a7 13 Abs. 3 StromNZV &#8211; Preise Mehr- und Mindermengenabrechnung<\/a><br \/><br \/><a href=\"http:\/\/www.eva-siegsdorf.de\/wordpress\/wp-content\/uploads\/2016\/07\/Ver.-gem.-17-Abs.-2-StromNZV-Netzrelevante-Daten-2016.pdf\">Ver\u00f6ffentlichung gem. \u00a7 17 Abs. 2 StromNZV &#8211; Netzrelevante Daten 2016<\/a><br \/><br \/><a href=\"https:\/\/www.eva-siegsdorf.de\/wordpress\/wp-content\/uploads\/2021\/12\/Preisblatt-Netz-2022.pdf\">Ver\u00f6ffentlichung gem. \u00a7 17 und \u00a7 27 Abs. 1 StromNEV &#8211; Netznutzungsentgelte 2022<\/a><br \/><br \/><a href=\"https:\/\/www.eva-siegsdorf.de\/wordpress\/wp-content\/uploads\/2023\/01\/Preisblatt-Netz-2023.pdf\">Ver\u00f6ffentlichung gem. \u00a7 17 und \u00a7 27 Abs. 1 StromNEV &#8211; Netznutzungsentgelte 2023<\/a><br \/><br \/><a href=\"https:\/\/www.eva-siegsdorf.de\/wordpress\/wp-content\/uploads\/2023\/12\/Preisblatt-Netz-2024.pdf\">Ver\u00f6ffentlichung gem. \u00a7 17 und \u00a7 27 Abs. 1 StromNEV &#8211; Netznutzungsentgelte 2024<\/a><br \/><br \/><a href=\"https:\/\/www.eva-siegsdorf.de\/wordpress\/wp-content\/uploads\/2024\/12\/Preisblatt-Netz-2025.pdf\">Ver\u00f6ffentlichung gem. \u00a7 17 und \u00a7 27 Abs. 1 StromNEV &#8211; Netznutzungsentgelte 2025<\/a><strong><br \/><br \/><a href=\"https:\/\/www.eva-siegsdorf.de\/wordpress\/wp-content\/uploads\/2025\/12\/Preisblatt-Netz-2026.pdf\">Ver\u00f6ffentlichung gem. \u00a7 17 und \u00a7 27 Abs. 1 StromNEV &#8211; Netznutzungsentgelte 2026<\/a><br \/><br \/><a href=\"https:\/\/www.eva-siegsdorf.de\/wordpress\/wp-content\/uploads\/2025\/12\/Preisblatt-Netz-2026-Schattenpreisblatt.pdf\">Ver\u00f6ffentlichung gem. \u00a7 118 Abs. 5a Satz 2 EnWG &#8211; Netznutzungsentgelte 2026 &#8211; Schattenpreisblatt<\/a><\/strong><br \/><br \/><a href=\"http:\/\/www.eva-siegsdorf.de\/wordpress\/wp-content\/uploads\/2016\/07\/NES-EW_ErlOG_Siegsdorf_2016_151216-Referenzpreisblatt.pdf\">Referenzpreisblatt zur Ermittlung vermiedener Netzentgelte, g\u00fcltig ab 01.01.2018<\/a>\u00a0<br \/><br \/><a href=\"https:\/\/www.eva-siegsdorf.de\/wordpress\/wp-content\/uploads\/2021\/12\/Veroeffentlichung-gem.-\u00a7-19-Abs.-2-StromNEV-Hochlast-Zeitfenster-2021.pdf\">Ver\u00f6ffentlichung gem. \u00a7 19 Abs. 2 StromNEV &#8211; Hochlast-Zeitfenster 2021<\/a><br \/><br \/><a href=\"https:\/\/www.eva-siegsdorf.de\/wordpress\/wp-content\/uploads\/2021\/12\/Veroeffentlichung-gem.-\u00a7-19-Abs.-2-StromNEV-Hochlast-Zeitfenster-2022.pdf\">Ver\u00f6ffentlichung gem. \u00a7 19 Abs. 2 StromNEV &#8211; Hochlast-Zeitfenster 2022<\/a><br \/><br \/><a href=\"https:\/\/www.eva-siegsdorf.de\/wordpress\/wp-content\/uploads\/2023\/01\/Veroeffentlichung-gem.-\u00a7-19-Abs.-2-StromNEV-Hochlast-Zeitfenster-2023.pdf\">Ver\u00f6ffentlichung gem. \u00a7 19 Abs. 2 StromNEV &#8211; Hochlast-Zeitfenster 2023<\/a><br \/><br \/><a href=\"https:\/\/www.eva-siegsdorf.de\/wordpress\/wp-content\/uploads\/2024\/01\/Veroeffentlichung-gem.-\u00a7-19-Abs.-2-StromNEV-Hochlast-Zeitfenster-2024.pdf\">Ver\u00f6ffentlichung gem. \u00a7 19 Abs. 2 StromNEV &#8211; Hochlast-Zeitfenster 2024<\/a><br \/><br \/><strong><a href=\"https:\/\/www.eva-siegsdorf.de\/wordpress\/wp-content\/uploads\/2024\/12\/Veroeffentlichung-gem.-\u00a7-19-Abs.-2-StromNEV-Hochlast-Zeitfenster-2025.pdf\">Ver\u00f6ffentlichung gem. \u00a7 19 Abs. 2 StromNEV &#8211; Hochlast-Zeitfenster 2025<\/a><br \/><br \/><a href=\"https:\/\/www.eva-siegsdorf.de\/wordpress\/wp-content\/uploads\/2025\/11\/Hochlastzeitfenster-2026.pdf\">Ver\u00f6ffentlichung gem. \u00a7 19 Abs. 2 StromNEV &#8211; Hochlast-Zeitfenster 2026<\/a><\/strong><br \/><br \/><a href=\"http:\/\/www.eva-siegsdorf.de\/wordpress\/wp-content\/uploads\/2016\/07\/Ver.-gem.-27-Abs.-2-StromNEV-Strukturmerkmale-2016.pdf\">Ver\u00f6ffentlichung gem. \u00a7 27 Abs. 2 StromNEV &#8211; Strukturmerkmale 2016<\/a><br \/><br \/><a href=\"http:\/\/www.eva-siegsdorf.de\/wordpress\/wp-content\/uploads\/2016\/07\/Ver.-gem.-77-EEG-2016.pdf\">Ver\u00f6ffentlichung gem. \u00a7 77 EEG &#8211; 2016<\/a><br \/><br \/><a href=\"http:\/\/www.eva-siegsdorf.de\/wordpress\/wp-content\/uploads\/2016\/07\/Niederspannungsanschlussverordnung-NAV.pdf\">Niederspannungsanschlussverordnung-NAV<\/a><br \/><br \/><a href=\"http:\/\/www.eva-siegsdorf.de\/wordpress\/wp-content\/uploads\/2016\/07\/Widerrufsformular.pdf\">Widerrufsformular<\/a><a href=\"http:\/\/www.eva-siegsdorf.de\/wordpress\/wp-content\/uploads\/2016\/07\/Hochlast-Zeitfenster-2017.pdf\"><\/a><a href=\"http:\/\/www.eva-siegsdorf.de\/wordpress\/wp-content\/uploads\/2016\/07\/h.pdf\"><\/a><a href=\"http:\/\/www.eva-siegsdorf.de\/wordpress\/wp-content\/uploads\/2016\/07\/f.pdf\"><br \/><br \/><\/a><a href=\"https:\/\/www.eva-siegsdorf.de\/wordpress\/wp-content\/uploads\/2024\/01\/2023-10-01_Kontaktdatenblatt-Netzbetreiber-Messstellenbetreiber-EVA-Siegsdorf.xls\">Kontaktdatenblatt Netzbetreiber \u2013 EVA Siegsdorf \u2013 01.10.2023<\/a><br \/><br \/><a href=\"http:\/\/www.eva-siegsdorf.de\/wordpress\/?page_id=12\">&lt;&lt;&lt; zur\u00fcck<\/a><br \/>\r\n\r\n<div style=\"height: 85px !important;\"><\/div>\r\n","protected":false},"excerpt":{"rendered":"<p>Wichtige Ver\u00f6ffentlichungen zur NetznutzungAuf dieser Seite haben wir alle f\u00fcr Sie wichtigen Ver\u00f6ffentlichungen zur Netznutzung zusammengestellt. Mit einem Mausklick auf die jeweilige Datei k\u00f6nnen Sie das entsprechende Dokument ansehen und auf Wunsch auch downloaden. Ansicht und Downloads &#8222;Ver\u00f6ffentlichungen zur Netznutzung&#8220; Lastprofile im Netzgebiet der EVADefinition Grundversorger 2021-2024Definition Grundversorger 2025-2027Ver\u00f6ffentlichung gem. \u00a7 12 Abs. 3 StromNZV [&hellip;]<\/p>\n","protected":false},"author":2,"featured_media":0,"parent":0,"menu_order":0,"comment_status":"closed","ping_status":"closed","template":"","meta":{"footnotes":""},"class_list":["post-313","page","type-page","status-publish","hentry"],"_links":{"self":[{"href":"https:\/\/www.eva-siegsdorf.de\/wordpress\/index.php?rest_route=\/wp\/v2\/pages\/313","targetHints":{"allow":["GET"]}}],"collection":[{"href":"https:\/\/www.eva-siegsdorf.de\/wordpress\/index.php?rest_route=\/wp\/v2\/pages"}],"about":[{"href":"https:\/\/www.eva-siegsdorf.de\/wordpress\/index.php?rest_route=\/wp\/v2\/types\/page"}],"author":[{"embeddable":true,"href":"https:\/\/www.eva-siegsdorf.de\/wordpress\/index.php?rest_route=\/wp\/v2\/users\/2"}],"replies":[{"embeddable":true,"href":"https:\/\/www.eva-siegsdorf.de\/wordpress\/index.php?rest_route=%2Fwp%2Fv2%2Fcomments&post=313"}],"version-history":[{"count":64,"href":"https:\/\/www.eva-siegsdorf.de\/wordpress\/index.php?rest_route=\/wp\/v2\/pages\/313\/revisions"}],"predecessor-version":[{"id":3457,"href":"https:\/\/www.eva-siegsdorf.de\/wordpress\/index.php?rest_route=\/wp\/v2\/pages\/313\/revisions\/3457"}],"wp:attachment":[{"href":"https:\/\/www.eva-siegsdorf.de\/wordpress\/index.php?rest_route=%2Fwp%2Fv2%2Fmedia&parent=313"}],"curies":[{"name":"wp","href":"https:\/\/api.w.org\/{rel}","templated":true}]}}