{"id":309,"date":"2016-07-15T12:24:59","date_gmt":"2016-07-15T10:24:59","guid":{"rendered":"http:\/\/www.eva-siegsdorf.de\/wordpress\/?page_id=309"},"modified":"2025-12-29T15:10:14","modified_gmt":"2025-12-29T14:10:14","slug":"netzvertraege","status":"publish","type":"page","link":"https:\/\/www.eva-siegsdorf.de\/wordpress\/?page_id=309","title":{"rendered":"Netzvertr\u00e4ge"},"content":{"rendered":"<h4>Netzvertr\u00e4ge\/Entgelte<\/h4>Entsprechend \u00a7 20 Abs. 1 des Energiewirtschaftsgesetzes (EnWG) sind die Bedingungen bzw. die Mustervertr\u00e4ge f\u00fcr den Zugang zu den Energieversorgungsnetzen seitens des Netzbetreibers zu ver\u00f6ffentlichen. Nachstehend sind die derzeit g\u00fcltigen Vertragsmodelle mit entsprechenden Anlagen f\u00fcr den Netzzugang zum Download angeboten. Die hier ver\u00f6ffentlichten Vertragstexte einschlie\u00dflich der erforderlichen Anlagen d\u00fcrfen ausschlie\u00dflich f\u00fcr Vertragsabschl\u00fcsse mit der Elektrizit\u00e4tsgenossenschaft Vogling &amp; Angrenzer eG verwendet werden. Jede andere Verwendung &#8211; auch in Ausz\u00fcgen oder Teilen &#8211; ist nicht gestattet.<br \/><br \/><div id=\"accordion-1\" class=\"accordion no-js\"><br \/>\n\t\t\t\t\t<h3 role=\"button\" id=\"accordion-1-t1\" class=\"accordion-title js-accordion-controller\" aria-controls=\"accordion-1-c1\" aria-expanded=\"false\" tabindex=\"0\">\n\t\t\t\tNetznutzungsentgelte\t\t\t<\/h3>\n\t\t\n\t\t<div id=\"accordion-1-c1\" class=\"accordion-content\" aria-hidden=\"true\">\n\t\t\t\u00a0<a href=\"http:\/\/www.eva-siegsdorf.de\/wordpress\/wp-content\/uploads\/2016\/07\/Anl-a.pdf\"><br \/><\/a>Energieversorgungsunternehmen sind gem\u00e4\u00df \u00a7 21 Abs. 3 EnWG verpflichtet, die f\u00fcr ihr Netz geltenden Netzentgelte auf ihren Internetseiten zu ver\u00f6ffentlichen. Nach \u00a7 21 Abs. 2 StromNEV m\u00fcssen Netzbetreiber ihre Netzentgelte anpassen, wenn eine \u00c4nderung der Erl\u00f6sobergrenze nach \u00a7 4 Abs. 3 bis 5 ARegV zu einer Absenkung der Netzentgelte f\u00fchrt. In allen anderen F\u00e4llen einer Anpassung der Erl\u00f6sobergrenze nach \u00a7 4 Abs. 3 bis 5 ARegV besteht ein Recht &#8211; jedoch keine Pflicht &#8211; zur Netzentgeltanpassung.\u00a0<br \/><h4><br \/>Geltende Netzentgelte\u00a0<\/h4>Vor diesem Hintergrund pass die Elektrizit\u00e4tsgenossenschaft Vogling &amp; Angrenzer eG (im Folgenden &#8222;EVA-Siegsdorf&#8220; genannt) ihre Netzentgelte mit Wirkung zum 01.01.2026 an.<br \/>Gem\u00e4\u00df \u00a7 24c EnWG wurden die in die Netzentgeltkalkulation der EVA-Siegsdorf eingeflossenen Entgelte der \u00dcbertragungsnetzbetreiber (\u00dcNB) f\u00fcr das Jahr 2026 unter Ber\u00fccksichtigung eines Bundeszuschusses zur anteiligen Deckung der Netzkosten ermittelt.\u00a0<br \/>Die EVA-Siegsdorf weist darauf hin, dass die \u00dcNB nach \u00a7 24c Abs. 5 EnWG unter bestimmten Voraussetzungen berechtigt sind, ihre Netzentgelte im Jahr 2026 auch unterj\u00e4hrig anzupassen. Sollte es zu einer solchen Anpassung kommen, wird die EVA-Siegsdorf ihre eigenen Netzentgelte entsprechend fortschreiben, sofern dem keine abweichenden gesetzlichen oder beh\u00f6rdlichen Vorgaben entgegenstehen.\u00a0<br \/>Gem\u00e4\u00df \u00a7 118 Abs. 5a Satz 2 EnWG sind Verteilnetzbetreiber zudem verpflichtet, erg\u00e4nzend zu den regul\u00e4ren Netzentgelten ein fiktives Vergleichsentgelt f\u00fcr typische Abnahmef\u00e4lle zu berechnen und zu ver\u00f6ffentlichen &#8211; also jenes Entgelt, das sich ohne Ber\u00fccksichtigung des reduzierten \u00dcbertragungsnetzentgeltes bzw. Bundeszuschusses ergeben h\u00e4tte. Die Darstellung erfolgt in einem gesonderten Preisblatt &#8222;Schattenpreisblatt&#8220;.<br \/>Es ist zu beachten, dass etwaige Mehrkosten gem\u00e4\u00df Kraft-W\u00e4rme-Kopplungsgesetz, Aufschlag f\u00fcr besondere Netznutzung, Offshore-Netzumlage, Umsatzsteuer und ggf. Konzessionsabgabe sowie andere Umlagen nicht in den Netzentgelten enthalten sind.\u00a0<br \/><br \/>Ansicht und Download <a href=\"https:\/\/www.eva-siegsdorf.de\/wordpress\/wp-content\/uploads\/2025\/12\/Preisblatt-Netz-2026.pdf\">Preisblatt Netznutzungsentgelte 2026<\/a><br \/><br \/>Ansicht und Download <a href=\"https:\/\/www.eva-siegsdorf.de\/wordpress\/wp-content\/uploads\/2025\/12\/Preisblatt-Netz-2026-Schattenpreisblatt.pdf\">Schattenpreisblatt &#8211; Netznutzungsentgelte 2026<\/a><br \/><br \/><h4>Netzentgelt-Historie<\/h4>Ansicht und Download <a href=\"https:\/\/www.eva-siegsdorf.de\/wordpress\/wp-content\/uploads\/2021\/12\/Preisblatt-Netz-2022.pdf\">Preisblatt Netznutzungsentgelte 2022<\/a><br \/><br \/>Ansicht und Download <a href=\"https:\/\/www.eva-siegsdorf.de\/wordpress\/wp-content\/uploads\/2023\/01\/Preisblatt-Netz-2023.pdf\">Preisblatt Netznutzungsentgelte 2023<\/a><br \/><br \/>Ansicht und Download <a href=\"https:\/\/www.eva-siegsdorf.de\/wordpress\/wp-content\/uploads\/2023\/12\/Preisblatt-Netz-2024.pdf\">Preisblatt Netznutzungsentgelte 2024<\/a><br \/><br \/>Ansicht und Download <a href=\"https:\/\/www.eva-siegsdorf.de\/wordpress\/wp-content\/uploads\/2024\/12\/Preisblatt-Netz-2025.pdf\">Preisblatt Netznutzungsentgelte 2025<\/a><br \/><br \/><br \/><br \/><br \/>\t\t<\/div>\n\n\t\t<br \/>\n\t\t\t\t\t<h3 role=\"button\" id=\"accordion-1-t2\" class=\"accordion-title js-accordion-controller\" aria-controls=\"accordion-1-c2\" aria-expanded=\"false\" tabindex=\"0\">\n\t\t\t\tNetznutzungsvertrag gem\u00e4\u00df BNetzA Beschluss (g\u00fcltig ab 01.04.2022)\t\t\t<\/h3>\n\t\t\n\t\t<div id=\"accordion-1-c2\" class=\"accordion-content\" aria-hidden=\"true\">\n\t\t\t Ansicht und Download <a href=\"https:\/\/www.eva-siegsdorf.de\/wordpress\/wp-content\/uploads\/2022\/03\/Netznutzungsvertrag-Entnahme-gem.-Beschluss-BK6-20-160-vom-21.12.2020-01.04.2022.pdf\">Netznutzungsvertrag-Lieferantenrahmenvertrag &#8211; BK6-20-160, Beschl. v. 21.12.2020<\/a><br \/><br \/>A<a href=\"http:\/\/www.eva-siegsdorf.de\/wordpress\/wp-content\/uploads\/2016\/07\/Preisblatt-Netz-2017-unter-Vorbehalt.pdf\"><\/a>nsicht und Download <a href=\"https:\/\/www.eva-siegsdorf.de\/wordpress\/wp-content\/uploads\/2022\/03\/Anlage-1-EDI-Vereinbarung-gem.-Beschluss-BK6-20-160-vom-21.12.2020-01.04.2022.pdf\">Vereinbarung \u00fcber den elektronischen Datenaustausch (EDI) &#8211; BK6-20-160, Beschl. v. 21.12.2020 <\/a><br \/><br \/>A<a href=\"http:\/\/www.eva-siegsdorf.de\/wordpress\/wp-content\/uploads\/2016\/07\/Preisblatt-Netz-2017-unter-Vorbehalt.pdf\"><\/a>nsicht und Download <a href=\"https:\/\/www.eva-siegsdorf.de\/wordpress\/wp-content\/uploads\/2022\/03\/Anlage-2-Sperr-Entsperrauftrag.xlsx\">Auftrag zur Unterbrechung der Anschlussnutzung (Sperrung)<\/a><br \/><br \/>A<a href=\"http:\/\/www.eva-siegsdorf.de\/wordpress\/wp-content\/uploads\/2016\/07\/Preisblatt-Netz-2017-unter-Vorbehalt.pdf\"><\/a>nsicht und Download <a href=\"https:\/\/www.eva-siegsdorf.de\/wordpress\/wp-content\/uploads\/2022\/03\/Anlage-3-Zuordnungsvereinbarung-gem.-Beschluss-BK6-20-160-vom-21.12.2020-01.04.2022.pdf\">Zuordnungsvereinbarung &#8211; BK6-20-160, Beschl. v. 21.12.2020<\/a><br \/><br \/>A<a href=\"http:\/\/www.eva-siegsdorf.de\/wordpress\/wp-content\/uploads\/2016\/07\/Preisblatt-Netz-2017-unter-Vorbehalt.pdf\"><\/a>nsicht und Download <a href=\"https:\/\/www.eva-siegsdorf.de\/wordpress\/wp-content\/uploads\/2024\/01\/2023-10-01_Kontaktdatenblatt-Netzbetreiber-Messstellenbetreiber-EVA-Siegsdorf.xls\">Kontaktdatenblatt Netzbetreiber \u2013 EVA Siegsdorf \u2013 01.10.2023<\/a><br \/><br \/>Ansicht und Download <a href=\"https:\/\/www.eva-siegsdorf.de\/wordpress\/wp-content\/uploads\/2023\/12\/Preisblatt-Netz-2024.pdf\">Preisblatt Netznutzungsentgelte 2024<\/a><br \/><br \/>Ansicht und Download <a href=\"https:\/\/www.eva-siegsdorf.de\/wordpress\/wp-content\/uploads\/2024\/12\/Preisblatt-Netz-2025.pdf\">Preisblatt Netznutzungsentgelte 2025<\/a><br \/><br \/>\t\t<\/div>\n\n\t\t<br \/>\n\t\t\t\t\t<h3 role=\"button\" id=\"accordion-1-t3\" class=\"accordion-title js-accordion-controller\" aria-controls=\"accordion-1-c3\" aria-expanded=\"false\" tabindex=\"0\">\n\t\t\t\tMessvertr\u00e4ge\t\t\t<\/h3>\n\t\t\n\t\t<div id=\"accordion-1-c3\" class=\"accordion-content\" aria-hidden=\"true\">\n\t\t\t Ansicht und Download <a href=\"http:\/\/www.eva-siegsdorf.de\/wordpress\/wp-content\/uploads\/2016\/07\/Anl-b.pdf\">Messrahmenvertrag<\/a><br \/>Ansicht und Download <a href=\"http:\/\/www.eva-siegsdorf.de\/wordpress\/wp-content\/uploads\/2016\/07\/Anl-c.pdf\">Messstellenrahmenvertrag<\/a><br \/>Ansicht und Download <a href=\"http:\/\/www.eva-siegsdorf.de\/wordpress\/wp-content\/uploads\/2016\/07\/Anl-d.pdf\">Anlage 1 zum Messstellenrahmenvertrag (Strom)<\/a><br \/>\t\t<\/div>\n\n\t\t<br \/>\n\t\t\t\t\t<h3 role=\"button\" id=\"accordion-1-t4\" class=\"accordion-title js-accordion-controller\" aria-controls=\"accordion-1-c4\" aria-expanded=\"false\" tabindex=\"0\">\n\t\t\t\tAnschlussnutzungsvertrag Strom\t\t\t<\/h3>\n\t\t\n\t\t<div id=\"accordion-1-c4\" class=\"accordion-content\" aria-hidden=\"true\">\n\t\t\t <strong>Mittelspannung<\/strong><br \/>Ansicht und Download <a href=\"http:\/\/www.eva-siegsdorf.de\/wordpress\/wp-content\/uploads\/2016\/07\/Anl-e.pdf\">Anschlussnutzungsvertrag Strom f\u00fcr eine Mittelspannungsentnahmestelle (ANVS-MSP)<\/a><br \/>Ansicht und Download <a href=\"http:\/\/www.eva-siegsdorf.de\/wordpress\/wp-content\/uploads\/2016\/07\/Anl-f.pdf\">Allgemeine Bedingungen f\u00fcr den Netzanschluss sowie dessen Nutzung in Mittelspannung (ABAAN-M)<\/a><br \/>Ansicht und Download <a href=\"http:\/\/www.eva-siegsdorf.de\/wordpress\/wp-content\/uploads\/2016\/07\/Anl-g.pdf\">Anlage zum Netzanschlussvertrag\/Anschlussnutzungsvertrag<\/a> \t\t<\/div>\n\n\t\t<br \/>\n\t\t\t\t\t<h3 role=\"button\" id=\"accordion-1-t5\" class=\"accordion-title js-accordion-controller\" aria-controls=\"accordion-1-c5\" aria-expanded=\"false\" tabindex=\"0\">\n\t\t\t\tNetzanschlussvertrag Strom\t\t\t<\/h3>\n\t\t\n\t\t<div id=\"accordion-1-c5\" class=\"accordion-content\" aria-hidden=\"true\">\n\t\t\t<strong>Niederspannung<\/strong><br \/>Ansicht und Download &#8222;<a href=\"http:\/\/www.eva-siegsdorf.de\/wordpress\/wp-content\/uploads\/2016\/07\/Anl-h.pdf\">Netzanschlussvertrag f\u00fcr einen Niederspannungsanschluss &#8211; Strom (NAVS-NSP)<\/a><a href=\"http:\/\/www.eva-siegsdorf.de\/wordpress\/wp-content\/uploads\/2016\/07\/Anl-6.pdf\"><br \/><br \/><\/a><strong>Mittelspannung<\/strong><br \/>Ansicht und Download <a href=\"http:\/\/www.eva-siegsdorf.de\/wordpress\/wp-content\/uploads\/2016\/07\/Netzanschlussvertrag-MSP-Stand-Juli-2013-EVA.pdf\">Netzanschlussvertrag &#8211; Strom f\u00fcr einen Mittelspannungsanschluss (NAVS-MSP)<\/a>\u00a0<br \/>Ansicht und Download <a href=\"http:\/\/www.eva-siegsdorf.de\/wordpress\/wp-content\/uploads\/2016\/07\/Anl-j.pdf\">Allgemeine Bedingungen f\u00fcr den Netzanschluss sowie dessen Nutzung in Mittelspannung (ABAAN-M)<\/a> <br \/>Ansicht und Download <a href=\"http:\/\/www.eva-siegsdorf.de\/wordpress\/wp-content\/uploads\/2016\/07\/Anl-k.pdf\">Anlage zum Netzanschlussvertrag\/Anschlussnutzungsvertrag<\/a>\t\t<\/div>\n\n\t\t<br \/><\/div><br \/><a href=\"http:\/\/www.eva-siegsdorf.de\/wordpress\/?page_id=12\">&lt;&lt;&lt; zur\u00fcck<\/a>","protected":false},"excerpt":{"rendered":"<p>Netzvertr\u00e4ge\/EntgelteEntsprechend \u00a7 20 Abs. 1 des Energiewirtschaftsgesetzes (EnWG) sind die Bedingungen bzw. die Mustervertr\u00e4ge f\u00fcr den Zugang zu den Energieversorgungsnetzen seitens des Netzbetreibers zu ver\u00f6ffentlichen. Nachstehend sind die derzeit g\u00fcltigen Vertragsmodelle mit entsprechenden Anlagen f\u00fcr den Netzzugang zum Download angeboten. Die hier ver\u00f6ffentlichten Vertragstexte einschlie\u00dflich der erforderlichen Anlagen d\u00fcrfen ausschlie\u00dflich f\u00fcr Vertragsabschl\u00fcsse mit der Elektrizit\u00e4tsgenossenschaft [&hellip;]<\/p>\n","protected":false},"author":2,"featured_media":0,"parent":0,"menu_order":0,"comment_status":"closed","ping_status":"closed","template":"","meta":{"footnotes":""},"class_list":["post-309","page","type-page","status-publish","hentry"],"_links":{"self":[{"href":"https:\/\/www.eva-siegsdorf.de\/wordpress\/index.php?rest_route=\/wp\/v2\/pages\/309","targetHints":{"allow":["GET"]}}],"collection":[{"href":"https:\/\/www.eva-siegsdorf.de\/wordpress\/index.php?rest_route=\/wp\/v2\/pages"}],"about":[{"href":"https:\/\/www.eva-siegsdorf.de\/wordpress\/index.php?rest_route=\/wp\/v2\/types\/page"}],"author":[{"embeddable":true,"href":"https:\/\/www.eva-siegsdorf.de\/wordpress\/index.php?rest_route=\/wp\/v2\/users\/2"}],"replies":[{"embeddable":true,"href":"https:\/\/www.eva-siegsdorf.de\/wordpress\/index.php?rest_route=%2Fwp%2Fv2%2Fcomments&post=309"}],"version-history":[{"count":84,"href":"https:\/\/www.eva-siegsdorf.de\/wordpress\/index.php?rest_route=\/wp\/v2\/pages\/309\/revisions"}],"predecessor-version":[{"id":3456,"href":"https:\/\/www.eva-siegsdorf.de\/wordpress\/index.php?rest_route=\/wp\/v2\/pages\/309\/revisions\/3456"}],"wp:attachment":[{"href":"https:\/\/www.eva-siegsdorf.de\/wordpress\/index.php?rest_route=%2Fwp%2Fv2%2Fmedia&parent=309"}],"curies":[{"name":"wp","href":"https:\/\/api.w.org\/{rel}","templated":true}]}}