{"id":2679,"date":"2018-06-14T09:00:05","date_gmt":"2018-06-14T07:00:05","guid":{"rendered":"https:\/\/www.eva-siegsdorf.de\/wordpress\/?page_id=2679"},"modified":"2022-10-06T08:29:39","modified_gmt":"2022-10-06T06:29:39","slug":"datenschutz","status":"publish","type":"page","link":"https:\/\/www.eva-siegsdorf.de\/wordpress\/?page_id=2679","title":{"rendered":"Datenschutz"},"content":{"rendered":"<h1><strong>DATENSCHUTZ<\/strong><\/h1><h4><strong>Datenschutzerkl\u00e4rung &#8222;Kunde&#8220;<\/strong><\/h4><p>Informationen nach Art. 13, 14 Datenschutz-Grundverordnung (DS-GVO):<\/p><p><strong>Verantwortlicher: <\/strong>Elektrizit\u00e4tsgenossenschaft Vogling &amp; Angrenzer eG, H\u00f6pfling 2, 83313 Siegsdorf, Tel.-Nr.: 08662-490 22 0, E-Mail: <a href=\"mailto:eva@eva-siegsdorf.de\">eva@eva-siegsdorf.de<\/a><\/p><p><strong>Datenschutzbeauftragter, c\/o: <\/strong>H\u00f6pfling 2, 83313 Siegsdorf, Tel.-Nr.: 08662-490 22 0, E-Mail: <a href=\"mailto:eva@eva-siegsdorf.de\">eva@eva-siegsdorf.de<\/a><\/p><p>Die vollst\u00e4ndige Datenschutzerkl\u00e4rung \u201eKunde\u201c kann mit unten stehendem Link eingesehen sowie heruntergeladen werden und ist auch unentgeltlich am vorgenannten Gesch\u00e4ftssitz des Verantwortlichen in Papierform erh\u00e4ltlich. In dieser wird u. a. \u00fcber die Zwecke der Datenverarbeitung, die Empf\u00e4nger von personenbezogenen Daten, die Dauer der Datenspeicherung und diejenigen Rechte informiert, die betroffenen Personen nach der DS-GVO zustehen.<\/p><a href=\"https:\/\/www.eva-siegsdorf.de\/wordpress\/wp-content\/uploads\/2019\/11\/Datenschutzerkl\u00e4rung-Kunde-EVA-Siegsdorf-Mai-2018.pdf\">Datenschutzerkl\u00e4rung Kunde &#8211; EVA Siegsdorf &#8211; Mai 2018<\/a><br \/><p><strong>Allgemeiner Datenschutz<\/strong><\/p><p>Wir freuen uns sehr \u00fcber Ihr Interesse an unserem Unternehmen. Datenschutz hat einen besonders hohen Stellenwert f\u00fcr die Elektrizit\u00e4tsgenossenschaft Vogling &amp; Angrenzer eG.<\/p><p>Eine Nutzung der Internetseiten der Elektrizit\u00e4tsgenossenschaft Vogling &amp; Angrenzer eG ist grunds\u00e4tzlich ohne jede Angabe personenbezogener Daten m\u00f6glich. Wir weisen allerdings darauf hin, dass dann, wenn Sie unsere Internetseite besuchen, unser Webserver automatisch in sogenannten Server-Logfiles Ihre aktuelle IP-Adresse, die Erkennungsdaten des verwendeten Browser- und Betriebssystem-Typs, die Webseite, von der aus Sie uns besuchen (Referrer URL) und die Uhrzeit des Besuches speichert. Anhand dieser anonymen Dateien k\u00f6nnen wir jedoch keinen Besucher unseres Internetportals individualisieren bzw. identifizieren. Auch erfolgt keine Zusammenf\u00fchrung dieser Daten untereinander oder mit anderen Datenquellen, um R\u00fcckschl\u00fcsse auf Ihre Person ziehen zu k\u00f6nnen oder dies auch nur zu versuchen.<\/p><p>Sofern jedoch eine betroffene Person \u00fcber unsere Internetseite personenbezogene Daten eingibt, kann eine Verarbeitung personenbezogener Daten erforderlich werden. Ist die Verarbeitung personenbezogener Daten erforderlich und besteht f\u00fcr eine solche Verarbeitung keine gesetzliche Grundlage, holen wir generell eine individuelle Einwilligung der betroffenen Person ein und untermitteln dieser <strong>gesonderte Datenschutzhinweise.<\/strong> Die vorliegende Datenschutzerkl\u00e4rung betrifft somit ausschlie\u00dflich die allgemeine und \u00f6ffentliche Nutzung unseres Internetauftritts.<\/p><p>Die Elektrizit\u00e4tsgenossenschaft Vogling &amp; Angrenzer eG hat \u2013 als f\u00fcr die Verarbeitung personenbezogener Daten Verantwortlicher \u2013 zahlreiche technische und organisatorische Ma\u00dfnahmen umgesetzt, um einen m\u00f6glichst l\u00fcckenlosen Schutz, der \u00fcber diese und im Zusammenhang mit dieser Internetseite verarbeiteten personenbezogenen Daten sicherzustellen. Dennoch k\u00f6nnen internetbasierte Daten\u00fcbertragungen grunds\u00e4tzlich Sicherheitsl\u00fccken aufweisen, sodass ein absoluter Schutz von personenbezogenen Daten nicht gew\u00e4hrleistet werden kann. Aus diesem Grund steht es jeder betroffenen Person frei, personenbezogene Daten auch auf alternativen Wegen, beispielsweise telefonisch, an uns zu \u00fcbermitteln.<\/p><p>&nbsp;<\/p><p><strong>Verantwortliche Stelle<\/strong><\/p><p>Verantwortlicher im Sinne der Datenschutz-Grundverordnung (DSGVO) ist die:<\/p><p>&nbsp;<\/p><p>Elektrizit\u00e4tsgenossenschaft Vogling &amp; Angrenzer eG<\/p><p>H\u00f6pfling 2<\/p><p>83313 Siegsdorf<\/p><p>Tel.: 08662 49022-0<\/p><p>E-Mail: eva@eva-siegsdorf.de<\/p><p>Website: www.eva-siegsdorf.de<\/p><p>&nbsp;<\/p><p>&nbsp;<\/p><p><strong>Rechte des Nutzers<\/strong><\/p><p>Sie als Nutzer erhalten auf Antrag Ihrerseits kostenlose Auskunft dar\u00fcber, welche personenbezogenen Daten \u00fcber Sie bei uns gespeichert wurden. Sofern Ihr Wunsch nicht mit einer gesetzlichen Pflicht zur Aufbewahrung von Daten (z. B. Vorratsdatenspeicherung) kollidiert, haben Sie ein Anrecht auf Berichtigung falscher Daten und auf die gesamte oder teilweise Sperrung oder L\u00f6schung Ihrer personenbezogenen Daten.<\/p><p>&nbsp;<\/p><p>&nbsp;<\/p><p><strong>Ansprechpartner f\u00fcr Datenschutz<\/strong><\/p><p>Bei Fragen zur Erhebung, Verarbeitung oder Nutzung Ihrer personenbezogenen Daten, bei Ausk\u00fcnften, Berichtigung, Sperrung oder L\u00f6schung von Daten wenden Sie sich bitte an:<\/p><p>&nbsp;<\/p><p>Herr Maximilian Steinbei\u00dfer<\/p><p>Elektrizit\u00e4tsgenossenschaft<\/p><p>Vogling &amp; Angrenzer eG<\/p><p>H\u00f6pfling 2<\/p><p>83313 Siegsdorf<\/p><p>&nbsp;<\/p><p>&nbsp;<\/p><p><strong>        \u00a0 Begriffsbestimmungen<\/strong><\/p><p>Es gelten die folgenden Begrifflichkeiten gem\u00e4\u00df Art. 4 DSGVO:<\/p><p>&nbsp;<\/p><ol><li>\u201epersonenbezogene Daten\u201c alle Informationen, die sich auf eine identifizierte oder identifizierbare nat\u00fcrliche Person (im Folgenden \u201ebetroffene Person\u201c) beziehen; als identifizierbar wird eine nat\u00fcrliche Person angesehen, die direkt oder indirekt, insbesondere mittels Zuordnung zu einer Kennung wie einem Namen, zu einer Kennnummer, zu Standortdaten, zu einer Online-Kennung oder zu einem oder mehreren besonderen Merkmalen identifiziert werden kann, die Ausdruck der physischen, physiologischen, genetischen, psychischen, wirtschaftlichen, kulturellen oder sozialen Identit\u00e4t dieser nat\u00fcrlichen Person sind;<\/li><\/ol><p>&nbsp;<\/p><ol start=\"2\"><li>\u201eVerarbeitung\u201c jeden mit oder ohne Hilfe automatisierter Verfahren ausgef\u00fchrten Vorgang oder jede solche Vorgangsreihe im Zusammenhang mit personenbezogenen Daten wie das Erheben, das Erfassen, die Organisation, das Ordnen, die Speicherung, die Anpassung oder Ver\u00e4nderung, das Auslesen, das Abfragen, die Verwendung, die Offenlegung durch \u00dcbermittlung, Verbreitung oder eine andere Form der Bereitstellung, den Abgleich oder die Verkn\u00fcpfung, die Einschr\u00e4nkung, das L\u00f6schen oder die Vernichtung;<\/li><\/ol><p>&nbsp;<\/p><ol start=\"3\"><li>\u201eVerantwortlicher\u201c die nat\u00fcrliche oder juristische Person, Beh\u00f6rde, Einrichtung oder andere Stelle, die allein oder gemeinsam mit anderen \u00fcber die Zwecke und Mittel der Verarbeitung von personenbezogenen Daten entscheidet; sind die Zwecke und Mittel dieser Verarbeitung durch das Unionsrecht oder das Recht der Mitgliedstaaten vorgegeben, so k\u00f6nnen der Verantwortliche beziehungsweise die bestimmten Kriterien seiner Benennung nach dem Unionsrecht oder dem Recht der Mitgliedstaaten vorgesehen werden.<\/li><\/ol><p>&nbsp;<\/p><p>&nbsp;<\/p><p>&nbsp;<\/p><p><strong>             Cookies<\/strong><\/p><p>Wir verwenden auf unserer Seite sog. Cookies zum Wiedererkennen mehrfacher Nutzung unseres Angebots, durch denselben Nutzer\/Internetanschlussinhaber. Cookies sind kleine Textdateien, die Ihr Internet-Browser auf Ihrem Rechner ablegt und speichert. Sie dienen dazu, unseren Internetauftritt und unsere Angebote zu optimieren. Es handelt sich dabei zumeist um sog. &#8222;Session-Cookies&#8220;, die nach dem Ende Ihres Besuches wieder gel\u00f6scht werden.<\/p><p>Teilweise geben diese Cookies jedoch Informationen ab, um Sie automatisch wieder zu erkennen. Diese Wiedererkennung erfolgt aufgrund der in den Cookies gespeicherten IP-Adresse. Die so erlangten Informationen dienen dazu, unsere Angebote zu optimieren und Ihnen einen leichteren Zugang auf unsere Seite zu erm\u00f6glichen.<\/p><p>Sie k\u00f6nnen die Installation der Cookies durch eine entsprechende Einstellung Ihres Browsers verhindern; wir weisen Sie jedoch darauf hin, dass Sie in diesem Fall gegebenenfalls nicht s\u00e4mtliche Funktionen unserer Website vollumf\u00e4nglich nutzen k\u00f6nnen.<\/p><p>&nbsp;<\/p><p><strong>             Kontaktdaten<\/strong><\/p><p>Wir bieten Ihnen auf unserer Seite die M\u00f6glichkeit, mit uns per E-Mail und\/oder \u00fcber ein Kontaktformular in Verbindung zu treten. In diesem Fall werden die vom Nutzer gemachten Angaben zum Zwecke der Bearbeitung seiner Kontaktaufnahme gespeichert. Eine Weitergabe an Dritte erfolgt nicht. Ein Abgleich der so erhobenen Daten mit Daten, die m\u00f6glicherweise durch andere Komponenten unserer Seite erhoben werden, erfolgt ebenfalls nicht.<\/p><p>&nbsp;<\/p><p><strong>             Serverdaten<\/strong><\/p><p>Aus technischen Gr\u00fcnden werden u.a. folgende Daten, die Ihr Internet-Browser an uns bzw. an unseren Webspace-Provider \u00fcbermittelt, erfasst (sogenannte Serverlogfiles):<\/p><p>&nbsp;<\/p><p>&#8211;    Browsertyp und -version<\/p><p>&#8211;    verwendetes Betriebssystem<\/p><p>&#8211;    Webseite, von der aus Sie uns besuchen (Referrer URL)<\/p><p>&#8211;    Webseite, die Sie besuchen<\/p><p>&#8211;    Datum und Uhrzeit Ihres Zugriffs<\/p><p>&#8211;    Ihre Internet Protokoll (IP)-Adresse.<\/p><p>&nbsp;<\/p><p>Diese anonymen Daten werden getrennt von Ihren eventuell angegebenen personenbezogenen Daten gespeichert und lassen so keine R\u00fcckschl\u00fcsse auf eine bestimmte Person zu. Sie werden zu statistischen Zwecken ausgewertet, um unseren Internetauftritt und unsere Angebote optimieren zu k\u00f6nnen.<\/p><p>Copyright \u00a9 2018<\/p>","protected":false},"excerpt":{"rendered":"<p>DATENSCHUTZDatenschutzerkl\u00e4rung &#8222;Kunde&#8220;Informationen nach Art. 13, 14 Datenschutz-Grundverordnung (DS-GVO):Verantwortlicher: Elektrizit\u00e4tsgenossenschaft Vogling &amp; Angrenzer eG, H\u00f6pfling 2, 83313 Siegsdorf, Tel.-Nr.: 08662-490 22 0, E-Mail: eva@eva-siegsdorf.deDatenschutzbeauftragter, c\/o: H\u00f6pfling 2, 83313 Siegsdorf, Tel.-Nr.: 08662-490 22 0, E-Mail: eva@eva-siegsdorf.deDie vollst\u00e4ndige Datenschutzerkl\u00e4rung \u201eKunde\u201c kann mit unten stehendem Link eingesehen sowie heruntergeladen werden und ist auch unentgeltlich am vorgenannten Gesch\u00e4ftssitz des Verantwortlichen [&hellip;]<\/p>\n","protected":false},"author":2,"featured_media":0,"parent":0,"menu_order":0,"comment_status":"closed","ping_status":"closed","template":"","meta":{"footnotes":""},"class_list":["post-2679","page","type-page","status-publish","hentry"],"_links":{"self":[{"href":"https:\/\/www.eva-siegsdorf.de\/wordpress\/index.php?rest_route=\/wp\/v2\/pages\/2679","targetHints":{"allow":["GET"]}}],"collection":[{"href":"https:\/\/www.eva-siegsdorf.de\/wordpress\/index.php?rest_route=\/wp\/v2\/pages"}],"about":[{"href":"https:\/\/www.eva-siegsdorf.de\/wordpress\/index.php?rest_route=\/wp\/v2\/types\/page"}],"author":[{"embeddable":true,"href":"https:\/\/www.eva-siegsdorf.de\/wordpress\/index.php?rest_route=\/wp\/v2\/users\/2"}],"replies":[{"embeddable":true,"href":"https:\/\/www.eva-siegsdorf.de\/wordpress\/index.php?rest_route=%2Fwp%2Fv2%2Fcomments&post=2679"}],"version-history":[{"count":7,"href":"https:\/\/www.eva-siegsdorf.de\/wordpress\/index.php?rest_route=\/wp\/v2\/pages\/2679\/revisions"}],"predecessor-version":[{"id":3130,"href":"https:\/\/www.eva-siegsdorf.de\/wordpress\/index.php?rest_route=\/wp\/v2\/pages\/2679\/revisions\/3130"}],"wp:attachment":[{"href":"https:\/\/www.eva-siegsdorf.de\/wordpress\/index.php?rest_route=%2Fwp%2Fv2%2Fmedia&parent=2679"}],"curies":[{"name":"wp","href":"https:\/\/api.w.org\/{rel}","templated":true}]}}