{"id":251,"date":"2016-07-14T17:56:00","date_gmt":"2016-07-14T15:56:00","guid":{"rendered":"http:\/\/www.eva-siegsdorf.de\/wordpress\/?page_id=251"},"modified":"2021-12-27T18:11:38","modified_gmt":"2021-12-27T17:11:38","slug":"strom-anmeldung-zum-strombezug","status":"publish","type":"page","link":"https:\/\/www.eva-siegsdorf.de\/wordpress\/?page_id=251","title":{"rendered":"Strom &#8211; Anmeldung zum Strombezug"},"content":{"rendered":"F\u00fcr Ihre Anmeldung zum Strombezug bei der Elektrizit\u00e4tsgenossenschaft Vogling &amp; Angrenzer eG sind Sie auf dieser Seite genau richtig. Laden Sie sich das Formular \u201eAuftrag zur Strombelieferung\u201c herunter, erg\u00e4nzen Sie Ihre pers\u00f6nlichen Daten und senden Sie die Anmeldung unterzeichnet an uns zur\u00fcck. Gerne k\u00f6nnen Sie die Anmeldung auch in unserem Verwaltungsgeb\u00e4ude abgeben. Alles Weitere erledigen wir f\u00fcr Sie.<br \/><br \/><div 580px=\"\" padding:=\"\" 10px=\"\" background:=\"\" e3e3e3=\"\"><table><tbody><tr><td><h3><br \/><span style=\"color: #000000;\">Ihre Vorteile<\/span><\/h3><h4><span style=\"color: #000000;\">&#8211; Sicherheit durch regionale Stromversorgung<\/span><\/h4><h4><span style=\"color: #000000;\">&#8211; Pers\u00f6nlicher, kompetenter, zuverl\u00e4ssiger Kundenservice<\/span><\/h4><h4><span style=\"color: #000000;\">&#8211; Bei Wechsel: \u00dcbernahme aller Formalit\u00e4ten<\/span><\/h4><h4><span style=\"color: #000000;\">&#8211; Faires Preis-Leistungsverh\u00e4ltnis<\/span><\/h4><\/td><td style=\"vertical-align: top; padding-top: 80px;\"><img http:=\"\" www=\"\" eva-siegsdorf=\"\" de=\"\" wordpress=\"\" wp-content=\"\" uploads=\"\" 2016=\"\" 07=\"\" station-knappenfeld-mcs-uea=\"\" jpg=\"\" style=\"margin-right: 80px;\" \/> <a href=\"http:\/\/www.eva-siegsdorf.de\/wordpress\/wp-content\/uploads\/2016\/07\/EVA-Textfoto-Home-1-1.jpg\"><img loading=\"lazy\" decoding=\"async\" src=\"http:\/\/www.eva-siegsdorf.de\/wordpress\/wp-content\/uploads\/2016\/07\/EVA-Textfoto-Home-1-1-300x147.jpg\" class=\"wpimgload  alignnone wp-image-1747 size-medium\" height=\"147\" width=\"300\" srcset=\"https:\/\/www.eva-siegsdorf.de\/wordpress\/wp-content\/uploads\/2016\/07\/EVA-Textfoto-Home-1-1-300x147.jpg 300w, https:\/\/www.eva-siegsdorf.de\/wordpress\/wp-content\/uploads\/2016\/07\/EVA-Textfoto-Home-1-1-768x376.jpg 768w, https:\/\/www.eva-siegsdorf.de\/wordpress\/wp-content\/uploads\/2016\/07\/EVA-Textfoto-Home-1-1-1024x502.jpg 1024w, https:\/\/www.eva-siegsdorf.de\/wordpress\/wp-content\/uploads\/2016\/07\/EVA-Textfoto-Home-1-1.jpg 1184w\" sizes=\"auto, (max-width: 300px) 100vw, 300px\" \/><\/a><\/td><\/tr><\/tbody><\/table><\/div>\r\n <br \/><h3><a href=\"https:\/\/www.eva-siegsdorf.de\/wordpress\/wp-content\/uploads\/2021\/12\/EVA-V-1.1-2022-Auftrag-zur-Strombelieferung-27.12.2021-MSB-EVA.pdf\">-&gt; Auftrag zur Strombelieferung &#8211; 2021<\/a><\/h3><h3><a href=\"https:\/\/www.eva-siegsdorf.de\/wordpress\/wp-content\/uploads\/2021\/12\/EVA-V-2.0-2021-ASB-Strom-EVA-Siegsdorf-Oktober-2021.pdf\">-&gt; Allgemeinen Stromlieferbedingungen (ASB) &#8211; 2021<\/a><\/h3><h3><br \/><a href=\"https:\/\/www.eva-siegsdorf.de\/wordpress\/wp-content\/uploads\/2018\/07\/SEPA-Basislastschriftmandat-05.2018.pdf\">-&gt; SEPA-Lastschriftmandat bei \u00c4nderung der Bankverbindung<\/a><\/h3><br \/><br \/><a href=\"http:\/\/www.eva-siegsdorf.de\/wordpress\/?page_id=11\">&lt;&lt;&lt; zur\u00fcck\r\n<\/a>\r\n\r\n<div style=\"height: 200px !important;\"><\/div>","protected":false},"excerpt":{"rendered":"<p>F\u00fcr Ihre Anmeldung zum Strombezug bei der Elektrizit\u00e4tsgenossenschaft Vogling &amp; Angrenzer eG sind Sie auf dieser Seite genau richtig. Laden Sie sich das Formular \u201eAuftrag zur Strombelieferung\u201c herunter, erg\u00e4nzen Sie Ihre pers\u00f6nlichen Daten und senden Sie die Anmeldung unterzeichnet an uns zur\u00fcck. Gerne k\u00f6nnen Sie die Anmeldung auch in unserem Verwaltungsgeb\u00e4ude abgeben. Alles Weitere erledigen [&hellip;]<\/p>\n","protected":false},"author":2,"featured_media":0,"parent":0,"menu_order":0,"comment_status":"closed","ping_status":"closed","template":"","meta":{"footnotes":""},"class_list":["post-251","page","type-page","status-publish","hentry"],"_links":{"self":[{"href":"https:\/\/www.eva-siegsdorf.de\/wordpress\/index.php?rest_route=\/wp\/v2\/pages\/251","targetHints":{"allow":["GET"]}}],"collection":[{"href":"https:\/\/www.eva-siegsdorf.de\/wordpress\/index.php?rest_route=\/wp\/v2\/pages"}],"about":[{"href":"https:\/\/www.eva-siegsdorf.de\/wordpress\/index.php?rest_route=\/wp\/v2\/types\/page"}],"author":[{"embeddable":true,"href":"https:\/\/www.eva-siegsdorf.de\/wordpress\/index.php?rest_route=\/wp\/v2\/users\/2"}],"replies":[{"embeddable":true,"href":"https:\/\/www.eva-siegsdorf.de\/wordpress\/index.php?rest_route=%2Fwp%2Fv2%2Fcomments&post=251"}],"version-history":[{"count":53,"href":"https:\/\/www.eva-siegsdorf.de\/wordpress\/index.php?rest_route=\/wp\/v2\/pages\/251\/revisions"}],"predecessor-version":[{"id":3033,"href":"https:\/\/www.eva-siegsdorf.de\/wordpress\/index.php?rest_route=\/wp\/v2\/pages\/251\/revisions\/3033"}],"wp:attachment":[{"href":"https:\/\/www.eva-siegsdorf.de\/wordpress\/index.php?rest_route=%2Fwp%2Fv2%2Fmedia&parent=251"}],"curies":[{"name":"wp","href":"https:\/\/api.w.org\/{rel}","templated":true}]}}