{"id":249,"date":"2016-07-14T17:55:31","date_gmt":"2016-07-14T15:55:31","guid":{"rendered":"http:\/\/www.eva-siegsdorf.de\/wordpress\/?page_id=249"},"modified":"2025-12-01T08:51:00","modified_gmt":"2025-12-01T07:51:00","slug":"strom-eva-extern","status":"publish","type":"page","link":"https:\/\/www.eva-siegsdorf.de\/wordpress\/?page_id=249","title":{"rendered":"Strom &#8211; EVA-Extern"},"content":{"rendered":"<h4>Stromtarif EVA-Extern<\/h4>Die EVA-Stromtarife Extern sind g\u00fcltig f\u00fcr alle Privatkunden (auch f\u00fcr Landwirtschaft, Handel, Handwerk und sonstiges Gewerbe) bis zu einem Jahresverbrauch von 10.000 kWh ohne Leistungsmessung im Netzgebiet der Bayernwerk Netz GmbH. Eine Belieferung mit Heizstrom ist hierbei nicht m\u00f6glich.<br \/><p><br \/>Hier finden Sie das Tarifblatt:<br \/><br \/><\/p><h3><span style=\"color: #000000;\">Verbrauchsjahr 2026<\/span><\/h3><h3><a href=\"https:\/\/www.eva-siegsdorf.de\/wordpress\/wp-content\/uploads\/2025\/12\/EVA-V-16.0-2026-Tarifblatt-EVA-Stromtarif-BYW-gueltig-ab-01.01.2026-Stand-24.11.2025.pdf\">Tarifblatt &#8211; EVA-Stromtarif &#8211; NG Bayernwerk Netz GmbH g\u00fcltig ab 01.01.2026<\/a><br \/><a href=\"https:\/\/www.eva-siegsdorf.de\/wordpress\/wp-content\/uploads\/2025\/12\/EVA-V-17.0-2026-Tarifblatt-EVA-Stromtarif-BYW-Gruenstrom-gueltig-ab-01.01.2026-Stand-26.11.2025.pdf\">Tarifblatt &#8211; EVA-Gr\u00fcnstrom &#8211; NG Bayernwerk Netz GmbH g\u00fcltig ab 01.01.2026<\/a><\/h3><p>&nbsp;<\/p><h3><span style=\"color: #000000;\">Verbrauchsjahr 2025<\/span><\/h3><h3><a href=\"https:\/\/www.eva-siegsdorf.de\/wordpress\/wp-content\/uploads\/2024\/12\/EVA-V-16.0-2025-Tarifblatt-EVA-Stromtarif-BYW-gueltig-ab-01.01.2025-Stand-25.11.2024.pdf\">Tarifblatt &#8211; EVA-Stromtarif &#8211; NG Bayernwerk Netz GmbH g\u00fcltig ab 01.01.2025<\/a><br \/><a href=\"https:\/\/www.eva-siegsdorf.de\/wordpress\/wp-content\/uploads\/2024\/12\/EVA-V-17.0-2025-Tarifblatt-EVA-Stromtarif-BYW-Gruenstrom-gueltig-ab-01.01.2025-Stand-25.11.2024.pdf\">Tarifblatt &#8211; EVA-Gr\u00fcnstrom &#8211; NG Bayernwerk Netz GmbH g\u00fcltig ab 01.01.2025<\/a><\/h3><br \/><h4><span style=\"color: #000000;\"><br \/><br \/><br \/>Verbrauchsjahr 2024<br \/><br \/><\/span><a href=\"https:\/\/www.eva-siegsdorf.de\/wordpress\/wp-content\/uploads\/2024\/12\/EVA-V-16.0-2024-Tarifblatt-EVA-Stromtarif-Bayernwerk-Netz-gueltig-ab-01.01.2024-Stand-31.12.2023.pdf\">Tarifblatt &#8211; EVA-Stromtarif &#8211; NG Bayernwerk Netz GmbH g\u00fcltig ab 01.01.2024 bis 31.12.2024<\/a><\/h4><h4><a href=\"https:\/\/www.eva-siegsdorf.de\/wordpress\/wp-content\/uploads\/2024\/12\/EVA-V-17.0-2024-Tarifblatt-EVA-Gruenstrom-Bayernwerk-Netz-gueltig-ab-01.01.2024-Stand-31.12.2023.pdf\">Tarifblatt &#8211; EVA-Gr\u00fcnstrom &#8211; NG Bayernwerk Netz GmbH g\u00fcltig ab 01.01.2024 bis 31.12.2024<\/a><\/h4><h4><br \/><a href=\"https:\/\/www.eva-siegsdorf.de\/wordpress\/wp-content\/uploads\/2022\/04\/EVA-V-16.1-2022-Tarifblatt-EVA-Stromtarif-NB-Bayernwerk-Netz-GmbH-gueltig-ab-01.06.2022-Stand-12.04.2022.pdf\"><\/a><a href=\"https:\/\/www.eva-siegsdorf.de\/wordpress\/wp-content\/uploads\/2022\/11\/EVA-V-17.0-2023-Tarifblatt-EVA-Gruenstrom-Bayernwerk-Netz-gueltig-ab-01.01.2023-Stand-30.11.2022.pdf\"><\/a><\/h4><br \/><h4><\/h4><strong><br \/><br \/>Downloads<br \/><\/strong><br \/><a href=\"http:\/\/www.eva-siegsdorf.de\/wordpress\/wp-content\/uploads\/2016\/07\/NKART-1.pdf\">Netzkarte EVA-Versorgungsgebiet<\/a>","protected":false},"excerpt":{"rendered":"<p>Stromtarif EVA-ExternDie EVA-Stromtarife Extern sind g\u00fcltig f\u00fcr alle Privatkunden (auch f\u00fcr Landwirtschaft, Handel, Handwerk und sonstiges Gewerbe) bis zu einem Jahresverbrauch von 10.000 kWh ohne Leistungsmessung im Netzgebiet der Bayernwerk Netz GmbH. Eine Belieferung mit Heizstrom ist hierbei nicht m\u00f6glich.Hier finden Sie das Tarifblatt:Verbrauchsjahr 2026Tarifblatt &#8211; EVA-Stromtarif &#8211; NG Bayernwerk Netz GmbH g\u00fcltig ab 01.01.2026Tarifblatt [&hellip;]<\/p>\n","protected":false},"author":2,"featured_media":0,"parent":0,"menu_order":0,"comment_status":"closed","ping_status":"closed","template":"","meta":{"footnotes":""},"class_list":["post-249","page","type-page","status-publish","hentry"],"_links":{"self":[{"href":"https:\/\/www.eva-siegsdorf.de\/wordpress\/index.php?rest_route=\/wp\/v2\/pages\/249","targetHints":{"allow":["GET"]}}],"collection":[{"href":"https:\/\/www.eva-siegsdorf.de\/wordpress\/index.php?rest_route=\/wp\/v2\/pages"}],"about":[{"href":"https:\/\/www.eva-siegsdorf.de\/wordpress\/index.php?rest_route=\/wp\/v2\/types\/page"}],"author":[{"embeddable":true,"href":"https:\/\/www.eva-siegsdorf.de\/wordpress\/index.php?rest_route=\/wp\/v2\/users\/2"}],"replies":[{"embeddable":true,"href":"https:\/\/www.eva-siegsdorf.de\/wordpress\/index.php?rest_route=%2Fwp%2Fv2%2Fcomments&post=249"}],"version-history":[{"count":50,"href":"https:\/\/www.eva-siegsdorf.de\/wordpress\/index.php?rest_route=\/wp\/v2\/pages\/249\/revisions"}],"predecessor-version":[{"id":3434,"href":"https:\/\/www.eva-siegsdorf.de\/wordpress\/index.php?rest_route=\/wp\/v2\/pages\/249\/revisions\/3434"}],"wp:attachment":[{"href":"https:\/\/www.eva-siegsdorf.de\/wordpress\/index.php?rest_route=%2Fwp%2Fv2%2Fmedia&parent=249"}],"curies":[{"name":"wp","href":"https:\/\/api.w.org\/{rel}","templated":true}]}}