{"id":247,"date":"2016-07-14T17:55:14","date_gmt":"2016-07-14T15:55:14","guid":{"rendered":"http:\/\/www.eva-siegsdorf.de\/wordpress\/?page_id=247"},"modified":"2025-12-01T08:39:53","modified_gmt":"2025-12-01T07:39:53","slug":"strom-eva-bau","status":"publish","type":"page","link":"https:\/\/www.eva-siegsdorf.de\/wordpress\/?page_id=247","title":{"rendered":"Strom &#8211; EVA-Bau"},"content":{"rendered":"<h4>Stromtarif EVA-Bau<\/h4><a href=\"http:\/\/www.eva-siegsdorf.de\/wordpress\/wp-content\/uploads\/2016\/07\/TB_EVA_Baustrom_ab20180501.jpg\"><br \/><\/a>Der Tarif EVA-Baustrom ist f\u00fcr vor\u00fcbergehend angeschlossene Anlagen g\u00fcltig, dies sind in der Regel zeitlich befristete Stromanschl\u00fcsse, f\u00fcr z.B. Baustellen, Schausteller oder Veranstaltungen. Die Antr\u00e4ge f\u00fcr einen neuen Baustromanschluss finden Sie im Bereich <a href=\"http:\/\/www.eva-siegsdorf.de\/wordpress\/?page_id=124\">&#8222;Netz&#8220;<\/a><br \/><br \/>Hier finden Sie das Tarifblatt:<br \/><br \/><br \/><br \/><h3><span style=\"color: #000000;\">Verbrauchsjahr 2026<\/span><\/h3><h3><a href=\"https:\/\/www.eva-siegsdorf.de\/wordpress\/wp-content\/uploads\/2025\/12\/EVA-V-9.0-2026-Tarifblatt-EVA-Baustrom-Veranstaltung-gueltig-ab-01.01.2026-Stand-24.11.2025.pdf\">Tarifblatt &#8211; EVA-Baustrom-Veranstaltung g\u00fcltig ab 01.01.2026<\/a><\/h3><br \/><br \/><h3><span style=\"color: #000000;\">Verbrauchsjahr 2025<\/span><\/h3><h3><a href=\"https:\/\/www.eva-siegsdorf.de\/wordpress\/wp-content\/uploads\/2024\/12\/EVA-V-9.0-2025-Tarifblatt-EVA-Baustrom-Veranstaltung-gueltig-ab-01.01.2025-Stand-26.11.2024.pdf\">Tarifblatt &#8211; EVA-Baustrom-Veranstaltung g\u00fcltig ab 01.01.2025<\/a><\/h3><br \/><h4><span style=\"color: #000000;\"><br \/><br \/><br \/><br \/><br \/>Verbrauchsjahr 2024<\/span><\/h4><h4><a href=\"https:\/\/www.eva-siegsdorf.de\/wordpress\/wp-content\/uploads\/2023\/11\/EVA-V-9.0-2024-Tarifblatt-EVA-Baustrom-Veranstaltung-gueltig-ab-01.01.2024-Stand-10.11.2023.pdf\">Tarifblatt &#8211; EVA-Baustrom-Veranstaltung g\u00fcltig ab 01.01.2024<\/a><br \/><a href=\"https:\/\/www.eva-siegsdorf.de\/wordpress\/wp-content\/uploads\/2022\/04\/EVA-V-9.1-2022-Tarifblatt-EVA-Baustrom-Veranstaltung-gueltig-ab-01.06.2022-Stand-12.04.2022.pdf\"><\/a><a href=\"https:\/\/www.eva-siegsdorf.de\/wordpress\/wp-content\/uploads\/2022\/11\/EVA-V-9.0-2023-Tarifblatt-EVA-Baustrom-Veranstaltung-gueltig-ab-01.01.2023-Stand-30.11.2022.pdf\"><\/a><\/h4><br \/><br \/><br \/><br \/><br \/><a href=\"http:\/\/www.eva-siegsdorf.de\/wordpress\/?page_id=124\"><strong>Link zur Seite &#8222;Netzanschluss&#8220;<\/strong><\/a>","protected":false},"excerpt":{"rendered":"<p>Stromtarif EVA-BauDer Tarif EVA-Baustrom ist f\u00fcr vor\u00fcbergehend angeschlossene Anlagen g\u00fcltig, dies sind in der Regel zeitlich befristete Stromanschl\u00fcsse, f\u00fcr z.B. Baustellen, Schausteller oder Veranstaltungen. Die Antr\u00e4ge f\u00fcr einen neuen Baustromanschluss finden Sie im Bereich &#8222;Netz&#8220;Hier finden Sie das Tarifblatt:Verbrauchsjahr 2026Tarifblatt &#8211; EVA-Baustrom-Veranstaltung g\u00fcltig ab 01.01.2026Verbrauchsjahr 2025Tarifblatt &#8211; EVA-Baustrom-Veranstaltung g\u00fcltig ab 01.01.2025Verbrauchsjahr 2024Tarifblatt &#8211; EVA-Baustrom-Veranstaltung g\u00fcltig [&hellip;]<\/p>\n","protected":false},"author":2,"featured_media":0,"parent":0,"menu_order":0,"comment_status":"closed","ping_status":"closed","template":"","meta":{"footnotes":""},"class_list":["post-247","page","type-page","status-publish","hentry"],"_links":{"self":[{"href":"https:\/\/www.eva-siegsdorf.de\/wordpress\/index.php?rest_route=\/wp\/v2\/pages\/247","targetHints":{"allow":["GET"]}}],"collection":[{"href":"https:\/\/www.eva-siegsdorf.de\/wordpress\/index.php?rest_route=\/wp\/v2\/pages"}],"about":[{"href":"https:\/\/www.eva-siegsdorf.de\/wordpress\/index.php?rest_route=\/wp\/v2\/types\/page"}],"author":[{"embeddable":true,"href":"https:\/\/www.eva-siegsdorf.de\/wordpress\/index.php?rest_route=\/wp\/v2\/users\/2"}],"replies":[{"embeddable":true,"href":"https:\/\/www.eva-siegsdorf.de\/wordpress\/index.php?rest_route=%2Fwp%2Fv2%2Fcomments&post=247"}],"version-history":[{"count":41,"href":"https:\/\/www.eva-siegsdorf.de\/wordpress\/index.php?rest_route=\/wp\/v2\/pages\/247\/revisions"}],"predecessor-version":[{"id":3431,"href":"https:\/\/www.eva-siegsdorf.de\/wordpress\/index.php?rest_route=\/wp\/v2\/pages\/247\/revisions\/3431"}],"wp:attachment":[{"href":"https:\/\/www.eva-siegsdorf.de\/wordpress\/index.php?rest_route=%2Fwp%2Fv2%2Fmedia&parent=247"}],"curies":[{"name":"wp","href":"https:\/\/api.w.org\/{rel}","templated":true}]}}