{"id":243,"date":"2016-07-14T17:54:35","date_gmt":"2016-07-14T15:54:35","guid":{"rendered":"http:\/\/www.eva-siegsdorf.de\/wordpress\/?page_id=243"},"modified":"2025-12-09T17:14:59","modified_gmt":"2025-12-09T16:14:59","slug":"strom-eva-therm-getrennte-messung","status":"publish","type":"page","link":"https:\/\/www.eva-siegsdorf.de\/wordpress\/?page_id=243","title":{"rendered":"Strom &#8211; EVA-Therm getrennte\/gemeinsame Messung"},"content":{"rendered":"<h3><span style=\"color: #000000;\">Stromtarif EVA-Modul2<\/span><\/h3><p>Der Tarif EVA-Modul2 ist g\u00fcltig f\u00fcr <strong><u>steuerbare Verbrauchseinrichtungen gem. \u00a7 14 a EnWG (Neuanlagen)<\/u><\/strong> mit Inbetriebnahme ab den 01.01.2024. (Belieferung f\u00fcr private, berufliche oder gewerbliche Zwecke au\u00dferhalb der Grundversorgung im Netzgebiet der Elektrizit\u00e4tsgenossenschaft Vogling &amp; Angrenzer eG)<\/p><p><strong><u>Steuerbare Verbrauchseinrichtung gem. \u00a7 14 a EnWG<\/u><\/strong><\/p><p>Vorausgesetzt ist eine abgeschlossene Vereinbarung zum Modul 2 mit dem Netzbetreiber zur Netzentgeltreduzierung und Steuerbarkeit der Anlage (z. B. Elektrow\u00e4rmepumpen, nicht \u00f6ffentlicher Ladepunkt f\u00fcr Elektromobile, Anlagen zur Raumk\u00fchlung und Stromspeicher hinsichtlich des Stromverbrauchs (Einspeicherung) mit max. Leistungsbezug von mehr als 4,2 kW). Eine separate Messung des Strombezugs der steuerbaren Verbrauchseinrichtung ist verpflichtend. Weitere Informationen finden Sie im Bereich <a href=\"https:\/\/www.eva-siegsdorf.de\/wordpress\/?page_id=124\">&#8222;Netzanschluss&#8220; (klicken Sie hier)<\/a>.<\/p><p><br \/>Hier finden Sie das Tarifblatt:<br \/><br \/><\/p><h3><span style=\"color: #000000;\">Verbrauchsjahr 2026<\/span><\/h3><h3><a href=\"https:\/\/www.eva-siegsdorf.de\/wordpress\/wp-content\/uploads\/2025\/12\/EVA-V-64.0-2026-Tarifblatt-EVA-Modul-2-gueltig-ab-01.01.2026-Stand-30.11.2025.pdf\">Tarifblatt &#8211; EVA-Modul2 g\u00fcltig ab 01.01.2026<\/a><\/h3><h3><span style=\"color: #000000;\"><br \/>Verbrauchsjahr 2025<\/span><\/h3><h3><a href=\"https:\/\/www.eva-siegsdorf.de\/wordpress\/wp-content\/uploads\/2024\/12\/Vorderseite-EVA-V-64.0-2025-Tarifblatt-EVA-Modul-2-gueltig-ab-01.01.2025-Stand-25.11.2024.pdf\">Tarifblatt &#8211; EVA-Modul2 g\u00fcltig ab 01.01.2025<\/a><\/h3><hr \/><h3><br \/><br \/><span style=\"color: #000000;\">Stromtarif EVA-Therm getrennte Messung<\/span><\/h3>Es sind nur Ger\u00e4te mit Festanschluss zugelassen (keine Steckvorrichtung!). Es gelten die NT-Zeiten der jeweils g\u00fcltigen &#8222;Allgemeinen Preise f\u00fcr die Grundversorgung mit elektrischer Energie&#8220;. Diese k\u00f6nnen jedoch um ca. 1 Stunde vorgezogen bzw. vergr\u00f6\u00dfert sein. Alle Anlagen werden mit getrennter Doppeltarifmessung ausgestattet. Sperrzeitenregelung: Maximal 4 mal 1 Stunde Sperrzeit, zeitlich variabel, Freigabezeit zwischen zwei Sperrungen nicht k\u00fcrzer als die vorangegangene Sperrzeit. Dieses Produkt gilt nur in Verbindung mit den EVA-Tarifen (siehe Preisbl\u00e4tter &#8222;EVA-Haushalt&#8220;, &#8222;EVA-Gr\u00fcnstrom&#8220; und &#8222;EVA-Gewerbe&#8220;). (Belieferung f\u00fcr private, berufliche oder gewerbliche Zwecke au\u00dferhalb der Grundversorgung)<br \/><br \/>Hier finden Sie das Tarifblatt:<br \/><br \/><h3><span style=\"color: #000000;\">Verbrauchsjahr 2026<\/span><\/h3><h3><a href=\"https:\/\/www.eva-siegsdorf.de\/wordpress\/wp-content\/uploads\/2025\/12\/EVA-V-10.0-2026-Tarifblatt-EVA-Therm-getr.-Messung-gueltig-ab-01.01.2026-Stand-24.11.2025.pdf\">Tarifblatt &#8211; EVA-Therm getrennte Messung g\u00fcltig ab 01.01.2026<\/a><\/h3><h3><span style=\"color: #000000;\"><br \/>Verbrauchsjahr 2025<\/span><\/h3><h3><a href=\"https:\/\/www.eva-siegsdorf.de\/wordpress\/wp-content\/uploads\/2024\/12\/EVA-V-10.0-2025-Tarifblatt-EVA-Therm-getr.-Messung-gueltig-ab-01.01.2025-Stand-25.11.2024.pdf\">Tarifblatt &#8211; EVA-Therm getrennte Messung g\u00fcltig ab 01.01.2025<\/a><\/h3><h4><span style=\"color: #000000;\"><br \/>Verbrauchsjahr 2024<\/span><\/h4><h4><a href=\"https:\/\/www.eva-siegsdorf.de\/wordpress\/wp-content\/uploads\/2023\/11\/EVA-V-10.0-2024-Tarifblatt-EVA-Therm-get.Messung-gueltig-ab-01.01.2024-Stand-04.11.2023.pdf\">Tarifblatt &#8211; EVA-Therm getrennte Messung g\u00fcltig ab 01.01.2024<\/a><\/h4><hr \/><br \/><br \/><h3><span style=\"color: #000000;\">Stromtarif EVA-Therm gemeinsame Messung<\/span><\/h3>Altregelung f\u00fcr bestehende Heizungsanlagen. Diese Art der Installation der Messung ist bei Neuanlagen nicht mehr m\u00f6glich. Bei gemeinsamer Messung wird der Heizstrom gleichzeitig mit dem Haushaltsstrombedarf gedeckt. Die bisherigen Freigabezeiten und die Sperrzeitenregelungen gelten weiter. (Belieferung f\u00fcr private, berufliche oder gewerbliche Zwecke au\u00dferhalb der Grundversorgung)<br \/><br \/>Hier finden Sie das Tarifblatt:<br \/><br \/><h3><span style=\"color: #000000;\">Verbrauchsjahr 2026<\/span><\/h3><h3><a href=\"https:\/\/www.eva-siegsdorf.de\/wordpress\/wp-content\/uploads\/2025\/12\/EVA-V-11.0-2026-Tarifblatt-EVA-Therm-gem.-Messung-gueltig-ab-01.01.2026-Stand-26.11.2025.pdf\">Tarifblatt &#8211; EVA-Therm gemeinsame Messung g\u00fcltig ab 01.01.2026<\/a><\/h3><h3><span style=\"color: #000000;\"><br \/>Verbrauchsjahr 2025<\/span><\/h3><h3><a href=\"https:\/\/www.eva-siegsdorf.de\/wordpress\/wp-content\/uploads\/2024\/12\/EVA-V-11.0-2025-Tarifblatt-EVA-Therm-gem.-Messung-gueltig-ab-01.01.2025-Stand-25.11.2024.pdf\">Tarifblatt &#8211; EVA-Therm gemeinsame Messung g\u00fcltig ab 01.01.2025<\/a><\/h3><br \/><h4><span style=\"color: #000000;\">Verbrauchsjahr 2024<\/span><\/h4><h4><a href=\"https:\/\/www.eva-siegsdorf.de\/wordpress\/wp-content\/uploads\/2023\/11\/EVA-V-11.0-2024-Tarifblatt-EVA-Therm-gem.Messung-gueltig-ab-01.01.2024-Stand-04.11.2023.pdf\">Tarifblatt &#8211; EVA-Therm gemeinsame Messung g\u00fcltig ab 01.01.2024<\/a><\/h4><br \/><h4><\/h4><hr \/><h4><\/h4><br \/><br \/><br \/><a href=\"http:\/\/www.eva-siegsdorf.de\/wordpress\/wp-content\/uploads\/2016\/07\/Allgemeine-Stromlieferbedingungen-Sondervertragskunden-ASS.pdf\"><\/a>","protected":false},"excerpt":{"rendered":"<p>Stromtarif EVA-Modul2Der Tarif EVA-Modul2 ist g\u00fcltig f\u00fcr steuerbare Verbrauchseinrichtungen gem. \u00a7 14 a EnWG (Neuanlagen) mit Inbetriebnahme ab den 01.01.2024. (Belieferung f\u00fcr private, berufliche oder gewerbliche Zwecke au\u00dferhalb der Grundversorgung im Netzgebiet der Elektrizit\u00e4tsgenossenschaft Vogling &amp; Angrenzer eG)Steuerbare Verbrauchseinrichtung gem. \u00a7 14 a EnWGVorausgesetzt ist eine abgeschlossene Vereinbarung zum Modul 2 mit dem Netzbetreiber zur [&hellip;]<\/p>\n","protected":false},"author":2,"featured_media":0,"parent":0,"menu_order":0,"comment_status":"closed","ping_status":"closed","template":"","meta":{"footnotes":""},"class_list":["post-243","page","type-page","status-publish","hentry"],"_links":{"self":[{"href":"https:\/\/www.eva-siegsdorf.de\/wordpress\/index.php?rest_route=\/wp\/v2\/pages\/243","targetHints":{"allow":["GET"]}}],"collection":[{"href":"https:\/\/www.eva-siegsdorf.de\/wordpress\/index.php?rest_route=\/wp\/v2\/pages"}],"about":[{"href":"https:\/\/www.eva-siegsdorf.de\/wordpress\/index.php?rest_route=\/wp\/v2\/types\/page"}],"author":[{"embeddable":true,"href":"https:\/\/www.eva-siegsdorf.de\/wordpress\/index.php?rest_route=\/wp\/v2\/users\/2"}],"replies":[{"embeddable":true,"href":"https:\/\/www.eva-siegsdorf.de\/wordpress\/index.php?rest_route=%2Fwp%2Fv2%2Fcomments&post=243"}],"version-history":[{"count":55,"href":"https:\/\/www.eva-siegsdorf.de\/wordpress\/index.php?rest_route=\/wp\/v2\/pages\/243\/revisions"}],"predecessor-version":[{"id":3450,"href":"https:\/\/www.eva-siegsdorf.de\/wordpress\/index.php?rest_route=\/wp\/v2\/pages\/243\/revisions\/3450"}],"wp:attachment":[{"href":"https:\/\/www.eva-siegsdorf.de\/wordpress\/index.php?rest_route=%2Fwp%2Fv2%2Fmedia&parent=243"}],"curies":[{"name":"wp","href":"https:\/\/api.w.org\/{rel}","templated":true}]}}