{"id":241,"date":"2016-07-14T17:54:11","date_gmt":"2016-07-14T15:54:11","guid":{"rendered":"http:\/\/www.eva-siegsdorf.de\/wordpress\/?page_id=241"},"modified":"2025-12-01T09:03:23","modified_gmt":"2025-12-01T08:03:23","slug":"strom-eva-gruen","status":"publish","type":"page","link":"https:\/\/www.eva-siegsdorf.de\/wordpress\/?page_id=241","title":{"rendered":"Strom &#8211; EVA-Gr\u00fcn"},"content":{"rendered":"<h4>Stromtarif EVA-Gr\u00fcnstrom<br \/><br \/><br \/><\/h4>Die Elektrizit\u00e4tsgenossenschaft Vogling &amp; Angrenzer eG bietet Ihnen gerne einen umweltfreundlichen \u00d6kostrom aus 100% Erneuerbaren Energie an. Unterst\u00fctzen Sie mit Ihrer Wahl des EVA-Gr\u00fcnstom-Tarifs den Klimaschutz, indem Sie Ihren Strom aus garantierter atom- und kohlefreier Erzeugung beziehen. (Belieferung f\u00fcr private, berufliche oder gewerbliche Zwecke au\u00dferhalb der Grundversorgung)<br \/><br \/>Hier finden Sie die Tarifbl\u00e4tter:<br \/><h3><br \/><span style=\"color: #000000;\">Verbrauchsjahr 2026<\/span><\/h3><h3><a href=\"https:\/\/www.eva-siegsdorf.de\/wordpress\/wp-content\/uploads\/2025\/12\/EVA-V-13.0-2026-Tarifblatt-EVA-Gruenstrom-gueltig-ab-01.01.2026-Stand-24.11.2025.pdf\">Tarifblatt &#8211; EVA-Gr\u00fcnstrom g\u00fcltig ab 01.01.2026<\/a><\/h3><h3><a href=\"https:\/\/www.eva-siegsdorf.de\/wordpress\/wp-content\/uploads\/2025\/12\/EVA-V-14.0-2026-Tarifblatt-EVA-Gruenstrom-Therm-getr.-Messung-gueltig-ab-01.01.2026-Stand-24.11.2025.pdf\">Tarifblatt &#8211; EVA-Gr\u00fcnstrom &#8211; Therm getrennte Messung g\u00fcltig ab 01.01.2026<\/a><\/h3><h3><a href=\"https:\/\/www.eva-siegsdorf.de\/wordpress\/wp-content\/uploads\/2025\/12\/EVA-V-15.0-2026-Tarifblatt-EVA-Gruenstrom-E-Ladesaeulen-gueltig-ab-01.01.2026-Stand-24.11.2025.pdf\">Tarifblatt &#8211; EVA-Gr\u00fcnstrom &#8211; E-Lades\u00e4ule g\u00fcltig ab 01.01.2026<\/a><\/h3><h4><br \/><br \/><\/h4><h3><span style=\"color: #000000;\">Verbrauchsjahr 2025<\/span><\/h3><h3><a href=\"https:\/\/www.eva-siegsdorf.de\/wordpress\/wp-content\/uploads\/2025\/12\/EVA-V-13.1-2025-Tarifblatt-EVA-Gruenstrom-gueltig-ab-01.01.2025-Stand-01.09.2025.pdf\">Tarifblatt &#8211; EVA-Gr\u00fcnstrom g\u00fcltig ab 01.01.2025<\/a><\/h3><h3><a href=\"https:\/\/www.eva-siegsdorf.de\/wordpress\/wp-content\/uploads\/2025\/12\/EVA-V-14.1-2025-Tarifblatt-EVA-Gruenstrom-Therm-getr.-Messung-gueltig-ab-01.01.2025-Stand-01.09.2025.pdf\">Tarifblatt &#8211; EVA-Gr\u00fcnstrom &#8211; Therm getrennte Messung g\u00fcltig ab 01.01.2025<\/a><\/h3><h3><a href=\"https:\/\/www.eva-siegsdorf.de\/wordpress\/wp-content\/uploads\/2025\/12\/EVA-V-15.1-2025-Tarifblatt-EVA-Gruenstrom-E-Ladesaeulen-gueltig-ab-01.01.2025-Stand-01.09.2025.pdf\">Tarifblatt &#8211; EVA-Gr\u00fcnstrom &#8211; E-Lades\u00e4ule g\u00fcltig ab 01.01.2025<\/a><\/h3><h4><br \/><br \/><br \/><br \/><br \/><span style=\"color: #000000;\">Verbrauchsjahr 2024<\/span><\/h4><h4><a href=\"https:\/\/www.eva-siegsdorf.de\/wordpress\/wp-content\/uploads\/2023\/11\/EVA-V-13.0-2024-Tarifblatt-EVA-Gruenstrom-gueltig-ab-01.01.2024-Stand-09.11.2023.pdf\">Tarifblatt &#8211; EVA-Gr\u00fcnstrom g\u00fcltig ab 01.01.2024<\/a><\/h4><h4><a href=\"https:\/\/www.eva-siegsdorf.de\/wordpress\/wp-content\/uploads\/2023\/11\/EVA-V-14.0-2024-Tarifblatt-EVA-Gruenstrom-Therm-get.Messung-gueltig-ab-01.01.2024-Stand-15.11.2023.pdf\">Tarifblatt &#8211; EVA-Gr\u00fcnstrom &#8211; Therm getrennte Messung g\u00fcltig ab 01.01.2024<\/a><\/h4><h4><a href=\"https:\/\/www.eva-siegsdorf.de\/wordpress\/wp-content\/uploads\/2023\/11\/EVA-V-15.0-2024-Tarifblatt-EVA-Gruenstrom_E-Ladesaule-gueltig-ab-01.01.2024-Stand-15.11.2023.pdf\">Tarifblatt &#8211; EVA-Gr\u00fcnstrom &#8211; E-Lades\u00e4ule g\u00fcltig ab 01.01.2024<\/a><\/h4><h4><\/h4><h4><\/h4><h4><\/h4><br \/><br \/><strong><br \/><br \/><\/strong>","protected":false},"excerpt":{"rendered":"<p>Stromtarif EVA-Gr\u00fcnstromDie Elektrizit\u00e4tsgenossenschaft Vogling &amp; Angrenzer eG bietet Ihnen gerne einen umweltfreundlichen \u00d6kostrom aus 100% Erneuerbaren Energie an. Unterst\u00fctzen Sie mit Ihrer Wahl des EVA-Gr\u00fcnstom-Tarifs den Klimaschutz, indem Sie Ihren Strom aus garantierter atom- und kohlefreier Erzeugung beziehen. (Belieferung f\u00fcr private, berufliche oder gewerbliche Zwecke au\u00dferhalb der Grundversorgung)Hier finden Sie die Tarifbl\u00e4tter:Verbrauchsjahr 2026Tarifblatt &#8211; EVA-Gr\u00fcnstrom [&hellip;]<\/p>\n","protected":false},"author":2,"featured_media":0,"parent":0,"menu_order":0,"comment_status":"closed","ping_status":"closed","template":"","meta":{"footnotes":""},"class_list":["post-241","page","type-page","status-publish","hentry"],"_links":{"self":[{"href":"https:\/\/www.eva-siegsdorf.de\/wordpress\/index.php?rest_route=\/wp\/v2\/pages\/241","targetHints":{"allow":["GET"]}}],"collection":[{"href":"https:\/\/www.eva-siegsdorf.de\/wordpress\/index.php?rest_route=\/wp\/v2\/pages"}],"about":[{"href":"https:\/\/www.eva-siegsdorf.de\/wordpress\/index.php?rest_route=\/wp\/v2\/types\/page"}],"author":[{"embeddable":true,"href":"https:\/\/www.eva-siegsdorf.de\/wordpress\/index.php?rest_route=\/wp\/v2\/users\/2"}],"replies":[{"embeddable":true,"href":"https:\/\/www.eva-siegsdorf.de\/wordpress\/index.php?rest_route=%2Fwp%2Fv2%2Fcomments&post=241"}],"version-history":[{"count":39,"href":"https:\/\/www.eva-siegsdorf.de\/wordpress\/index.php?rest_route=\/wp\/v2\/pages\/241\/revisions"}],"predecessor-version":[{"id":3442,"href":"https:\/\/www.eva-siegsdorf.de\/wordpress\/index.php?rest_route=\/wp\/v2\/pages\/241\/revisions\/3442"}],"wp:attachment":[{"href":"https:\/\/www.eva-siegsdorf.de\/wordpress\/index.php?rest_route=%2Fwp%2Fv2%2Fmedia&parent=241"}],"curies":[{"name":"wp","href":"https:\/\/api.w.org\/{rel}","templated":true}]}}