{"id":239,"date":"2016-07-14T17:53:51","date_gmt":"2016-07-14T15:53:51","guid":{"rendered":"http:\/\/www.eva-siegsdorf.de\/wordpress\/?page_id=239"},"modified":"2025-12-01T09:13:13","modified_gmt":"2025-12-01T08:13:13","slug":"strom-eva-gewerbe","status":"publish","type":"page","link":"https:\/\/www.eva-siegsdorf.de\/wordpress\/?page_id=239","title":{"rendered":"Strom EVA-Gewerbe"},"content":{"rendered":"<h4>Stromtarif EVA-Gewerbe<\/h4>\r\nF\u00fcr Gewerbekunden mit einem Jahresverbrauch kleiner 10.000 kWh ist der Tarif EVA-Haushalt\/Gewerbe g\u00fcltig. F\u00fcr Gewerbekunden mit einem Jahresverbrauch gr\u00f6\u00dfer 10.000 kWh sowie f\u00fcr Sonderkunden mit einem Jahresverbrauch gr\u00f6\u00dfer 100.000 kWh erstellen wir gerne ein individuelles Angebot.\u00a0<span>(Belieferung f\u00fcr private, berufliche oder gewerbliche Zwecke au\u00dferhalb der Grundversorgung)<\/span><br \/><br \/><span>Hier finden Sie das Tarifblatt:<br \/><\/span><br \/><br \/><h3><span style=\"color: #000000;\">Verbrauchsjahr 2026<\/span><br \/><br \/><a href=\"https:\/\/www.eva-siegsdorf.de\/wordpress\/wp-content\/uploads\/2025\/12\/EVA-V-7.0-2026-Tarifblatt-EVA-Haushalt-gueltig-ab-01.01.2026-Stand-24.11.2025-1.pdf\">Tarifblatt &#8211; EVA-Gewerbe g\u00fcltig ab 01.01.2026<\/a><\/h3><br \/><br \/><h3><span style=\"color: #000000;\">Verbrauchsjahr 2025<\/span><br \/><br \/><\/h3><h3><a href=\"https:\/\/www.eva-siegsdorf.de\/wordpress\/wp-content\/uploads\/2024\/12\/EVA-V-7.0-2025-Tarifblatt-EVA-Haushalt-gueltig-ab-01.01.2025-Stand-26.11.2024.pdf\">Tarifblatt &#8211; EVA-Gewerbe g\u00fcltig ab 01.01.2025<\/a><\/h3><h4><br \/><br \/><br \/><span style=\"color: #000000;\">Verbrauchsjahr 2024<\/span><br \/><br \/><\/h4><h4><a href=\"https:\/\/www.eva-siegsdorf.de\/wordpress\/wp-content\/uploads\/2023\/11\/EVA-V-7.0-2024-Tarifblatt-EVA-Haushalt-gueltig-ab-01.01.2024-Stand-04.11.2023.pdf\">Tarifblatt &#8211; EVA-Gewerbe g\u00fcltig ab 01.01.2024<\/a><\/h4><br \/><br \/><a href=\"http:\/\/www.eva-siegsdorf.de\/wordpress\/wp-content\/uploads\/2016\/07\/TB_EVA_Gesch_Gruen_ab20180501S2.jpg\"><\/a><br \/><br \/><br \/><h4><\/h4>","protected":false},"excerpt":{"rendered":"<p>Stromtarif EVA-Gewerbe F\u00fcr Gewerbekunden mit einem Jahresverbrauch kleiner 10.000 kWh ist der Tarif EVA-Haushalt\/Gewerbe g\u00fcltig. F\u00fcr Gewerbekunden mit einem Jahresverbrauch gr\u00f6\u00dfer 10.000 kWh sowie f\u00fcr Sonderkunden mit einem Jahresverbrauch gr\u00f6\u00dfer 100.000 kWh erstellen wir gerne ein individuelles Angebot.\u00a0(Belieferung f\u00fcr private, berufliche oder gewerbliche Zwecke au\u00dferhalb der Grundversorgung)Hier finden Sie das Tarifblatt:Verbrauchsjahr 2026Tarifblatt &#8211; EVA-Gewerbe g\u00fcltig [&hellip;]<\/p>\n","protected":false},"author":2,"featured_media":0,"parent":0,"menu_order":0,"comment_status":"closed","ping_status":"closed","template":"","meta":{"footnotes":""},"class_list":["post-239","page","type-page","status-publish","hentry"],"_links":{"self":[{"href":"https:\/\/www.eva-siegsdorf.de\/wordpress\/index.php?rest_route=\/wp\/v2\/pages\/239","targetHints":{"allow":["GET"]}}],"collection":[{"href":"https:\/\/www.eva-siegsdorf.de\/wordpress\/index.php?rest_route=\/wp\/v2\/pages"}],"about":[{"href":"https:\/\/www.eva-siegsdorf.de\/wordpress\/index.php?rest_route=\/wp\/v2\/types\/page"}],"author":[{"embeddable":true,"href":"https:\/\/www.eva-siegsdorf.de\/wordpress\/index.php?rest_route=\/wp\/v2\/users\/2"}],"replies":[{"embeddable":true,"href":"https:\/\/www.eva-siegsdorf.de\/wordpress\/index.php?rest_route=%2Fwp%2Fv2%2Fcomments&post=239"}],"version-history":[{"count":44,"href":"https:\/\/www.eva-siegsdorf.de\/wordpress\/index.php?rest_route=\/wp\/v2\/pages\/239\/revisions"}],"predecessor-version":[{"id":3444,"href":"https:\/\/www.eva-siegsdorf.de\/wordpress\/index.php?rest_route=\/wp\/v2\/pages\/239\/revisions\/3444"}],"wp:attachment":[{"href":"https:\/\/www.eva-siegsdorf.de\/wordpress\/index.php?rest_route=%2Fwp%2Fv2%2Fmedia&parent=239"}],"curies":[{"name":"wp","href":"https:\/\/api.w.org\/{rel}","templated":true}]}}