{"id":237,"date":"2016-07-14T17:53:36","date_gmt":"2016-07-14T15:53:36","guid":{"rendered":"http:\/\/www.eva-siegsdorf.de\/wordpress\/?page_id=237"},"modified":"2025-12-01T08:37:49","modified_gmt":"2025-12-01T07:37:49","slug":"strom-eva-haushalt","status":"publish","type":"page","link":"https:\/\/www.eva-siegsdorf.de\/wordpress\/?page_id=237","title":{"rendered":"Strom EVA-Haushalt"},"content":{"rendered":"<h4>Stromtarif EVA-Haushalt<\/h4>\r\nDer Tarif EVA-Haushalt gilt f\u00fcr alle Privatkunden (auch f\u00fcr Landwirtschaft, Handel, Handwerk und sonstige Gewerbe) bis zu einem Jahresverbrauch von 10.000 kWh ohne Leistungsmessung. (Belieferung f\u00fcr private, berufliche oder gewerbliche Zwecke au\u00dferhalb der Grundversorgung) <br \/><br \/>Hier finden Sie das Tarifblatt:<br \/><br \/><br \/><h3><span style=\"color: #000000;\">Verbrauchsjahr 2026<br \/><\/span><\/h3><h3><a href=\"https:\/\/www.eva-siegsdorf.de\/wordpress\/wp-content\/uploads\/2025\/12\/EVA-V-7.0-2026-Tarifblatt-EVA-Haushalt-gueltig-ab-01.01.2026-Stand-24.11.2025.pdf\">Tarifblatt &#8211; EVA-Haushalt g\u00fcltig ab 01.01.2026<\/a><\/h3><h3><span style=\"color: #000000;\">\u00a0<\/span><\/h3><h3><span style=\"color: #000000;\">Verbrauchsjahr 2025<\/span><br \/><br \/><a href=\"https:\/\/www.eva-siegsdorf.de\/wordpress\/wp-content\/uploads\/2024\/12\/EVA-V-7.0-2025-Tarifblatt-EVA-Haushalt-gueltig-ab-01.01.2025-Stand-26.11.2024.pdf\">Tarifblatt &#8211; EVA-Haushalt g\u00fcltig ab 01.01.2025<\/a><\/h3><br \/><br \/><h3><br \/><br \/><br \/><\/h3><h4><span style=\"color: #000000;\"><br \/><br \/><br \/><br \/><br \/>Verbrauchsjahr 2024<\/span><\/h4><h4><a href=\"https:\/\/www.eva-siegsdorf.de\/wordpress\/wp-content\/uploads\/2023\/11\/EVA-V-7.0-2024-Tarifblatt-EVA-Haushalt-gueltig-ab-01.01.2024-Stand-04.11.2023.pdf\">Tarifblatt &#8211; EVA-Haushalt g\u00fcltig ab 01.01.2024<\/a><\/h4><h4><br \/><a href=\"https:\/\/www.eva-siegsdorf.de\/wordpress\/wp-content\/uploads\/2022\/04\/EVA-V-7.0-2022-Tarifblatt-EVA-Haushalt-gueltig-ab-01.01.2022-Stand-08.11.2021.pdf\"><\/a><a href=\"https:\/\/www.eva-siegsdorf.de\/wordpress\/wp-content\/uploads\/2022\/11\/EVA-V-7.0-2023-Tarifblatt-EVA-Haushalt-gueltig-ab-01.01.2023-Stand-30.11.2022.pdf\"><\/a><\/h4><h4><span style=\"color: #000000;\"><br \/><br \/><\/span><\/h4><br \/><br \/><strong><br \/><br \/><\/strong>","protected":false},"excerpt":{"rendered":"<p>Stromtarif EVA-Haushalt Der Tarif EVA-Haushalt gilt f\u00fcr alle Privatkunden (auch f\u00fcr Landwirtschaft, Handel, Handwerk und sonstige Gewerbe) bis zu einem Jahresverbrauch von 10.000 kWh ohne Leistungsmessung. (Belieferung f\u00fcr private, berufliche oder gewerbliche Zwecke au\u00dferhalb der Grundversorgung) Hier finden Sie das Tarifblatt:Verbrauchsjahr 2026Tarifblatt &#8211; EVA-Haushalt g\u00fcltig ab 01.01.2026\u00a0Verbrauchsjahr 2025Tarifblatt &#8211; EVA-Haushalt g\u00fcltig ab 01.01.2025Verbrauchsjahr 2024Tarifblatt &#8211; [&hellip;]<\/p>\n","protected":false},"author":2,"featured_media":0,"parent":0,"menu_order":0,"comment_status":"closed","ping_status":"closed","template":"","meta":{"footnotes":""},"class_list":["post-237","page","type-page","status-publish","hentry"],"_links":{"self":[{"href":"https:\/\/www.eva-siegsdorf.de\/wordpress\/index.php?rest_route=\/wp\/v2\/pages\/237","targetHints":{"allow":["GET"]}}],"collection":[{"href":"https:\/\/www.eva-siegsdorf.de\/wordpress\/index.php?rest_route=\/wp\/v2\/pages"}],"about":[{"href":"https:\/\/www.eva-siegsdorf.de\/wordpress\/index.php?rest_route=\/wp\/v2\/types\/page"}],"author":[{"embeddable":true,"href":"https:\/\/www.eva-siegsdorf.de\/wordpress\/index.php?rest_route=\/wp\/v2\/users\/2"}],"replies":[{"embeddable":true,"href":"https:\/\/www.eva-siegsdorf.de\/wordpress\/index.php?rest_route=%2Fwp%2Fv2%2Fcomments&post=237"}],"version-history":[{"count":56,"href":"https:\/\/www.eva-siegsdorf.de\/wordpress\/index.php?rest_route=\/wp\/v2\/pages\/237\/revisions"}],"predecessor-version":[{"id":3429,"href":"https:\/\/www.eva-siegsdorf.de\/wordpress\/index.php?rest_route=\/wp\/v2\/pages\/237\/revisions\/3429"}],"wp:attachment":[{"href":"https:\/\/www.eva-siegsdorf.de\/wordpress\/index.php?rest_route=%2Fwp%2Fv2%2Fmedia&parent=237"}],"curies":[{"name":"wp","href":"https:\/\/api.w.org\/{rel}","templated":true}]}}