{"id":235,"date":"2016-07-14T17:53:13","date_gmt":"2016-07-14T15:53:13","guid":{"rendered":"http:\/\/www.eva-siegsdorf.de\/wordpress\/?page_id=235"},"modified":"2025-11-19T16:58:31","modified_gmt":"2025-11-19T15:58:31","slug":"strom-eva-grundversorgung","status":"publish","type":"page","link":"https:\/\/www.eva-siegsdorf.de\/wordpress\/?page_id=235","title":{"rendered":"Strom &#8211; EVA-Grundversorgung"},"content":{"rendered":"<h4>EVA-Grund-\/Ersatzversorgung<\/h4>\r\n\r\nDie Grund-\/Ersatzversorgung mit Strom ist in Deutschland gesetzlich geregelt. Obwohl Verbraucher ihren Stromlieferanten frei w\u00e4hlen k\u00f6nnen, beziehen viele Haushalte noch immer Strom vom \u00f6rtlichen Grundversorger. Grundversorger ist im jeweiligen Verteilnetzgebiet der Energieversorger, welcher die meisten Haushaltskunden mit Strom beliefert. Im Netzgebiet der EVA Siegsdorf ist dies die Elektrizit\u00e4tsgenossenschaft Vogling &amp; Angrenzer eG. Der Grundversorger muss grunds\u00e4tzliche jeden Haushaltskunden (Haushaltskunden im Sinne \u00a7 3 Nr. 22 EnWG) mit Strom beliefern und dies zu \u00f6ffentlich bekannt gegebenen Preisen. So ist sichergestellt, dass alle Haushaltskunden, f\u00fcr die der jeweilige Grundversorger zust\u00e4ndig ist, Energie zu den gleichen Bedingungen und Preisen erhalten k\u00f6nnen. <br \/><br \/>In der Regel schlie\u00dfen Grundversorger und Verbraucher einen Grundversorgungsvertrag ab, in dem die Einzelheiten der Belieferung festgehalten sind. Ein Grundversorgungsvertrag kommt aber auch allein dadurch zustande, wenn Haushaltskunden, z.B. nach dem Einzug in eine neue Wohnung, Strom aus dem Elektrizit\u00e4tsversorgungsnetz der allgemeinen Versorgung entnehmen, \u00fcber das der Grundversorger die Grundversorgung durchf\u00fchrt.\u00a0<br \/><br \/>Wenn ein Liefervertrag mit einem Energieversorger endet und ein neuer Energieversorger die Stromversorgung nicht aufnimmt, wird die Stromversorgung zu keinem Zeitpunkt unterbrochen. Scheitert ein Lieferantenwechsel oder muss der bisherige Stromlieferant Insolvenz anmelden, springt Kraft Gesetzes der zust\u00e4ndige Grundversorger f\u00fcr maximal drei Monate ein. Es gelten hierbei die allgemeinen Preise und Bedingungen der Grundversorgung. Die Ersatzversorgung kann w\u00e4hrend dieser drei Monate zu jedem Zeitpunkt gek\u00fcndigt und ein neuer Stromliefervertrag mit einem vom Verbraucher gew\u00e4hlten Energieversorger abgeschlossen werden. Schlie\u00dfen Verbraucher keinen neuen Liefervertrag ab und verbrauchen aber weiterhin Strom, kommt bei Haushaltskunden ein Grundversorgungsvertrag mit dem \u00f6rtlichen Grundversorger zustande. Nicht-Haushaltskunden mit einem Jahresverbrauch \u00fcber 10.000 kWh werden dann im Rahmen eines Sonderkundenvertrags weiter beliefert.<br \/><br \/>Verbraucher aus der Mittelspannung haben in der Regel einen individuellen Stromtarif. F\u00fcr sie sieht der Gesetzgeber keine Ersatzversorgung vor. Die automatische Zuordnung zum \u00f6rtlichen Grundversorger ist unzul\u00e4ssig. Diese Verbraucher m\u00fcssen sich sofort um einen neuen Stromanbieter k\u00fcmmern.\u00a0\u00a0<br \/>Rechtsgrundlage der Grundversorgung: Stromgrundversorgungsverordnung (StromGVV)<br \/><br \/><h3><span style=\"color: #000000;\">Ver\u00f6ffentlichungspflicht zur Grund-\/Ersatzversorgung Strom der EVA-Siegsdorf\u00a0<\/span><\/h3><h4><span style=\"color: #ff0000;\"><a href=\"https:\/\/www.eva-siegsdorf.de\/wordpress\/wp-content\/uploads\/2021\/12\/01StromGVV_EVA-V-41.0-2021-Grundversorgungsvertrag-StromGVV-2021.pdf\" style=\"color: #ff0000;\">&#8211; Grundversorgungsvertrag Strom &#8211; 2021<\/a><\/span><br \/><a href=\"https:\/\/www.eva-siegsdorf.de\/wordpress\/wp-content\/uploads\/2025\/11\/EVA-V-3.0-2024-Stromgrundversorgungsverordnung-StromGVV-Stand-2024.pdf\">\u2013 Stromgrundversorgungsverordnung \u2013 StromGVV \u2013 2024<\/a><br \/><span style=\"color: #ff0000;\"><a href=\"https:\/\/www.eva-siegsdorf.de\/wordpress\/wp-content\/uploads\/2021\/12\/02StromGVV_EVA-V-4.0-2021-Erg\u00e4nzende-Bedingungen-zur-StromGVV-2021.pdf\" style=\"color: #ff0000;\">&#8211; Erg\u00e4nzende Bedingungen zur StromGVV &#8211; 2021<\/a><\/span><br \/><span style=\"color: #ff0000;\"><a href=\"https:\/\/www.eva-siegsdorf.de\/wordpress\/wp-content\/uploads\/2021\/12\/06StromGVV_EVA-V-40.0-2021-Abwendungsvereinbarung-StromGVV-2021.pdf\" style=\"color: #ff0000;\">&#8211; Abwendungsvereinbarung gem\u00e4\u00df \u00a7 19 Abs. 5 StromGVV &#8211; 2021<\/a><\/span><\/h4><br \/>Hier finden Sie die <strong>Tarifbl\u00e4tter<\/strong>:<br \/><h3><br \/><span style=\"color: #000000;\">Haushaltskunden im Sinne \u00a7 3 Nr. 22 EnWG und Nicht-Haushaltskunden bis zu einem Jahresverbrauch von 100.000 kWh ohne Leistungsmessung\u00a0<br \/><\/span><\/h3><hr \/><h3><\/h3><h3><a href=\"https:\/\/www.eva-siegsdorf.de\/wordpress\/wp-content\/uploads\/2025\/11\/EVA-V-63.0-2026-Tarifblatt-Grund-und-Ersatzversorgung-Strom-gueltig-ab-01.01.2026.pdf\">Tarifblatt &#8211; Grund- und Ersatzversorgung Strom (g\u00fcltig ab 01.01.2026)<\/a><\/h3><h3><br \/><a href=\"https:\/\/www.eva-siegsdorf.de\/wordpress\/wp-content\/uploads\/2024\/11\/EVA-V-63.0-2025-Tarifblatt-Grund-und-Ersatzversorgung-Strom-gueltig-ab-01.01.2025.pdf\">Tarifblatt &#8211; Grund- und Ersatzversorgung Strom (g\u00fcltig ab 01.01.2025)<\/a><\/h3><h3><\/h3><h3><span style=\"color: #000000;\"><br \/><br \/><br \/>Nicht-Haushaltskunden ab einem Jahresverbrauch von 100.000 kWh mit Leistungsmessung g\u00fcltig ab 01.01.2025<\/span><\/h3><hr \/><h3><br \/>Tarifblatt &#8211; EVA-Ersatzversorgung f\u00fcr Nicht Haushaltskunden (g\u00fcltig ab 01.01.2025)<\/h3><h3><br \/><br \/><\/h3><h4><br \/><br \/><\/h4><h4><span style=\"color: #000000;\"><br \/><br \/><br \/><br \/><\/span><\/h4>","protected":false},"excerpt":{"rendered":"<p>EVA-Grund-\/Ersatzversorgung Die Grund-\/Ersatzversorgung mit Strom ist in Deutschland gesetzlich geregelt. Obwohl Verbraucher ihren Stromlieferanten frei w\u00e4hlen k\u00f6nnen, beziehen viele Haushalte noch immer Strom vom \u00f6rtlichen Grundversorger. Grundversorger ist im jeweiligen Verteilnetzgebiet der Energieversorger, welcher die meisten Haushaltskunden mit Strom beliefert. Im Netzgebiet der EVA Siegsdorf ist dies die Elektrizit\u00e4tsgenossenschaft Vogling &amp; Angrenzer eG. Der Grundversorger [&hellip;]<\/p>\n","protected":false},"author":2,"featured_media":0,"parent":0,"menu_order":0,"comment_status":"closed","ping_status":"closed","template":"","meta":{"footnotes":""},"class_list":["post-235","page","type-page","status-publish","hentry"],"_links":{"self":[{"href":"https:\/\/www.eva-siegsdorf.de\/wordpress\/index.php?rest_route=\/wp\/v2\/pages\/235","targetHints":{"allow":["GET"]}}],"collection":[{"href":"https:\/\/www.eva-siegsdorf.de\/wordpress\/index.php?rest_route=\/wp\/v2\/pages"}],"about":[{"href":"https:\/\/www.eva-siegsdorf.de\/wordpress\/index.php?rest_route=\/wp\/v2\/types\/page"}],"author":[{"embeddable":true,"href":"https:\/\/www.eva-siegsdorf.de\/wordpress\/index.php?rest_route=\/wp\/v2\/users\/2"}],"replies":[{"embeddable":true,"href":"https:\/\/www.eva-siegsdorf.de\/wordpress\/index.php?rest_route=%2Fwp%2Fv2%2Fcomments&post=235"}],"version-history":[{"count":71,"href":"https:\/\/www.eva-siegsdorf.de\/wordpress\/index.php?rest_route=\/wp\/v2\/pages\/235\/revisions"}],"predecessor-version":[{"id":3421,"href":"https:\/\/www.eva-siegsdorf.de\/wordpress\/index.php?rest_route=\/wp\/v2\/pages\/235\/revisions\/3421"}],"wp:attachment":[{"href":"https:\/\/www.eva-siegsdorf.de\/wordpress\/index.php?rest_route=%2Fwp%2Fv2%2Fmedia&parent=235"}],"curies":[{"name":"wp","href":"https:\/\/api.w.org\/{rel}","templated":true}]}}