{"id":131,"date":"2016-07-11T23:44:52","date_gmt":"2016-07-11T21:44:52","guid":{"rendered":"http:\/\/www.eva-siegsdorf.de\/wordpress\/?page_id=131"},"modified":"2024-11-08T10:42:20","modified_gmt":"2024-11-08T09:42:20","slug":"veroeffentlichungen","status":"publish","type":"page","link":"https:\/\/www.eva-siegsdorf.de\/wordpress\/?page_id=131","title":{"rendered":"Ver\u00f6ffentlichungen zur Stromversorgung"},"content":{"rendered":"<h4>Wichtige Ver\u00f6ffentlichungen zur Stromversorgung<\/h4>Auf dieser Seite haben wir alle f\u00fcr Sie wichtigen Ver\u00f6ffentlichungen zur Stromversorgung zusammengestellt. Mit einem Mausklick auf die jeweilige Datei k\u00f6nnen Sie das entsprechende Dokument ansehen und auf Wunsch auch downloaden.<br \/>\r\n\r\n<h4><br \/><br \/>Ansicht und Downloads &#8222;Ver\u00f6ffentlichungen zur Stromversorgung&#8220;<\/h4>\r\n\r\n <br \/><br \/><a href=\"https:\/\/www.eva-siegsdorf.de\/wordpress\/wp-content\/uploads\/2021\/12\/EVA-V-2.0-2021-ASB-Strom-EVA-Siegsdorf-Oktober-2021.pdf\">Allgemeinen Stromlieferbedingungen (ASB) &#8211; 2021<\/a><br \/><a href=\"https:\/\/www.eva-siegsdorf.de\/wordpress\/wp-content\/uploads\/2021\/12\/06StromGVV_EVA-V-40.0-2021-Abwendungsvereinbarung-StromGVV-2021.pdf\">Abwendungsvereinbarung gem\u00e4\u00df \u00a7 19 Abs. 5 StromGVV &#8211; 2021<\/a><br \/><a href=\"https:\/\/www.eva-siegsdorf.de\/wordpress\/wp-content\/uploads\/2018\/11\/Definition-Grundversorger-2019-2021.pdf\">Definition Grundversorger 2019-2021<\/a><br \/><a href=\"https:\/\/www.eva-siegsdorf.de\/wordpress\/wp-content\/uploads\/2021\/09\/Definition-Grundversorger-2021-2024.pdf\">Definition Grundversorger 2021-2024<\/a><br \/><a href=\"https:\/\/www.eva-siegsdorf.de\/wordpress\/wp-content\/uploads\/2021\/12\/EVA-V-3.0-2021-StromGVV-Stand-2021.pdf\">Stromgrundversorgungsverordnung &#8211; StromGVV &#8211; 2021<\/a><br \/><a href=\"https:\/\/www.eva-siegsdorf.de\/wordpress\/wp-content\/uploads\/2021\/12\/02StromGVV_EVA-V-4.0-2021-Erg\u00e4nzende-Bedingungen-zur-StromGVV-2021.pdf\">Erg\u00e4nzende Bedingungen zur StromGVV &#8211; 2021<\/a><br \/><a href=\"https:\/\/www.eva-siegsdorf.de\/wordpress\/wp-content\/uploads\/2024\/11\/Stromkennzeichnung-2023-1.pdf\">Stromkennzeichnung 2023<\/a><br \/><a href=\"http:\/\/www.eva-siegsdorf.de\/wordpress\/wp-content\/uploads\/2016\/07\/7.pdf\">Verbraucherservice und Schlichtungsstelle<br \/><\/a><a href=\"https:\/\/www.eva-siegsdorf.de\/wordpress\/wp-content\/uploads\/2020\/11\/EVA-N-16.0-2021-Widerrufsformular.pdf\">Widerrufsformular<\/a><br \/><br \/><br \/><a href=\"http:\/\/www.eva-siegsdorf.de\/wordpress\/?page_id=11\">&lt;&lt;&lt; zur\u00fcck<\/a><br \/>\r\n\r\n<div style=\"height: 110px !important;\"><\/div>\r\n\r\n\r\n\r\n\r\n\r\n","protected":false},"excerpt":{"rendered":"<p>Wichtige Ver\u00f6ffentlichungen zur StromversorgungAuf dieser Seite haben wir alle f\u00fcr Sie wichtigen Ver\u00f6ffentlichungen zur Stromversorgung zusammengestellt. Mit einem Mausklick auf die jeweilige Datei k\u00f6nnen Sie das entsprechende Dokument ansehen und auf Wunsch auch downloaden. Ansicht und Downloads &#8222;Ver\u00f6ffentlichungen zur Stromversorgung&#8220; Allgemeinen Stromlieferbedingungen (ASB) &#8211; 2021Abwendungsvereinbarung gem\u00e4\u00df \u00a7 19 Abs. 5 StromGVV &#8211; 2021Definition Grundversorger 2019-2021Definition [&hellip;]<\/p>\n","protected":false},"author":1,"featured_media":0,"parent":0,"menu_order":0,"comment_status":"closed","ping_status":"closed","template":"","meta":{"footnotes":""},"class_list":["post-131","page","type-page","status-publish","hentry"],"_links":{"self":[{"href":"https:\/\/www.eva-siegsdorf.de\/wordpress\/index.php?rest_route=\/wp\/v2\/pages\/131","targetHints":{"allow":["GET"]}}],"collection":[{"href":"https:\/\/www.eva-siegsdorf.de\/wordpress\/index.php?rest_route=\/wp\/v2\/pages"}],"about":[{"href":"https:\/\/www.eva-siegsdorf.de\/wordpress\/index.php?rest_route=\/wp\/v2\/types\/page"}],"author":[{"embeddable":true,"href":"https:\/\/www.eva-siegsdorf.de\/wordpress\/index.php?rest_route=\/wp\/v2\/users\/1"}],"replies":[{"embeddable":true,"href":"https:\/\/www.eva-siegsdorf.de\/wordpress\/index.php?rest_route=%2Fwp%2Fv2%2Fcomments&post=131"}],"version-history":[{"count":66,"href":"https:\/\/www.eva-siegsdorf.de\/wordpress\/index.php?rest_route=\/wp\/v2\/pages\/131\/revisions"}],"predecessor-version":[{"id":3311,"href":"https:\/\/www.eva-siegsdorf.de\/wordpress\/index.php?rest_route=\/wp\/v2\/pages\/131\/revisions\/3311"}],"wp:attachment":[{"href":"https:\/\/www.eva-siegsdorf.de\/wordpress\/index.php?rest_route=%2Fwp%2Fv2%2Fmedia&parent=131"}],"curies":[{"name":"wp","href":"https:\/\/api.w.org\/{rel}","templated":true}]}}