{"id":12,"date":"2016-07-11T15:01:36","date_gmt":"2016-07-11T13:01:36","guid":{"rendered":"http:\/\/www.eva-siegsdorf.de\/wordpress\/netz\/"},"modified":"2022-06-15T09:42:38","modified_gmt":"2022-06-15T07:42:38","slug":"netz","status":"publish","type":"page","link":"https:\/\/www.eva-siegsdorf.de\/wordpress\/?page_id=12","title":{"rendered":"ANTR\u00c4GE-Netz"},"content":{"rendered":"Das Energiewirtschaftsgesetz (EnWG) trat bereits am 07. Juli 2005 in Kraft. Seit diesem Zeitpunkt k\u00f6nnen Stromversorger bundesweit auch die Stromnetze anderer Energieversorger zur Durchleitung der elektrischen Energie nutzen. Hierf\u00fcr m\u00fcssen aber entsprechende Geb\u00fchren entrichtet werden. Dar\u00fcber hinaus k\u00f6nnen aber auch gr\u00f6\u00dfere Industrieunternehmen fremde Stromnetze geb\u00fchrenpflichtig nutzen. Die entsprechenden Geb\u00fchren der Elektrizit\u00e4tsgenossenschaft Vogling &amp; Angrenzer eG finden Sie weiter unten mit einem Mausklick auf \u201eNetzvertr\u00e4ge \/ Entgelte\u201c. Hier finden Sie ebenso den Button &#8222;Netzanschluss&#8220; sowie alles Notwendige f\u00fcr den Fall, dass Sie einen Baustromanschluss ben\u00f6tigen (&#8222;Planauskunft&#8220;).<br \/><br \/><br \/><br \/><table style=\"background-color: #e3e3e3; border: none; width: 100%;\" cellpadding=\"0\"><tbody><tr><td style=\"width: 40%;\"><a href=\"http:\/\/www.eva-siegsdorf.de\/wordpress\/wp-content\/uploads\/2016\/07\/Textfoto-Netz-Siegsdorf.jpg\"><img loading=\"lazy\" decoding=\"async\" class=\"wpimgload  alignnone wp-image-705 size-medium\" src=\"http:\/\/www.eva-siegsdorf.de\/wordpress\/wp-content\/uploads\/2016\/07\/Textfoto-Netz-Siegsdorf-300x200.jpg\" height=\"200\" width=\"300\" srcset=\"https:\/\/www.eva-siegsdorf.de\/wordpress\/wp-content\/uploads\/2016\/07\/Textfoto-Netz-Siegsdorf-300x200.jpg 300w, https:\/\/www.eva-siegsdorf.de\/wordpress\/wp-content\/uploads\/2016\/07\/Textfoto-Netz-Siegsdorf-768x512.jpg 768w, https:\/\/www.eva-siegsdorf.de\/wordpress\/wp-content\/uploads\/2016\/07\/Textfoto-Netz-Siegsdorf-1024x683.jpg 1024w, https:\/\/www.eva-siegsdorf.de\/wordpress\/wp-content\/uploads\/2016\/07\/Textfoto-Netz-Siegsdorf.jpg 1200w\" sizes=\"auto, (max-width: 300px) 100vw, 300px\" \/><\/a><\/td><td style=\"width: 60%; padding: 0 20px;\"><h4>Das regionale Stromnetz der EVA<\/h4>Das Stromnetz der Elektrizit\u00e4tsgenossenschaft Vogling &amp; Angrenzer eG, das aktuell insgesamt 370 km umfasst und mittlerweile eine Versorgungsfl\u00e4che von 5,96 km<sup>2<\/sup> erreicht hat, wird von unserem erfahrenen und hochqualifizierten Netzleitungsteam in regelm\u00e4\u00dfigen Zeitabst\u00e4nden sorgf\u00e4ltigst kontrolliert und gewartet, damit Sie sich stets auf eine sichere Versorgung mit elektrischer Energie verlassen k\u00f6nnen. Im selten vorkommenden St\u00f6rungsfall sind diese Mitarbeiter schnellstens vor Ort, um eventuelle Sch\u00e4den sofort zu beheben. Auch das verstehen wir unter einem verantwortungsbewussten, kundenorientierten Service.<\/td><\/tr><\/tbody><\/table><br \/><h5><br \/><br \/>zu den wichtigsten Informationen:<br \/><br \/><\/h5><a href=\"http:\/\/www.eva-siegsdorf.de\/wordpress\/?page_id=124\"><img loading=\"lazy\" decoding=\"async\" class=\" alignnone wp-image-2196 size-full\" src=\"http:\/\/www.eva-siegsdorf.de\/wordpress\/wp-content\/uploads\/2016\/07\/Seite-Netz-Buttonfoto-Netzanschluss-neu.jpg\" height=\"210\" width=\"315\" srcset=\"https:\/\/www.eva-siegsdorf.de\/wordpress\/wp-content\/uploads\/2016\/07\/Seite-Netz-Buttonfoto-Netzanschluss-neu.jpg 315w, https:\/\/www.eva-siegsdorf.de\/wordpress\/wp-content\/uploads\/2016\/07\/Seite-Netz-Buttonfoto-Netzanschluss-neu-300x200.jpg 300w\" sizes=\"auto, (max-width: 315px) 100vw, 315px\" \/><\/a><a href=\"http:\/\/www.eva-siegsdorf.de\/wordpress\/?page_id=309\"><img loading=\"lazy\" decoding=\"async\" class=\" alignnone wp-image-2194 size-full\" src=\"http:\/\/www.eva-siegsdorf.de\/wordpress\/wp-content\/uploads\/2016\/07\/Seite-Netz-Buttonfoto-Netzvertraege-neu.jpg\" height=\"210\" width=\"315\" srcset=\"https:\/\/www.eva-siegsdorf.de\/wordpress\/wp-content\/uploads\/2016\/07\/Seite-Netz-Buttonfoto-Netzvertraege-neu.jpg 315w, https:\/\/www.eva-siegsdorf.de\/wordpress\/wp-content\/uploads\/2016\/07\/Seite-Netz-Buttonfoto-Netzvertraege-neu-300x200.jpg 300w\" sizes=\"auto, (max-width: 315px) 100vw, 315px\" \/><\/a><a href=\"http:\/\/www.eva-siegsdorf.de\/wordpress\/?page_id=311\"><img loading=\"lazy\" decoding=\"async\" class=\" alignnone wp-image-2198 size-full\" src=\"http:\/\/www.eva-siegsdorf.de\/wordpress\/wp-content\/uploads\/2016\/07\/Seite-Netz-Buttonfoto-Planauskunft-neu.jpg\" height=\"210\" width=\"315\" srcset=\"https:\/\/www.eva-siegsdorf.de\/wordpress\/wp-content\/uploads\/2016\/07\/Seite-Netz-Buttonfoto-Planauskunft-neu.jpg 315w, https:\/\/www.eva-siegsdorf.de\/wordpress\/wp-content\/uploads\/2016\/07\/Seite-Netz-Buttonfoto-Planauskunft-neu-300x200.jpg 300w\" sizes=\"auto, (max-width: 315px) 100vw, 315px\" \/><\/a><h4><span style=\"color: #000000;\">\u00a0 Antr\u00e4ge f\u00fcr Strombezug\/-einspeisung<\/span><\/h4><span style=\"color: #000000;\">\r\n\r\n<\/span><h4><br \/><a href=\"http:\/\/www.eva-siegsdorf.de\/wordpress\/?page_id=313\"><img loading=\"lazy\" decoding=\"async\" class=\" alignnone wp-image-738\" alt=\"Textfoto-Netz-Button-VeroeffNETZ\" src=\"http:\/\/www.eva-siegsdorf.de\/wordpress\/wp-content\/uploads\/2016\/07\/Textfoto-Netz-Button-VeroeffNETZ.jpg\" height=\"51\" width=\"500\" srcset=\"https:\/\/www.eva-siegsdorf.de\/wordpress\/wp-content\/uploads\/2016\/07\/Textfoto-Netz-Button-VeroeffNETZ.jpg 680w, https:\/\/www.eva-siegsdorf.de\/wordpress\/wp-content\/uploads\/2016\/07\/Textfoto-Netz-Button-VeroeffNETZ-300x31.jpg 300w\" sizes=\"auto, (max-width: 500px) 100vw, 500px\" \/><\/a><br \/><br \/><br \/><br \/><br \/>Das regionale EVA-Netzgebiet<\/h4>\r\n<a href=\"https:\/\/www.eva-siegsdorf.de\/wordpress\/wp-content\/uploads\/2016\/07\/Netzkarte-EVA-neu-2.jpg\"><img loading=\"lazy\" decoding=\"async\" class=\"wpimgload aligncenter wp-image-1641 size-full\" src=\"https:\/\/www.eva-siegsdorf.de\/wordpress\/wp-content\/uploads\/2016\/07\/Netzkarte-EVA-neu-2.jpg\" height=\"655\" width=\"900\" alt=\"\" srcset=\"https:\/\/www.eva-siegsdorf.de\/wordpress\/wp-content\/uploads\/2016\/07\/Netzkarte-EVA-neu-2.jpg 900w, https:\/\/www.eva-siegsdorf.de\/wordpress\/wp-content\/uploads\/2016\/07\/Netzkarte-EVA-neu-2-300x218.jpg 300w, https:\/\/www.eva-siegsdorf.de\/wordpress\/wp-content\/uploads\/2016\/07\/Netzkarte-EVA-neu-2-768x559.jpg 768w\" sizes=\"auto, (max-width: 900px) 100vw, 900px\" \/><\/a>\r\n\r\n<div style=\"height: 250px !important;\"><\/div>","protected":false},"excerpt":{"rendered":"<p>Das Energiewirtschaftsgesetz (EnWG) trat bereits am 07. Juli 2005 in Kraft. Seit diesem Zeitpunkt k\u00f6nnen Stromversorger bundesweit auch die Stromnetze anderer Energieversorger zur Durchleitung der elektrischen Energie nutzen. Hierf\u00fcr m\u00fcssen aber entsprechende Geb\u00fchren entrichtet werden. Dar\u00fcber hinaus k\u00f6nnen aber auch gr\u00f6\u00dfere Industrieunternehmen fremde Stromnetze geb\u00fchrenpflichtig nutzen. Die entsprechenden Geb\u00fchren der Elektrizit\u00e4tsgenossenschaft Vogling &amp; Angrenzer eG [&hellip;]<\/p>\n","protected":false},"author":1,"featured_media":0,"parent":0,"menu_order":5,"comment_status":"closed","ping_status":"closed","template":"","meta":{"footnotes":""},"class_list":["post-12","page","type-page","status-publish","hentry"],"_links":{"self":[{"href":"https:\/\/www.eva-siegsdorf.de\/wordpress\/index.php?rest_route=\/wp\/v2\/pages\/12","targetHints":{"allow":["GET"]}}],"collection":[{"href":"https:\/\/www.eva-siegsdorf.de\/wordpress\/index.php?rest_route=\/wp\/v2\/pages"}],"about":[{"href":"https:\/\/www.eva-siegsdorf.de\/wordpress\/index.php?rest_route=\/wp\/v2\/types\/page"}],"author":[{"embeddable":true,"href":"https:\/\/www.eva-siegsdorf.de\/wordpress\/index.php?rest_route=\/wp\/v2\/users\/1"}],"replies":[{"embeddable":true,"href":"https:\/\/www.eva-siegsdorf.de\/wordpress\/index.php?rest_route=%2Fwp%2Fv2%2Fcomments&post=12"}],"version-history":[{"count":110,"href":"https:\/\/www.eva-siegsdorf.de\/wordpress\/index.php?rest_route=\/wp\/v2\/pages\/12\/revisions"}],"predecessor-version":[{"id":3098,"href":"https:\/\/www.eva-siegsdorf.de\/wordpress\/index.php?rest_route=\/wp\/v2\/pages\/12\/revisions\/3098"}],"wp:attachment":[{"href":"https:\/\/www.eva-siegsdorf.de\/wordpress\/index.php?rest_route=%2Fwp%2Fv2%2Fmedia&parent=12"}],"curies":[{"name":"wp","href":"https:\/\/api.w.org\/{rel}","templated":true}]}}