{"id":111,"date":"2016-07-11T19:31:05","date_gmt":"2016-07-11T17:31:05","guid":{"rendered":"http:\/\/www.eva-siegsdorf.de\/wordpress\/?page_id=111"},"modified":"2025-12-16T10:29:07","modified_gmt":"2025-12-16T09:29:07","slug":"zaehlerstandsmeldung","status":"publish","type":"page","link":"https:\/\/www.eva-siegsdorf.de\/wordpress\/?page_id=111","title":{"rendered":"Z\u00e4hlerstandmeldung"},"content":{"rendered":"<span style=\"color: #e41113; font-weight: bold;\">EVA-Online-Service\u00a0<\/span><br \/>Sie wollen uns Ihren Z\u00e4hlerstand online mitteilen? Dann f\u00fcllen Sie bitte das unten stehende Formular sorgf\u00e4ltig aus. Ihre Daten werden automatisch an unser Serviceteam \u00fcbermittelt. Vielen Dank f\u00fcr Ihre M\u00fche.\r\n<br \/><br \/><span style=\"color: #ff0000;\"><em>Aktuell kann es zu einer zeitlichen Verz\u00f6gerung bei der der Zustellung Ihrer E-Mailbest\u00e4tigung (falls gew\u00fcnscht) kommen.<\/em><\/span><br \/>\r\n\u00a0\r\n\r\n<h4>Ihre Z\u00e4hlerstandmeldung<br \/><br \/><br \/><\/h4>\r\n\r\n\n<div class=\"wpcf7 no-js\" id=\"wpcf7-f112-o1\" lang=\"de-DE\" dir=\"ltr\" data-wpcf7-id=\"112\">\n<div class=\"screen-reader-response\"><p role=\"status\" aria-live=\"polite\" aria-atomic=\"true\"><\/p> <ul><\/ul><\/div>\n<form action=\"\/wordpress\/index.php?rest_route=%2Fwp%2Fv2%2Fpages%2F111#wpcf7-f112-o1\" method=\"post\" class=\"wpcf7-form init\" aria-label=\"Kontaktformular\" novalidate=\"novalidate\" data-status=\"init\">\n<fieldset class=\"hidden-fields-container\"><input type=\"hidden\" name=\"_wpcf7\" value=\"112\" \/><input type=\"hidden\" name=\"_wpcf7_version\" value=\"6.1.1\" \/><input type=\"hidden\" name=\"_wpcf7_locale\" value=\"de_DE\" \/><input type=\"hidden\" name=\"_wpcf7_unit_tag\" value=\"wpcf7-f112-o1\" \/><input type=\"hidden\" name=\"_wpcf7_container_post\" value=\"0\" \/><input type=\"hidden\" name=\"_wpcf7_posted_data_hash\" value=\"\" \/>\n<\/fieldset>\n<table style=\"width:100%\">\n\t<tr>\n\t\t<td style=\"width:24.5%;\">\n\t\t<\/td>\n\t\t<td>\n\t\t\t<p><span class=\"wpcf7-form-control-wrap\" data-name=\"radio-394\"><span class=\"wpcf7-form-control wpcf7-radio\"><span class=\"wpcf7-list-item first\"><input type=\"radio\" name=\"radio-394\" value=\"Herr\" checked=\"checked\" \/><span class=\"wpcf7-list-item-label\">Herr<\/span><\/span><span class=\"wpcf7-list-item last\"><input type=\"radio\" name=\"radio-394\" value=\"Frau\" \/><span class=\"wpcf7-list-item-label\">Frau<\/span><\/span><\/span><\/span>\n\t\t\t<\/p>\n\t\t<\/td>\n\t<\/tr>\n\t<tr>\n\t\t<td style=\"width:24.5%;\">\n\t\t\t<p style=\"font-size:18px !important;\">Kundennummer\n\t\t\t<\/p>\n\t\t<\/td>\n\t\t<td>\n\t\t\t<p><span class=\"wpcf7-form-control-wrap\" data-name=\"text-851\"><input size=\"40\" maxlength=\"400\" class=\"wpcf7-form-control wpcf7-text\" aria-invalid=\"false\" value=\"\" type=\"text\" name=\"text-851\" \/><\/span>\n\t\t\t<\/p>\n\t\t<\/td>\n\t<\/tr>\n\t<tr>\n\t\t<td>\n\t\t\t<p style=\"font-size:18px !important;\">Vorname*\n\t\t\t<\/p>\n\t\t<\/td>\n\t\t<td>\n\t\t\t<p><span class=\"wpcf7-form-control-wrap\" data-name=\"text-852\"><input size=\"40\" maxlength=\"400\" class=\"wpcf7-form-control wpcf7-text wpcf7-validates-as-required\" aria-required=\"true\" aria-invalid=\"false\" value=\"\" type=\"text\" name=\"text-852\" \/><\/span>\n\t\t\t<\/p>\n\t\t<\/td>\n\t<\/tr>\n\t<tr>\n\t\t<td>\n\t\t\t<p style=\"font-size:18px !important;\">Name*\n\t\t\t<\/p>\n\t\t<\/td>\n\t\t<td>\n\t\t\t<p><span class=\"wpcf7-form-control-wrap\" data-name=\"text-853\"><input size=\"40\" maxlength=\"400\" class=\"wpcf7-form-control wpcf7-text wpcf7-validates-as-required\" aria-required=\"true\" aria-invalid=\"false\" value=\"\" type=\"text\" name=\"text-853\" \/><\/span>\n\t\t\t<\/p>\n\t\t<\/td>\n\t<\/tr>\n\t<tr>\n\t\t<td>\n\t\t\t<p style=\"font-size:18px !important;\">Firma\n\t\t\t<\/p>\n\t\t<\/td>\n\t\t<td>\n\t\t\t<p><span class=\"wpcf7-form-control-wrap\" data-name=\"text-854\"><input size=\"40\" maxlength=\"400\" class=\"wpcf7-form-control wpcf7-text\" aria-invalid=\"false\" value=\"\" type=\"text\" name=\"text-854\" \/><\/span>\n\t\t\t<\/p>\n\t\t<\/td>\n\t<\/tr>\n\t<tr>\n\t\t<td>\n\t\t\t<p style=\"font-size:18px !important;\">Stra\u00dfe, Nr.*\n\t\t\t<\/p>\n\t\t<\/td>\n\t\t<td>\n\t\t\t<p><span class=\"wpcf7-form-control-wrap\" data-name=\"text-855\"><input size=\"40\" maxlength=\"400\" class=\"wpcf7-form-control wpcf7-text wpcf7-validates-as-required\" aria-required=\"true\" aria-invalid=\"false\" value=\"\" type=\"text\" name=\"text-855\" \/><\/span>\n\t\t\t<\/p>\n\t\t<\/td>\n\t<\/tr>\n\t<tr>\n\t\t<td>\n\t\t\t<p style=\"font-size:18px !important;\">PLZ \/ Ort*\n\t\t\t<\/p>\n\t\t<\/td>\n\t\t<td>\n\t\t\t<p><span class=\"wpcf7-form-control-wrap\" data-name=\"text-856\"><input size=\"40\" maxlength=\"400\" class=\"wpcf7-form-control wpcf7-text wpcf7-validates-as-required\" aria-required=\"true\" aria-invalid=\"false\" value=\"\" type=\"text\" name=\"text-856\" \/><\/span>\n\t\t\t<\/p>\n\t\t<\/td>\n\t<\/tr>\n\t<tr>\n\t\t<td>\n\t\t\t<p style=\"font-size:18px !important;\">Z\u00e4hler-Nr.*\n\t\t\t<\/p>\n\t\t<\/td>\n\t\t<td>\n\t\t\t<p><span class=\"wpcf7-form-control-wrap\" data-name=\"text-857\"><input size=\"40\" maxlength=\"400\" class=\"wpcf7-form-control wpcf7-text wpcf7-validates-as-required\" aria-required=\"true\" aria-invalid=\"false\" value=\"\" type=\"text\" name=\"text-857\" \/><\/span>\n\t\t\t<\/p>\n\t\t<\/td>\n\t<\/tr>\n<\/table>\n<table style=\"width:100%; margin-top:20px; margin-bottom:0px;\">\n\t<tr style=\"margin-top:20px; margin-bottom:20px;\">\n\t\t<td style=\"width:230px;margin-top:20px; margin-bottom:20px;\">\n\t\t\t<p style=\"font-size:18px !important;\">Z\u00e4hlerstand*\n\t\t\t<\/p>\n\t\t<\/td>\n\t\t<td style=\"margin-top:20px; margin-bottom:20px;\">\n\t\t\t<p style=\"font-size:18px !important;\">ET <span style=\"font-size:70%;\">(Eintarif \/ 1.8.0.)<\/span>\n\t\t\t<\/p>\n\t\t\t<p><span class=\"wpcf7-form-control-wrap\" data-name=\"your-et\"><input size=\"40\" maxlength=\"400\" class=\"wpcf7-form-control wpcf7-text wpcf7-validates-as-required\" aria-required=\"true\" aria-invalid=\"false\" value=\"\" type=\"text\" name=\"your-et\" \/><\/span> kWh\n\t\t\t<\/p>\n\t\t<\/td>\n\t\t<td style=\"margin-top:20px; margin-bottom:20px;\">\n\t\t\t<p style=\"font-size:18px !important;\">HT <span style=\"font-size:70%;\">(Hochtarif \/ 1.8.1. \/ T1)<\/span>\n\t\t\t<\/p>\n\t\t\t<p><span class=\"wpcf7-form-control-wrap\" data-name=\"your-ht\"><input size=\"40\" maxlength=\"400\" class=\"wpcf7-form-control wpcf7-text wpcf7-validates-as-required\" aria-required=\"true\" aria-invalid=\"false\" value=\"\" type=\"text\" name=\"your-ht\" \/><\/span> kWh\n\t\t\t<\/p>\n\t\t<\/td>\n\t\t<td style=\"margin-top:20px; margin-bottom:20px;\">\n\t\t\t<p style=\"font-size:18px !important;\">NT <span style=\"font-size:70%;\">(Niedertarif \/ 1.8.2. \/ T2)<\/span>\n\t\t\t<\/p>\n\t\t\t<p><span class=\"wpcf7-form-control-wrap\" data-name=\"your-nt\"><input size=\"40\" maxlength=\"400\" class=\"wpcf7-form-control wpcf7-text wpcf7-validates-as-required\" aria-required=\"true\" aria-invalid=\"false\" value=\"\" type=\"text\" name=\"your-nt\" \/><\/span> kWh\n\t\t\t<\/p>\n\t\t<\/td>\n\t<\/tr>\n\t<tr style=\"margin-top:20px; margin-bottom:20px;\">\n\t\t<td style=\"width:230px;margin-top:20px; margin-bottom:20px;\">\n\t\t<\/td>\n\t\t<td style=\"margin-top:20px; margin-bottom:20px;\">\n\t\t\t<p style=\"font-size:18px !important;\">Lieferung\/Erzeugung <span style=\"font-size:70%;\">(2.8.0.)<\/span>\n\t\t\t<\/p>\n\t\t\t<p><span class=\"wpcf7-form-control-wrap\" data-name=\"your-lief-erz\"><input size=\"40\" maxlength=\"400\" class=\"wpcf7-form-control wpcf7-text\" aria-invalid=\"false\" value=\"\" type=\"text\" name=\"your-lief-erz\" \/><\/span> kWh\n\t\t\t<\/p>\n\t\t<\/td>\n\t\t<td style=\"margin-top:20px; margin-bottom:20px;\">\n\t\t<\/td>\n\t\t<td style=\"margin-top:20px; margin-bottom:20px;\">\n\t\t<\/td>\n\t<\/tr>\n<\/table>\n<table style=\"width:100%; margin-top:0px; margin-bottom:20px;\">\n\t<tr style=\"margin-top:0px; margin-bottom:20px;\">\n\t\t<td style=\"width:24.5%;\">\n\t\t\t<p style=\"font-size:18px !important;\">\n\t\t\t<\/p>\n\t\t<\/td>\n\t\t<td style=\"style=\"color:red !important;\">\n\t\t\t<p style=\"color:red !important;\">In die Tariffelder, die f\u00fcr Sie nicht in Frage kommen, bitte ein \u201eX\u201c eintragen!\n\t\t\t<\/p>\n\t\t<\/td>\n\t<\/tr>\n<\/table>\n<table style=\"width:100%\">\n\t<tr>\n\t\t<td width=\"230px\">\n\t\t\t<p style=\"font-size:18px !important;\">Ablesedatum*\n\t\t\t<\/p>\n\t\t<\/td>\n\t\t<td>\n\t\t\t<p><span class=\"wpcf7-form-control-wrap\" data-name=\"text-858\"><input size=\"40\" maxlength=\"400\" class=\"wpcf7-form-control wpcf7-text wpcf7-validates-as-required\" aria-required=\"true\" aria-invalid=\"false\" value=\"\" type=\"text\" name=\"text-858\" \/><\/span>\n\t\t\t<\/p>\n\t\t<\/td>\n\t<\/tr>\n<\/table>\n<table style=\"width:100%\">\n\t<tr>\n\t\t<td width=\"230\">\n\t\t\t<p style=\"font-size:18px !important;\">Ablesegrund*\n\t\t\t<\/p>\n\t\t<\/td>\n\t\t<td>\n\t\t\t<p><span class=\"wpcf7-form-control-wrap\" data-name=\"radio-646\"><span class=\"wpcf7-form-control wpcf7-radio\"><span class=\"wpcf7-list-item first\"><input type=\"radio\" name=\"radio-646\" value=\"Jahresablesung\" checked=\"checked\" \/><span class=\"wpcf7-list-item-label\">Jahresablesung<\/span><\/span><span class=\"wpcf7-list-item\"><input type=\"radio\" name=\"radio-646\" value=\"Lieferbeginn\" \/><span class=\"wpcf7-list-item-label\">Lieferbeginn<\/span><\/span><span class=\"wpcf7-list-item last\"><input type=\"radio\" name=\"radio-646\" value=\"Lieferende\" \/><span class=\"wpcf7-list-item-label\">Lieferende<\/span><\/span><\/span><\/span>\n\t\t\t<\/p>\n\t\t<\/td>\n\t<\/tr>\n<\/table>\n<table style=\"width:100%; margin-top:20px; margin-bottom:20px;\">\n\t<tr style=\"margin-top:20px; margin-bottom:20px;\">\n\t\t<td style=\"width:230px;margin-top:20px; margin-bottom:20px;\">\n\t\t\t<p style=\"font-size:18px !important;\">F\u00fcr R\u00fcckfragen\n\t\t\t<\/p>\n\t\t<\/td>\n\t\t<td style=\"margin-top:20px; margin-bottom:20px;\">\n\t\t\t<p style=\"font-size:18px !important;\">Telefon\n\t\t\t<\/p>\n\t\t\t<p><span class=\"wpcf7-form-control-wrap\" data-name=\"your-tele\"><input size=\"40\" maxlength=\"400\" class=\"wpcf7-form-control wpcf7-text\" aria-invalid=\"false\" value=\"\" type=\"text\" name=\"your-tele\" \/><\/span>\n\t\t\t<\/p>\n\t\t<\/td>\n\t\t<td style=\"margin-top:20px; margin-bottom:20px;\">\n\t\t\t<p style=\"font-size:18px !important;\">E-Mail-Adresse\n\t\t\t<\/p>\n\t\t\t<p><span class=\"wpcf7-form-control-wrap\" data-name=\"your-email\"><input size=\"40\" maxlength=\"400\" class=\"wpcf7-form-control wpcf7-text\" aria-invalid=\"false\" value=\"\" type=\"text\" name=\"your-email\" \/><\/span>\n\t\t\t<\/p>\n\t\t<\/td>\n\t<\/tr>\n<\/table>\n<table style=\"width:100%;\">\n\t<tr>\n\t\t<td style=\"width:230px; vertical-align:top;\">\n\t\t\t<p style=\"font-size:18px !important;\">Mitteilungen\n\t\t\t<\/p>\n\t\t<\/td>\n\t\t<td style=\"\">\n\t\t\t<p><span class=\"wpcf7-form-control-wrap\" data-name=\"textarea-194\"><textarea cols=\"40\" rows=\"10\" maxlength=\"2000\" class=\"wpcf7-form-control wpcf7-textarea\" aria-invalid=\"false\" name=\"textarea-194\"><\/textarea><\/span>\n\t\t\t<\/p>\n\t\t\t<p style=\"margin-bottom:10px;\">Die oben abgefragten Daten dienen der korrekten Zuordnung der \u00fcbermittelten Z\u00e4hlerst\u00e4nde zur entsprechenden Abnahmestelle bzw. zum richtigen Vertrag. Es wird empfohlen, eine E-Mail-Adresse oder Telefonnummer anzugeben, damit wir Sie bei Problemen mit der Zuordnung oder der Plausibilit\u00e4t des Z\u00e4hlerstandes kontaktieren k\u00f6nnen.\n\t\t\t<\/p>\n\t\t\t<p><span class=\"wpcf7-form-control-wrap\" data-name=\"acceptance-175\"><span class=\"wpcf7-form-control wpcf7-acceptance\"><span class=\"wpcf7-list-item\"><input type=\"checkbox\" name=\"acceptance-175\" value=\"1\" aria-invalid=\"false\" \/><\/span><\/span><\/span> Ich habe die Datenschutzerkl\u00e4rung zur Kenntnis genommen.\n\t\t\t<\/p>\n\t\t\t<p style=\"margin-top:20px;\"><input class=\"wpcf7-form-control wpcf7-submit has-spinner\" type=\"submit\" value=\"Absenden\" \/>\n\t\t\t<\/p>\n\t\t\t<div style=\"color:red !important;margin-top:30px !important;line-height:60px !important;\">\n\t\t\t\t<p>Die mit * gekennzeichneten Felder sind Pflichtfelder und m\u00fcssen unbedingt ausgef\u00fcllt werden.\n\t\t\t\t<\/p>\n\t\t\t<\/div>\n\t\t<\/td>\n\t<\/tr>\n<\/table><div class=\"wpcf7-response-output\" aria-hidden=\"true\"><\/div>\n<\/form>\n<\/div>\n<br \/>\r\n","protected":false},"excerpt":{"rendered":"<p>EVA-Online-Service\u00a0Sie wollen uns Ihren Z\u00e4hlerstand online mitteilen? Dann f\u00fcllen Sie bitte das unten stehende Formular sorgf\u00e4ltig aus. Ihre Daten werden automatisch an unser Serviceteam \u00fcbermittelt. Vielen Dank f\u00fcr Ihre M\u00fche. Aktuell kann es zu einer zeitlichen Verz\u00f6gerung bei der der Zustellung Ihrer E-Mailbest\u00e4tigung (falls gew\u00fcnscht) kommen. \u00a0 Ihre Z\u00e4hlerstandmeldung<\/p>\n","protected":false},"author":1,"featured_media":0,"parent":0,"menu_order":0,"comment_status":"closed","ping_status":"closed","template":"","meta":{"footnotes":""},"class_list":["post-111","page","type-page","status-publish","hentry"],"_links":{"self":[{"href":"https:\/\/www.eva-siegsdorf.de\/wordpress\/index.php?rest_route=\/wp\/v2\/pages\/111","targetHints":{"allow":["GET"]}}],"collection":[{"href":"https:\/\/www.eva-siegsdorf.de\/wordpress\/index.php?rest_route=\/wp\/v2\/pages"}],"about":[{"href":"https:\/\/www.eva-siegsdorf.de\/wordpress\/index.php?rest_route=\/wp\/v2\/types\/page"}],"author":[{"embeddable":true,"href":"https:\/\/www.eva-siegsdorf.de\/wordpress\/index.php?rest_route=\/wp\/v2\/users\/1"}],"replies":[{"embeddable":true,"href":"https:\/\/www.eva-siegsdorf.de\/wordpress\/index.php?rest_route=%2Fwp%2Fv2%2Fcomments&post=111"}],"version-history":[{"count":95,"href":"https:\/\/www.eva-siegsdorf.de\/wordpress\/index.php?rest_route=\/wp\/v2\/pages\/111\/revisions"}],"predecessor-version":[{"id":3451,"href":"https:\/\/www.eva-siegsdorf.de\/wordpress\/index.php?rest_route=\/wp\/v2\/pages\/111\/revisions\/3451"}],"wp:attachment":[{"href":"https:\/\/www.eva-siegsdorf.de\/wordpress\/index.php?rest_route=%2Fwp%2Fv2%2Fmedia&parent=111"}],"curies":[{"name":"wp","href":"https:\/\/api.w.org\/{rel}","templated":true}]}}